{"id":303730,"date":"2024-04-27T10:09:14","date_gmt":"2024-04-27T10:09:14","guid":{"rendered":"https:\/\/occasions-teile.ch\/product\/vw-passat-achsschenkel-vorn-rechts-2\/"},"modified":"2024-05-29T20:54:42","modified_gmt":"2024-05-29T20:54:42","slug":"vw-passat-achsschenkel-vorn-rechts-2","status":"publish","type":"product","link":"https:\/\/occasions-teile.ch\/en\/produkt\/vw-passat-achsschenkel-vorn-rechts-2\/","title":{"rendered":"VW Passat  Achsschenkel vorn rechts"},"content":{"rendered":"<p><span><b>Technische Daten<\/b><\/p>\n<p> Fahrzeug: VW Passat<br \/>\n Chassis Nr.: WVWZZZ3CZHP028767<br \/>\n Baujahr: 2017<br \/>\n Kilometer: 150000 KM<br \/>\n Leistung: 150 KW<br \/>\n Hubraum: 1499 ccm<br \/>\n Typ: X<br \/>\n Farbcode: silberblau<br \/>\n Hinweise: &#8211;<\/p>\n<p> Versand: Versand nur in der Schweiz m\u00f6glich.Im Ausland ist der Transport k\u00e4uferseits.<br \/>\n Garantie: 3 Monate Garantie. Bitte beachten Sie, dass die Gew\u00e4hrleistung nur g\u00fcltig ist, wenn der Ersatzteileinbau durch eine Fachwerkstatt\/Meisterwerkstatt erfolgt. Das Ein- und Ausbau des Ersatzteiles kann nicht an uns verrechnet werden. <\/p>\n<p> Ersatzteil: f\u00fcr andere Fahrzeugen (Marken) verf\u00fcgbar auf anfrage. Tel.041 980 27 47. Mobil. 076 589 27 47<\/p>\n<p> Kontakt<br \/>\n  Adresse: Autoverwertung Brun AG<br \/>\n           M\u00f6\u00f6slimatten 13<br \/>\n           6218 Ettiswil<br \/>\n  Telefon: 0041 (041) 980 27 47<br \/>\n  Telefax: 0041 (041) 980 03 47<\/p>\n<p> Wir bieten Ihnen weitere gebrauchte Autoteile zum Kauf an.<br \/>\n Tags: Achsschenkel vorn rechts, Knuckle front right , Fuse\u00b4e de roue avant droite<br \/>\n<\/span><\/p>\n","protected":false},"excerpt":{"rendered":"<p>Technische Daten Fahrzeug: VW Passat Chassis Nr.: WVWZZZ3CZHP028767 Baujahr: 2017 Kilometer: 150000 KM Leistung: 150 KW Hubraum: 1499 ccm Typ: X Farbcode: silberblau Hinweise: &#8211; Versand: Versand nur in der Schweiz m\u00f6glich.Im Ausland ist der Transport k\u00e4uferseits. Garantie: 3 Monate Garantie. Bitte beachten Sie, dass die Gew\u00e4hrleistung nur g\u00fcltig ist, wenn der Ersatzteileinbau durch eine&hellip; <a class=\"more-link\" href=\"https:\/\/occasions-teile.ch\/en\/produkt\/vw-passat-achsschenkel-vorn-rechts-2\/\">Continue reading <span class=\"screen-reader-text\">VW Passat  Achsschenkel vorn rechts<\/span><\/a><\/p>\n","protected":false},"featured_media":303727,"template":"","meta":[],"product_brand":[],"product_cat":[23913,19900,795,542,541,541,795,542,795,1299,1299,1299,542,541,1280,1280,1280,6836,6836,6836],"product_tag":[],"class_list":{"0":"post-303730","1":"product","2":"type-product","3":"status-publish","4":"has-post-thumbnail","6":"product_cat-de-2-0-variant-tdi-de_passat-de_volkswagen-manufacturer-71","7":"product_cat-de-2-0-variant-tdi-de_passat-de_volkswagen-manufacturer-57","8":"product_cat-de-achsschenkel-vorn-rechts","9":"product_cat-de-achsschenkel-radnaben","10":"product_cat-de-fahrwerk-lenkung","15":"product_cat-de_passat","20":"product_cat-de_volkswagen","23":"product_cat-de-wvwzzz3czhp028767-200000226","26":"product_shipping_class-tarif-1","27":"entry","29":"first","30":"instock","31":"taxable","32":"shipping-taxable","33":"purchasable","34":"product-type-simple"},"jetpack_sharing_enabled":true,"_links":{"self":[{"href":"https:\/\/occasions-teile.ch\/en\/wp-json\/wp\/v2\/product\/303730","targetHints":{"allow":["GET"]}}],"collection":[{"href":"https:\/\/occasions-teile.ch\/en\/wp-json\/wp\/v2\/product"}],"about":[{"href":"https:\/\/occasions-teile.ch\/en\/wp-json\/wp\/v2\/types\/product"}],"wp:featuredmedia":[{"embeddable":true,"href":"https:\/\/occasions-teile.ch\/en\/wp-json\/wp\/v2\/media\/303727"}],"wp:attachment":[{"href":"https:\/\/occasions-teile.ch\/en\/wp-json\/wp\/v2\/media?parent=303730"}],"wp:term":[{"taxonomy":"product_brand","embeddable":true,"href":"https:\/\/occasions-teile.ch\/en\/wp-json\/wp\/v2\/product_brand?post=303730"},{"taxonomy":"product_cat","embeddable":true,"href":"https:\/\/occasions-teile.ch\/en\/wp-json\/wp\/v2\/product_cat?post=303730"},{"taxonomy":"product_tag","embeddable":true,"href":"https:\/\/occasions-teile.ch\/en\/wp-json\/wp\/v2\/product_tag?post=303730"}],"curies":[{"name":"wp","href":"https:\/\/api.w.org\/{rel}","templated":true}]}}