{"id":303609,"date":"2024-04-27T08:25:45","date_gmt":"2024-04-27T08:25:45","guid":{"rendered":"https:\/\/occasions-teile.ch\/product\/vw-polo-motorsteuergeraet-5\/"},"modified":"2024-05-25T04:42:17","modified_gmt":"2024-05-25T04:42:17","slug":"vw-polo-motorsteuergeraet-5","status":"publish","type":"product","link":"https:\/\/occasions-teile.ch\/en\/produkt\/vw-polo-motorsteuergeraet-5\/","title":{"rendered":"VW Polo  Motorsteuerger\u00e4t"},"content":{"rendered":"<p><span><b>Technische Daten<\/b><\/p>\n<p> Fahrzeug: VW Polo<br \/>\n Chassis Nr.: WVWZZZAWZJY229248<br \/>\n Baujahr: 2018<br \/>\n Kilometer: 56334 KM<br \/>\n Leistung: 90 KW<br \/>\n Hubraum: 999 ccm<br \/>\n Typ: 1VG615<br \/>\n Farbcode: White\/Weiss<br \/>\n Hinweise: &#8211;<\/p>\n<p> Versand: Versand nur in der Schweiz m\u00f6glich.Im Ausland ist der Transport k\u00e4uferseits.<br \/>\n Garantie: 3 Monate Garantie. Bitte beachten Sie, dass die Gew\u00e4hrleistung nur g\u00fcltig ist, wenn der Ersatzteileinbau durch eine Fachwerkstatt\/Meisterwerkstatt erfolgt. Das Ein- und Ausbau des Ersatzteiles kann nicht an uns verrechnet werden. <\/p>\n<p> Ersatzteil: f\u00fcr andere Fahrzeugen (Marken) verf\u00fcgbar auf anfrage. Tel.041 980 27 47. Mobil. 076 589 27 47<\/p>\n<p> Kontakt<br \/>\n  Adresse: Autoverwertung Brun AG<br \/>\n           M\u00f6\u00f6slimatten 13<br \/>\n           6218 Ettiswil<br \/>\n  Telefon: 0041 (041) 980 27 47<br \/>\n  Telefax: 0041 (041) 980 03 47<\/p>\n<p> Wir bieten Ihnen weitere gebrauchte Autoteile zum Kauf an.<br \/>\n Tags: Motorsteuerger\u00e4t , Control unit Motor , Unite\u00b4 de contro^le Moteur<br \/>\n<\/span><\/p>\n","protected":false},"excerpt":{"rendered":"<p>Technische Daten Fahrzeug: VW Polo Chassis Nr.: WVWZZZAWZJY229248 Baujahr: 2018 Kilometer: 56334 KM Leistung: 90 KW Hubraum: 999 ccm Typ: 1VG615 Farbcode: White\/Weiss Hinweise: &#8211; Versand: Versand nur in der Schweiz m\u00f6glich.Im Ausland ist der Transport k\u00e4uferseits. Garantie: 3 Monate Garantie. Bitte beachten Sie, dass die Gew\u00e4hrleistung nur g\u00fcltig ist, wenn der Ersatzteileinbau durch eine&hellip; <a class=\"more-link\" href=\"https:\/\/occasions-teile.ch\/en\/produkt\/vw-polo-motorsteuergeraet-5\/\">Continue reading <span class=\"screen-reader-text\">VW Polo  Motorsteuerger\u00e4t<\/span><\/a><\/p>\n","protected":false},"featured_media":303606,"template":"","meta":[],"product_brand":[],"product_cat":[23600,19871,497,659,1636,660,1283,1985],"product_tag":[],"class_list":{"0":"post-303609","1":"product","2":"type-product","3":"status-publish","4":"has-post-thumbnail","6":"product_cat-de-6-1-0-tgi-de_polo-de_volkswagen-manufacturer-20","7":"product_cat-de-6-1-0-tgi-de_polo-de_volkswagen-manufacturer-12","8":"product_cat-en-motor","9":"product_cat-en-engine-control-ignition","10":"product_cat-en_polo","11":"product_cat-en-control-unit-motor","12":"product_cat-en_volkswagen","13":"product_cat-en-wvwzzzawzjy229248","14":"product_shipping_class-tarif-1-en","15":"entry","17":"first","18":"instock","19":"taxable","20":"shipping-taxable","21":"purchasable","22":"product-type-simple"},"jetpack_sharing_enabled":true,"_links":{"self":[{"href":"https:\/\/occasions-teile.ch\/en\/wp-json\/wp\/v2\/product\/303609","targetHints":{"allow":["GET"]}}],"collection":[{"href":"https:\/\/occasions-teile.ch\/en\/wp-json\/wp\/v2\/product"}],"about":[{"href":"https:\/\/occasions-teile.ch\/en\/wp-json\/wp\/v2\/types\/product"}],"wp:featuredmedia":[{"embeddable":true,"href":"https:\/\/occasions-teile.ch\/en\/wp-json\/wp\/v2\/media\/303606"}],"wp:attachment":[{"href":"https:\/\/occasions-teile.ch\/en\/wp-json\/wp\/v2\/media?parent=303609"}],"wp:term":[{"taxonomy":"product_brand","embeddable":true,"href":"https:\/\/occasions-teile.ch\/en\/wp-json\/wp\/v2\/product_brand?post=303609"},{"taxonomy":"product_cat","embeddable":true,"href":"https:\/\/occasions-teile.ch\/en\/wp-json\/wp\/v2\/product_cat?post=303609"},{"taxonomy":"product_tag","embeddable":true,"href":"https:\/\/occasions-teile.ch\/en\/wp-json\/wp\/v2\/product_tag?post=303609"}],"curies":[{"name":"wp","href":"https:\/\/api.w.org\/{rel}","templated":true}]}}