{"id":303495,"date":"2024-04-27T06:35:32","date_gmt":"2024-04-27T06:35:32","guid":{"rendered":"https:\/\/occasions-teile.ch\/product\/mercedes-benz-180-lenksaeule\/"},"modified":"2024-05-25T23:29:54","modified_gmt":"2024-05-25T23:29:54","slug":"mercedes-benz-180-lenksaeule","status":"publish","type":"product","link":"https:\/\/occasions-teile.ch\/en\/produkt\/mercedes-benz-180-lenksaeule\/","title":{"rendered":"Mercedes-Benz 180  Lenks\u00e4ule"},"content":{"rendered":"<p><span><b>Technische Daten<\/b><\/p>\n<p> Fahrzeug: Mercedes-Benz 180<br \/>\n Chassis Nr.: WDD2052401F197777<br \/>\n Baujahr: 2015<br \/>\n Kilometer: 113000 KM<br \/>\n Leistung: 156 KW<br \/>\n Hubraum: 1595 ccm<br \/>\n Typ: 1MG373<br \/>\n Farbcode: silber<br \/>\n Hinweise: &#8211;<\/p>\n<p> Versand: Versand nur in der Schweiz m\u00f6glich.Im Ausland ist der Transport k\u00e4uferseits.<br \/>\n Garantie: 3 Monate Garantie. Bitte beachten Sie, dass die Gew\u00e4hrleistung nur g\u00fcltig ist, wenn der Ersatzteileinbau durch eine Fachwerkstatt\/Meisterwerkstatt erfolgt. Das Ein- und Ausbau des Ersatzteiles kann nicht an uns verrechnet werden. <\/p>\n<p> Ersatzteil: f\u00fcr andere Fahrzeugen (Marken) verf\u00fcgbar auf anfrage. Tel.041 980 27 47. Mobil. 076 589 27 47<\/p>\n<p> Kontakt<br \/>\n  Adresse: Autoverwertung Brun AG<br \/>\n           M\u00f6\u00f6slimatten 13<br \/>\n           6218 Ettiswil<br \/>\n  Telefon: 0041 (041) 980 27 47<br \/>\n  Telefax: 0041 (041) 980 03 47<\/p>\n<p> Wir bieten Ihnen weitere gebrauchte Autoteile zum Kauf an.<br \/>\n Tags: Lenks\u00e4ule, Steering column, Colonne de direction<br \/>\n<\/span><\/p>\n","protected":false},"excerpt":{"rendered":"<p>Technische Daten Fahrzeug: Mercedes-Benz 180 Chassis Nr.: WDD2052401F197777 Baujahr: 2015 Kilometer: 113000 KM Leistung: 156 KW Hubraum: 1595 ccm Typ: 1MG373 Farbcode: silber Hinweise: &#8211; Versand: Versand nur in der Schweiz m\u00f6glich.Im Ausland ist der Transport k\u00e4uferseits. Garantie: 3 Monate Garantie. Bitte beachten Sie, dass die Gew\u00e4hrleistung nur g\u00fcltig ist, wenn der Ersatzteileinbau durch eine&hellip; <a class=\"more-link\" href=\"https:\/\/occasions-teile.ch\/en\/produkt\/mercedes-benz-180-lenksaeule\/\">Continue reading <span class=\"screen-reader-text\">Mercedes-Benz 180  Lenks\u00e4ule<\/span><\/a><\/p>\n","protected":false},"featured_media":303492,"template":"","meta":[],"product_brand":[],"product_cat":[1358,1360,1356,19843,23632,544,877,878,541,874,873,1256,1259,1262,875,876,547,2228,2229,2230],"product_tag":[],"class_list":{"0":"post-303495","1":"product","2":"type-product","3":"status-publish","4":"has-post-thumbnail","6":"product_cat-en_180","7":"product_cat-fr_180","8":"product_cat-de_180","9":"product_cat-de-c180-205-240-de_180-de_mercedes-benz-manufacturer-21","10":"product_cat-de-c180-205-240-de_180-de_mercedes-benz-manufacturer-29","11":"product_cat-en-chassis-steering","12":"product_cat-fr-colonne-de-direction","13":"product_cat-fr-colonne-de-direction-fr-colonne-de-direction","14":"product_cat-de-fahrwerk-lenkung","15":"product_cat-de-lenksaeule-de-lenksaeule","16":"product_cat-de-lenksaeule","17":"product_cat-de_mercedes-benz","18":"product_cat-en_mercedes-benz","19":"product_cat-fr_mercedes-benz","20":"product_cat-en-steering-column","21":"product_cat-en-steering-column-en-steering-column","22":"product_cat-fr-train-de-roulement-direction","23":"product_cat-de-wdd2052401f197777-20000191","24":"product_cat-en-wdd2052401f197777-20000191","25":"product_cat-fr-wdd2052401f197777-20000191","26":"product_shipping_class-tarif-2","27":"entry","29":"first","30":"instock","31":"taxable","32":"shipping-taxable","33":"purchasable","34":"product-type-simple"},"jetpack_sharing_enabled":true,"_links":{"self":[{"href":"https:\/\/occasions-teile.ch\/en\/wp-json\/wp\/v2\/product\/303495","targetHints":{"allow":["GET"]}}],"collection":[{"href":"https:\/\/occasions-teile.ch\/en\/wp-json\/wp\/v2\/product"}],"about":[{"href":"https:\/\/occasions-teile.ch\/en\/wp-json\/wp\/v2\/types\/product"}],"wp:featuredmedia":[{"embeddable":true,"href":"https:\/\/occasions-teile.ch\/en\/wp-json\/wp\/v2\/media\/303492"}],"wp:attachment":[{"href":"https:\/\/occasions-teile.ch\/en\/wp-json\/wp\/v2\/media?parent=303495"}],"wp:term":[{"taxonomy":"product_brand","embeddable":true,"href":"https:\/\/occasions-teile.ch\/en\/wp-json\/wp\/v2\/product_brand?post=303495"},{"taxonomy":"product_cat","embeddable":true,"href":"https:\/\/occasions-teile.ch\/en\/wp-json\/wp\/v2\/product_cat?post=303495"},{"taxonomy":"product_tag","embeddable":true,"href":"https:\/\/occasions-teile.ch\/en\/wp-json\/wp\/v2\/product_tag?post=303495"}],"curies":[{"name":"wp","href":"https:\/\/api.w.org\/{rel}","templated":true}]}}