{"id":303134,"date":"2024-04-27T00:52:52","date_gmt":"2024-04-27T00:52:52","guid":{"rendered":"https:\/\/occasions-teile.ch\/product\/subaru-xv-drosselklappen-einspritzung\/"},"modified":"2024-05-25T05:50:23","modified_gmt":"2024-05-25T05:50:23","slug":"subaru-xv-drosselklappen-einspritzung","status":"publish","type":"product","link":"https:\/\/occasions-teile.ch\/en\/produkt\/subaru-xv-drosselklappen-einspritzung\/","title":{"rendered":"Subaru XV  Drosselklappen Einspritzung"},"content":{"rendered":"<p><span><b>Technische Daten<\/b><\/p>\n<p> Fahrzeug: Subaru XV<br \/>\n Chassis Nr.: JF1GP7LC5EG210306<br \/>\n Baujahr: 2015<br \/>\n Kilometer: 45000 KM<br \/>\n Leistung: 150 KW<br \/>\n Hubraum: 1995 ccm<br \/>\n Typ: 1SC775<br \/>\n Farbcode: White\/Weiss<br \/>\n Hinweise: &#8211;<\/p>\n<p> Versand: Versand nur in der Schweiz m\u00f6glich.Im Ausland ist der Transport k\u00e4uferseits.<br \/>\n Garantie: 3 Monate Garantie. Bitte beachten Sie, dass die Gew\u00e4hrleistung nur g\u00fcltig ist, wenn der Ersatzteileinbau durch eine Fachwerkstatt\/Meisterwerkstatt erfolgt. Das Ein- und Ausbau des Ersatzteiles kann nicht an uns verrechnet werden. <\/p>\n<p> Ersatzteil: f\u00fcr andere Fahrzeugen (Marken) verf\u00fcgbar auf anfrage. Tel.041 980 27 47. Mobil. 076 589 27 47<\/p>\n<p> Kontakt<br \/>\n  Adresse: Autoverwertung Brun AG<br \/>\n           M\u00f6\u00f6slimatten 13<br \/>\n           6218 Ettiswil<br \/>\n  Telefon: 0041 (041) 980 27 47<br \/>\n  Telefax: 0041 (041) 980 03 47<\/p>\n<p> Wir bieten Ihnen weitere gebrauchte Autoteile zum Kauf an.<br \/>\n Tags: Drosselklappen Einspritzung, Throttle valves\/injection , Vannes a` papillon\/injection<br \/>\n<\/span><\/p>\n","protected":false},"excerpt":{"rendered":"<p>Technische Daten Fahrzeug: Subaru XV Chassis Nr.: JF1GP7LC5EG210306 Baujahr: 2015 Kilometer: 45000 KM Leistung: 150 KW Hubraum: 1995 ccm Typ: 1SC775 Farbcode: White\/Weiss Hinweise: &#8211; Versand: Versand nur in der Schweiz m\u00f6glich.Im Ausland ist der Transport k\u00e4uferseits. Garantie: 3 Monate Garantie. Bitte beachten Sie, dass die Gew\u00e4hrleistung nur g\u00fcltig ist, wenn der Ersatzteileinbau durch eine&hellip; <a class=\"more-link\" href=\"https:\/\/occasions-teile.ch\/en\/produkt\/subaru-xv-drosselklappen-einspritzung\/\">Continue reading <span class=\"screen-reader-text\">Subaru XV  Drosselklappen Einspritzung<\/span><\/a><\/p>\n","protected":false},"featured_media":303131,"template":"","meta":[],"product_brand":[],"product_cat":[19752,23603,1403,2076,663,494,1199,1200],"product_tag":[],"class_list":{"0":"post-303134","1":"product","2":"type-product","3":"status-publish","4":"has-post-thumbnail","6":"product_cat-de-2-0-i-awd-de_xv-de_subaru-manufacturer-9","7":"product_cat-de-2-0-i-awd-de_xv-de_subaru-manufacturer-13","8":"product_cat-de-drosselklappen-einspritzung","9":"product_cat-de-jf1gp7lc5eg210306","10":"product_cat-de-luft-kraftstoffsystem","11":"product_cat-de-motor","12":"product_cat-de_subaru","13":"product_cat-de_xv","14":"product_shipping_class-tarif-1","15":"entry","17":"first","18":"instock","19":"taxable","20":"shipping-taxable","21":"purchasable","22":"product-type-simple"},"jetpack_sharing_enabled":true,"_links":{"self":[{"href":"https:\/\/occasions-teile.ch\/en\/wp-json\/wp\/v2\/product\/303134","targetHints":{"allow":["GET"]}}],"collection":[{"href":"https:\/\/occasions-teile.ch\/en\/wp-json\/wp\/v2\/product"}],"about":[{"href":"https:\/\/occasions-teile.ch\/en\/wp-json\/wp\/v2\/types\/product"}],"wp:featuredmedia":[{"embeddable":true,"href":"https:\/\/occasions-teile.ch\/en\/wp-json\/wp\/v2\/media\/303131"}],"wp:attachment":[{"href":"https:\/\/occasions-teile.ch\/en\/wp-json\/wp\/v2\/media?parent=303134"}],"wp:term":[{"taxonomy":"product_brand","embeddable":true,"href":"https:\/\/occasions-teile.ch\/en\/wp-json\/wp\/v2\/product_brand?post=303134"},{"taxonomy":"product_cat","embeddable":true,"href":"https:\/\/occasions-teile.ch\/en\/wp-json\/wp\/v2\/product_cat?post=303134"},{"taxonomy":"product_tag","embeddable":true,"href":"https:\/\/occasions-teile.ch\/en\/wp-json\/wp\/v2\/product_tag?post=303134"}],"curies":[{"name":"wp","href":"https:\/\/api.w.org\/{rel}","templated":true}]}}