{"id":303098,"date":"2024-04-27T00:12:36","date_gmt":"2024-04-27T00:12:36","guid":{"rendered":"https:\/\/occasions-teile.ch\/product\/alfa-romeo-giulia-achs-hinten-achskoerper-2\/"},"modified":"2024-05-30T00:11:09","modified_gmt":"2024-05-30T00:11:09","slug":"alfa-romeo-giulia-achs-hinten-achskoerper-2","status":"publish","type":"product","link":"https:\/\/occasions-teile.ch\/en\/produkt\/alfa-romeo-giulia-achs-hinten-achskoerper-2\/","title":{"rendered":"Alfa Romeo Giulia  Achs hinten Achsk\u00f6rper"},"content":{"rendered":"<p><span><b>Technische Daten<\/b><\/p>\n<p> Fahrzeug: Alfa Romeo Giulia<br \/>\n Chassis Nr.: ZAREAECU8H7525914<br \/>\n Baujahr: 2017<br \/>\n Kilometer: 109089 KM<br \/>\n Leistung: 150 KW<br \/>\n Hubraum: 2143 ccm<br \/>\n Typ: 1XP835<br \/>\n Farbcode: Black<br \/>\n Hinweise: &#8211;<\/p>\n<p> Versand: Versand nur in der Schweiz m\u00f6glich.Im Ausland ist der Transport k\u00e4uferseits.<br \/>\n Garantie: 3 Monate Garantie. Bitte beachten Sie, dass die Gew\u00e4hrleistung nur g\u00fcltig ist, wenn der Ersatzteileinbau durch eine Fachwerkstatt\/Meisterwerkstatt erfolgt. Das Ein- und Ausbau des Ersatzteiles kann nicht an uns verrechnet werden. <\/p>\n<p> Ersatzteil: f\u00fcr andere Fahrzeugen (Marken) verf\u00fcgbar auf anfrage. Tel.041 980 27 47. Mobil. 076 589 27 47<\/p>\n<p> Kontakt<br \/>\n  Adresse: Autoverwertung Brun AG<br \/>\n           M\u00f6\u00f6slimatten 13<br \/>\n           6218 Ettiswil<br \/>\n  Telefon: 0041 (041) 980 27 47<br \/>\n  Telefax: 0041 (041) 980 03 47<\/p>\n<p> Wir bieten Ihnen weitere gebrauchte Autoteile zum Kauf an.<br \/>\n Tags: Achs hinten Achsk\u00f6rper , Rear axlecomplete , Essieu arrie`re complet<br \/>\n<\/span><\/p>\n","protected":false},"excerpt":{"rendered":"<p>Technische Daten Fahrzeug: Alfa Romeo Giulia Chassis Nr.: ZAREAECU8H7525914 Baujahr: 2017 Kilometer: 109089 KM Leistung: 150 KW Hubraum: 2143 ccm Typ: 1XP835 Farbcode: Black Hinweise: &#8211; Versand: Versand nur in der Schweiz m\u00f6glich.Im Ausland ist der Transport k\u00e4uferseits. Garantie: 3 Monate Garantie. Bitte beachten Sie, dass die Gew\u00e4hrleistung nur g\u00fcltig ist, wenn der Ersatzteileinbau durch&hellip; <a class=\"more-link\" href=\"https:\/\/occasions-teile.ch\/en\/produkt\/alfa-romeo-giulia-achs-hinten-achskoerper-2\/\">Continue reading <span class=\"screen-reader-text\">Alfa Romeo Giulia  Achs hinten Achsk\u00f6rper<\/span><\/a><\/p>\n","protected":false},"featured_media":303095,"template":"","meta":[],"product_brand":[],"product_cat":[19741,23916,742,741,468,471,474,743,544,746,541,727,729,731,744,745,547,2091,2092,2093],"product_tag":[],"class_list":{"0":"post-303098","1":"product","2":"type-product","3":"status-publish","4":"has-post-thumbnail","6":"product_cat-de-952-2-2-d-de_giulia-de_alfa-romeo-manufacturer-18","7":"product_cat-de-952-2-2-d-de_giulia-de_alfa-romeo-manufacturer-71","8":"product_cat-de-achs-hinten-achskoerper","9":"product_cat-de-achstraeger-hilfsrahmen","10":"product_cat-de_alfa-romeo","11":"product_cat-en_alfa-romeo","12":"product_cat-fr_alfa-romeo","13":"product_cat-en-axle-carrier-subframe","14":"product_cat-en-chassis-steering","15":"product_cat-fr-essieu-arriere-complet","16":"product_cat-de-fahrwerk-lenkung","17":"product_cat-de_giulia","18":"product_cat-en_giulia","19":"product_cat-fr_giulia","20":"product_cat-en-rear-axlecomplete","21":"product_cat-fr-support-dessieu-cadre-auxiliaire","22":"product_cat-fr-train-de-roulement-direction","23":"product_cat-de-zareaecu8h7525914-20000175","24":"product_cat-en-zareaecu8h7525914-20000175","25":"product_cat-fr-zareaecu8h7525914-20000175","26":"product_shipping_class-tarif-3","27":"entry","29":"first","30":"instock","31":"taxable","32":"shipping-taxable","33":"purchasable","34":"product-type-simple"},"jetpack_sharing_enabled":true,"_links":{"self":[{"href":"https:\/\/occasions-teile.ch\/en\/wp-json\/wp\/v2\/product\/303098","targetHints":{"allow":["GET"]}}],"collection":[{"href":"https:\/\/occasions-teile.ch\/en\/wp-json\/wp\/v2\/product"}],"about":[{"href":"https:\/\/occasions-teile.ch\/en\/wp-json\/wp\/v2\/types\/product"}],"wp:featuredmedia":[{"embeddable":true,"href":"https:\/\/occasions-teile.ch\/en\/wp-json\/wp\/v2\/media\/303095"}],"wp:attachment":[{"href":"https:\/\/occasions-teile.ch\/en\/wp-json\/wp\/v2\/media?parent=303098"}],"wp:term":[{"taxonomy":"product_brand","embeddable":true,"href":"https:\/\/occasions-teile.ch\/en\/wp-json\/wp\/v2\/product_brand?post=303098"},{"taxonomy":"product_cat","embeddable":true,"href":"https:\/\/occasions-teile.ch\/en\/wp-json\/wp\/v2\/product_cat?post=303098"},{"taxonomy":"product_tag","embeddable":true,"href":"https:\/\/occasions-teile.ch\/en\/wp-json\/wp\/v2\/product_tag?post=303098"}],"curies":[{"name":"wp","href":"https:\/\/api.w.org\/{rel}","templated":true}]}}