{"id":302339,"date":"2024-04-26T12:20:08","date_gmt":"2024-04-26T12:20:08","guid":{"rendered":"https:\/\/occasions-teile.ch\/product\/vw-golf-abs-bremsaggregat-5\/"},"modified":"2024-05-28T02:36:23","modified_gmt":"2024-05-28T02:36:23","slug":"vw-golf-abs-bremsaggregat-5","status":"publish","type":"product","link":"https:\/\/occasions-teile.ch\/en\/produkt\/vw-golf-abs-bremsaggregat-5\/","title":{"rendered":"VW Golf  ABS Bremsaggregat"},"content":{"rendered":"<p><span><b>Technische Daten<\/b><\/p>\n<p> Fahrzeug: VW Golf<br \/>\n Chassis Nr.: WVWZZZAUZEP506926<br \/>\n Baujahr: 2013<br \/>\n Kilometer: 125214 KM<br \/>\n Leistung: 122 KW<br \/>\n Hubraum: 1395 ccm<br \/>\n Typ: 1VE619<br \/>\n Farbcode: &#8211;<br \/>\n Hinweise: &#8211;<\/p>\n<p> Versand: Versand nur in der Schweiz m\u00f6glich.Im Ausland ist der Transport k\u00e4uferseits.<br \/>\n Garantie: 3 Monate Garantie. Bitte beachten Sie, dass die Gew\u00e4hrleistung nur g\u00fcltig ist, wenn der Ersatzteileinbau durch eine Fachwerkstatt\/Meisterwerkstatt erfolgt. Das Ein- und Ausbau des Ersatzteiles kann nicht an uns verrechnet werden. <\/p>\n<p> Ersatzteil: f\u00fcr andere Fahrzeugen (Marken) verf\u00fcgbar auf anfrage. Tel.041 980 27 47. Mobil. 076 589 27 47<\/p>\n<p> Kontakt<br \/>\n  Adresse: Autoverwertung Brun AG<br \/>\n           M\u00f6\u00f6slimatten 13<br \/>\n           6218 Ettiswil<br \/>\n  Telefon: 0041 (041) 980 27 47<br \/>\n  Telefax: 0041 (041) 980 03 47<\/p>\n<p> Wir bieten Ihnen weitere gebrauchte Autoteile zum Kauf an.<br \/>\n Tags: ABS Bremsaggregat, ABS brake unit, Groupe de freinage ABS<br \/>\n<\/span><\/p>\n","protected":false},"excerpt":{"rendered":"<p>Technische Daten Fahrzeug: VW Golf Chassis Nr.: WVWZZZAUZEP506926 Baujahr: 2013 Kilometer: 125214 KM Leistung: 122 KW Hubraum: 1395 ccm Typ: 1VE619 Farbcode: &#8211; Hinweise: &#8211; Versand: Versand nur in der Schweiz m\u00f6glich.Im Ausland ist der Transport k\u00e4uferseits. Garantie: 3 Monate Garantie. Bitte beachten Sie, dass die Gew\u00e4hrleistung nur g\u00fcltig ist, wenn der Ersatzteileinbau durch eine&hellip; <a class=\"more-link\" href=\"https:\/\/occasions-teile.ch\/en\/produkt\/vw-golf-abs-bremsaggregat-5\/\">Continue reading <span class=\"screen-reader-text\">VW Golf  ABS Bremsaggregat<\/span><\/a><\/p>\n","protected":false},"featured_media":302336,"template":"","meta":[],"product_brand":[],"product_cat":[23736,19551,531,532,532,531,530,530,530,1281,1281,1281,531,532,1280,1280,1280,1279,1279,1279],"product_tag":[],"class_list":{"0":"post-302339","1":"product","2":"type-product","3":"status-publish","4":"has-post-thumbnail","6":"product_cat-de-7-1-4tsi-variant-de_golf-de_volkswagen-manufacturer-30","7":"product_cat-de-7-1-4tsi-variant-de_golf-de_volkswagen-manufacturer-9","8":"product_cat-de-absbremsaggregat","9":"product_cat-de-absbremsaggregat-de-absbremsaggregat","12":"product_cat-de-bremse-bremsanlage","15":"product_cat-de_golf","20":"product_cat-de_volkswagen","23":"product_cat-de-wvwzzzauzep506926","26":"product_shipping_class-tarif-1","27":"entry","29":"first","30":"instock","31":"taxable","32":"shipping-taxable","33":"purchasable","34":"product-type-simple"},"jetpack_sharing_enabled":true,"_links":{"self":[{"href":"https:\/\/occasions-teile.ch\/en\/wp-json\/wp\/v2\/product\/302339","targetHints":{"allow":["GET"]}}],"collection":[{"href":"https:\/\/occasions-teile.ch\/en\/wp-json\/wp\/v2\/product"}],"about":[{"href":"https:\/\/occasions-teile.ch\/en\/wp-json\/wp\/v2\/types\/product"}],"wp:featuredmedia":[{"embeddable":true,"href":"https:\/\/occasions-teile.ch\/en\/wp-json\/wp\/v2\/media\/302336"}],"wp:attachment":[{"href":"https:\/\/occasions-teile.ch\/en\/wp-json\/wp\/v2\/media?parent=302339"}],"wp:term":[{"taxonomy":"product_brand","embeddable":true,"href":"https:\/\/occasions-teile.ch\/en\/wp-json\/wp\/v2\/product_brand?post=302339"},{"taxonomy":"product_cat","embeddable":true,"href":"https:\/\/occasions-teile.ch\/en\/wp-json\/wp\/v2\/product_cat?post=302339"},{"taxonomy":"product_tag","embeddable":true,"href":"https:\/\/occasions-teile.ch\/en\/wp-json\/wp\/v2\/product_tag?post=302339"}],"curies":[{"name":"wp","href":"https:\/\/api.w.org\/{rel}","templated":true}]}}