{"id":302290,"date":"2024-04-26T11:29:28","date_gmt":"2024-04-26T11:29:28","guid":{"rendered":"https:\/\/occasions-teile.ch\/product\/vw-golf-bremskraftverstaerker\/"},"modified":"2024-05-29T01:59:09","modified_gmt":"2024-05-29T01:59:09","slug":"vw-golf-bremskraftverstaerker","status":"publish","type":"product","link":"https:\/\/occasions-teile.ch\/en\/produkt\/vw-golf-bremskraftverstaerker\/","title":{"rendered":"VW Golf  Bremskraftverst\u00e4rker"},"content":{"rendered":"<p><span><b>Technische Daten<\/b><\/p>\n<p> Fahrzeug: VW Golf<br \/>\n Chassis Nr.: WVWZZZCD4PW516854<br \/>\n Baujahr: 2022<br \/>\n Kilometer: 2394 KM<br \/>\n Leistung: 150 KW<br \/>\n Hubraum: 1968 ccm<br \/>\n Typ: 1VQ904<br \/>\n Farbcode: White\/Weiss<br \/>\n Hinweise: &#8211;<\/p>\n<p> Versand: Versand nur in der Schweiz m\u00f6glich.Im Ausland ist der Transport k\u00e4uferseits.<br \/>\n Garantie: 3 Monate Garantie. Bitte beachten Sie, dass die Gew\u00e4hrleistung nur g\u00fcltig ist, wenn der Ersatzteileinbau durch eine Fachwerkstatt\/Meisterwerkstatt erfolgt. Das Ein- und Ausbau des Ersatzteiles kann nicht an uns verrechnet werden. <\/p>\n<p> Ersatzteil: f\u00fcr andere Fahrzeugen (Marken) verf\u00fcgbar auf anfrage. Tel.041 980 27 47. Mobil. 076 589 27 47<\/p>\n<p> Kontakt<br \/>\n  Adresse: Autoverwertung Brun AG<br \/>\n           M\u00f6\u00f6slimatten 13<br \/>\n           6218 Ettiswil<br \/>\n  Telefon: 0041 (041) 980 27 47<br \/>\n  Telefax: 0041 (041) 980 03 47<\/p>\n<p> Wir bieten Ihnen weitere gebrauchte Autoteile zum Kauf an.<br \/>\n Tags: Bremskraftverst\u00e4rker, Brake booster, Servomoteur d&#8217;assistance au freinage<br \/>\n<\/span><\/p>\n","protected":false},"excerpt":{"rendered":"<p>Technische Daten Fahrzeug: VW Golf Chassis Nr.: WVWZZZCD4PW516854 Baujahr: 2022 Kilometer: 2394 KM Leistung: 150 KW Hubraum: 1968 ccm Typ: 1VQ904 Farbcode: White\/Weiss Hinweise: &#8211; Versand: Versand nur in der Schweiz m\u00f6glich.Im Ausland ist der Transport k\u00e4uferseits. Garantie: 3 Monate Garantie. Bitte beachten Sie, dass die Gew\u00e4hrleistung nur g\u00fcltig ist, wenn der Ersatzteileinbau durch eine&hellip; <a class=\"more-link\" href=\"https:\/\/occasions-teile.ch\/en\/produkt\/vw-golf-bremskraftverstaerker\/\">Continue reading <span class=\"screen-reader-text\">VW Golf  Bremskraftverst\u00e4rker<\/span><\/a><\/p>\n","protected":false},"featured_media":302287,"template":"","meta":[],"product_brand":[],"product_cat":[23808,19538,530,1281,637,636,1280,2252],"product_tag":[],"class_list":{"0":"post-302290","1":"product","2":"type-product","3":"status-publish","4":"has-post-thumbnail","6":"product_cat-de-8-variant-2-0tdi-cg5-de_golf-de_volkswagen-manufacturer-33","7":"product_cat-de-8-variant-2-0tdi-cg5-de_golf-de_volkswagen-manufacturer-16","8":"product_cat-de-bremse-bremsanlage","9":"product_cat-de_golf","10":"product_cat-de-bremskraftverstaerker-de-bremskraftverstaerker","11":"product_cat-de-bremskraftverstaerker","12":"product_cat-de_volkswagen","13":"product_cat-de-wvwzzzcd4pw516854-20000192","14":"product_shipping_class-tarif-1","15":"entry","17":"first","18":"instock","19":"taxable","20":"shipping-taxable","21":"purchasable","22":"product-type-simple"},"jetpack_sharing_enabled":true,"_links":{"self":[{"href":"https:\/\/occasions-teile.ch\/en\/wp-json\/wp\/v2\/product\/302290","targetHints":{"allow":["GET"]}}],"collection":[{"href":"https:\/\/occasions-teile.ch\/en\/wp-json\/wp\/v2\/product"}],"about":[{"href":"https:\/\/occasions-teile.ch\/en\/wp-json\/wp\/v2\/types\/product"}],"wp:featuredmedia":[{"embeddable":true,"href":"https:\/\/occasions-teile.ch\/en\/wp-json\/wp\/v2\/media\/302287"}],"wp:attachment":[{"href":"https:\/\/occasions-teile.ch\/en\/wp-json\/wp\/v2\/media?parent=302290"}],"wp:term":[{"taxonomy":"product_brand","embeddable":true,"href":"https:\/\/occasions-teile.ch\/en\/wp-json\/wp\/v2\/product_brand?post=302290"},{"taxonomy":"product_cat","embeddable":true,"href":"https:\/\/occasions-teile.ch\/en\/wp-json\/wp\/v2\/product_cat?post=302290"},{"taxonomy":"product_tag","embeddable":true,"href":"https:\/\/occasions-teile.ch\/en\/wp-json\/wp\/v2\/product_tag?post=302290"}],"curies":[{"name":"wp","href":"https:\/\/api.w.org\/{rel}","templated":true}]}}