{"id":302266,"date":"2024-04-26T11:08:06","date_gmt":"2024-04-26T11:08:06","guid":{"rendered":"https:\/\/occasions-teile.ch\/product\/opel-movano-kombiinstrument-tacho\/"},"modified":"2024-05-25T06:18:22","modified_gmt":"2024-05-25T06:18:22","slug":"opel-movano-kombiinstrument-tacho","status":"publish","type":"product","link":"https:\/\/occasions-teile.ch\/en\/produkt\/opel-movano-kombiinstrument-tacho\/","title":{"rendered":"Opel Movano  Kombiinstrument Tacho"},"content":{"rendered":"<p><span><b>Technische Daten<\/b><\/p>\n<p> Fahrzeug: Opel Movano<br \/>\n Chassis Nr.: W0VMR3605LB204629<br \/>\n Baujahr: 2020<br \/>\n Kilometer: 203500 KM<br \/>\n Leistung: 150 KW<br \/>\n Hubraum: 2298 ccm<br \/>\n Typ: 3OB416<br \/>\n Farbcode: White\/Weiss<br \/>\n Hinweise: &#8211;<\/p>\n<p> Versand: Versand nur in der Schweiz m\u00f6glich.Im Ausland ist der Transport k\u00e4uferseits.<br \/>\n Garantie: 3 Monate Garantie. Bitte beachten Sie, dass die Gew\u00e4hrleistung nur g\u00fcltig ist, wenn der Ersatzteileinbau durch eine Fachwerkstatt\/Meisterwerkstatt erfolgt. Das Ein- und Ausbau des Ersatzteiles kann nicht an uns verrechnet werden. <\/p>\n<p> Ersatzteil: f\u00fcr andere Fahrzeugen (Marken) verf\u00fcgbar auf anfrage. Tel.041 980 27 47. Mobil. 076 589 27 47<\/p>\n<p> Kontakt<br \/>\n  Adresse: Autoverwertung Brun AG<br \/>\n           M\u00f6\u00f6slimatten 13<br \/>\n           6218 Ettiswil<br \/>\n  Telefon: 0041 (041) 980 27 47<br \/>\n  Telefax: 0041 (041) 980 03 47<\/p>\n<p> Wir bieten Ihnen weitere gebrauchte Autoteile zum Kauf an.<br \/>\n Tags: Kombiinstrument Tacho, Instrument cluster speedometer , Combine d\u00b4 instruments Tachymetre<br \/>\n<\/span><\/p>\n","protected":false},"excerpt":{"rendered":"<p>Technische Daten Fahrzeug: Opel Movano Chassis Nr.: W0VMR3605LB204629 Baujahr: 2020 Kilometer: 203500 KM Leistung: 150 KW Hubraum: 2298 ccm Typ: 3OB416 Farbcode: White\/Weiss Hinweise: &#8211; Versand: Versand nur in der Schweiz m\u00f6glich.Im Ausland ist der Transport k\u00e4uferseits. Garantie: 3 Monate Garantie. Bitte beachten Sie, dass die Gew\u00e4hrleistung nur g\u00fcltig ist, wenn der Ersatzteileinbau durch eine&hellip; <a class=\"more-link\" href=\"https:\/\/occasions-teile.ch\/en\/produkt\/opel-movano-kombiinstrument-tacho\/\">Continue reading <span class=\"screen-reader-text\">Opel Movano  Kombiinstrument Tacho<\/span><\/a><\/p>\n","protected":false},"featured_media":302263,"template":"","meta":[],"product_brand":[],"product_cat":[19532,23604,827,627,1566,619,826,1565],"product_tag":[],"class_list":{"0":"post-302266","1":"product","2":"type-product","3":"status-publish","4":"has-post-thumbnail","6":"product_cat-de-2-3m-kasten-de_movano-de_opel-manufacturer-10","7":"product_cat-de-2-3m-kasten-de_movano-de_opel-manufacturer-26","8":"product_cat-fr-combine-d-instruments-tachymetre","9":"product_cat-fr-electricite-dispositifs-de-commande","10":"product_cat-fr_movano","11":"product_cat-fr_opel","12":"product_cat-fr-tachymetreindicateurs","13":"product_cat-fr-w0vmr3605lb204629","14":"product_shipping_class-tarif-1","15":"entry","17":"first","18":"instock","19":"taxable","20":"shipping-taxable","21":"purchasable","22":"product-type-simple"},"jetpack_sharing_enabled":true,"_links":{"self":[{"href":"https:\/\/occasions-teile.ch\/en\/wp-json\/wp\/v2\/product\/302266","targetHints":{"allow":["GET"]}}],"collection":[{"href":"https:\/\/occasions-teile.ch\/en\/wp-json\/wp\/v2\/product"}],"about":[{"href":"https:\/\/occasions-teile.ch\/en\/wp-json\/wp\/v2\/types\/product"}],"wp:featuredmedia":[{"embeddable":true,"href":"https:\/\/occasions-teile.ch\/en\/wp-json\/wp\/v2\/media\/302263"}],"wp:attachment":[{"href":"https:\/\/occasions-teile.ch\/en\/wp-json\/wp\/v2\/media?parent=302266"}],"wp:term":[{"taxonomy":"product_brand","embeddable":true,"href":"https:\/\/occasions-teile.ch\/en\/wp-json\/wp\/v2\/product_brand?post=302266"},{"taxonomy":"product_cat","embeddable":true,"href":"https:\/\/occasions-teile.ch\/en\/wp-json\/wp\/v2\/product_cat?post=302266"},{"taxonomy":"product_tag","embeddable":true,"href":"https:\/\/occasions-teile.ch\/en\/wp-json\/wp\/v2\/product_tag?post=302266"}],"curies":[{"name":"wp","href":"https:\/\/api.w.org\/{rel}","templated":true}]}}