{"id":301961,"date":"2024-04-26T06:35:53","date_gmt":"2024-04-26T06:35:53","guid":{"rendered":"https:\/\/occasions-teile.ch\/product\/seat-ibiza-rueckleuchte-rechts\/"},"modified":"2024-05-28T01:48:43","modified_gmt":"2024-05-28T01:48:43","slug":"seat-ibiza-rueckleuchte-rechts","status":"publish","type":"product","link":"https:\/\/occasions-teile.ch\/en\/produkt\/seat-ibiza-rueckleuchte-rechts\/","title":{"rendered":"SEAT Ibiza  R\u00fcckleuchte rechts"},"content":{"rendered":"<p><span><b>Technische Daten<\/b><\/p>\n<p> Fahrzeug: SEAT Ibiza<br \/>\n Chassis Nr.: VSSZZZKJZLR036184<br \/>\n Baujahr: 2019<br \/>\n Kilometer: 15000 KM<br \/>\n Leistung: 115 KW<br \/>\n Hubraum: 999 ccm<br \/>\n Typ: 1sh826<br \/>\n Farbcode: rot<br \/>\n Hinweise: &#8211;<\/p>\n<p> Versand: Versand nur in der Schweiz m\u00f6glich.Im Ausland ist der Transport k\u00e4uferseits.<br \/>\n Garantie: 3 Monate Garantie. Bitte beachten Sie, dass die Gew\u00e4hrleistung nur g\u00fcltig ist, wenn der Ersatzteileinbau durch eine Fachwerkstatt\/Meisterwerkstatt erfolgt. Das Ein- und Ausbau des Ersatzteiles kann nicht an uns verrechnet werden. <\/p>\n<p> Ersatzteil: f\u00fcr andere Fahrzeugen (Marken) verf\u00fcgbar auf anfrage. Tel.041 980 27 47. Mobil. 076 589 27 47<\/p>\n<p> Kontakt<br \/>\n  Adresse: Autoverwertung Brun AG<br \/>\n           M\u00f6\u00f6slimatten 13<br \/>\n           6218 Ettiswil<br \/>\n  Telefon: 0041 (041) 980 27 47<br \/>\n  Telefax: 0041 (041) 980 03 47<\/p>\n<p> Wir bieten Ihnen weitere gebrauchte Autoteile zum Kauf an.<br \/>\n Tags: R\u00fcckleuchte rechts, Tail light right , Feu arrie`re droit<br \/>\n<\/span><\/p>\n","protected":false},"excerpt":{"rendered":"<p>Technische Daten Fahrzeug: SEAT Ibiza Chassis Nr.: VSSZZZKJZLR036184 Baujahr: 2019 Kilometer: 15000 KM Leistung: 115 KW Hubraum: 999 ccm Typ: 1sh826 Farbcode: rot Hinweise: &#8211; Versand: Versand nur in der Schweiz m\u00f6glich.Im Ausland ist der Transport k\u00e4uferseits. Garantie: 3 Monate Garantie. Bitte beachten Sie, dass die Gew\u00e4hrleistung nur g\u00fcltig ist, wenn der Ersatzteileinbau durch eine&hellip; <a class=\"more-link\" href=\"https:\/\/occasions-teile.ch\/en\/produkt\/seat-ibiza-rueckleuchte-rechts\/\">Continue reading <span class=\"screen-reader-text\">SEAT Ibiza  R\u00fcckleuchte rechts<\/span><\/a><\/p>\n","protected":false},"featured_media":301958,"template":"","meta":[],"product_brand":[],"product_cat":[524,527,1125,1129,1624,1626,1622,521,1121,1127,1494,1497,1500,1128,1123,19457,23735,2006,2007,2008],"product_tag":[],"class_list":{"0":"post-301961","1":"product","2":"type-product","3":"status-publish","4":"has-post-thumbnail","6":"product_cat-en-body-rear","7":"product_cat-fr-carrosserie-arriere","8":"product_cat-fr-feu-arriere","9":"product_cat-fr-feu-arriere-droit","10":"product_cat-en_ibiza","11":"product_cat-fr_ibiza","12":"product_cat-de_ibiza","13":"product_cat-de-karosserie-heck","14":"product_cat-de-rueckleuchte","15":"product_cat-de-rueckleuchte-rechts","16":"product_cat-de_seat","17":"product_cat-en_seat","18":"product_cat-fr_seat","19":"product_cat-en-tail-light-right","20":"product_cat-en-taillight","21":"product_cat-de-v-1-0tsi-de_ibiza-de_seat-manufacturer-6","22":"product_cat-de-v-1-0tsi-de_ibiza-de_seat-manufacturer-15","23":"product_cat-de-vsszzzkjzlr036184","24":"product_cat-en-vsszzzkjzlr036184","25":"product_cat-fr-vsszzzkjzlr036184","26":"product_shipping_class-tarif-1","27":"entry","29":"first","30":"instock","31":"taxable","32":"shipping-taxable","33":"purchasable","34":"product-type-simple"},"jetpack_sharing_enabled":true,"_links":{"self":[{"href":"https:\/\/occasions-teile.ch\/en\/wp-json\/wp\/v2\/product\/301961","targetHints":{"allow":["GET"]}}],"collection":[{"href":"https:\/\/occasions-teile.ch\/en\/wp-json\/wp\/v2\/product"}],"about":[{"href":"https:\/\/occasions-teile.ch\/en\/wp-json\/wp\/v2\/types\/product"}],"wp:featuredmedia":[{"embeddable":true,"href":"https:\/\/occasions-teile.ch\/en\/wp-json\/wp\/v2\/media\/301958"}],"wp:attachment":[{"href":"https:\/\/occasions-teile.ch\/en\/wp-json\/wp\/v2\/media?parent=301961"}],"wp:term":[{"taxonomy":"product_brand","embeddable":true,"href":"https:\/\/occasions-teile.ch\/en\/wp-json\/wp\/v2\/product_brand?post=301961"},{"taxonomy":"product_cat","embeddable":true,"href":"https:\/\/occasions-teile.ch\/en\/wp-json\/wp\/v2\/product_cat?post=301961"},{"taxonomy":"product_tag","embeddable":true,"href":"https:\/\/occasions-teile.ch\/en\/wp-json\/wp\/v2\/product_tag?post=301961"}],"curies":[{"name":"wp","href":"https:\/\/api.w.org\/{rel}","templated":true}]}}