{"id":301480,"date":"2024-04-25T22:20:41","date_gmt":"2024-04-25T22:20:41","guid":{"rendered":"https:\/\/occasions-teile.ch\/product\/alfa-romeo-giulia-schalter-mittelkonsole-armaturenbrett\/"},"modified":"2024-05-30T00:07:11","modified_gmt":"2024-05-30T00:07:11","slug":"alfa-romeo-giulia-schalter-mittelkonsole-armaturenbrett","status":"publish","type":"product","link":"https:\/\/occasions-teile.ch\/en\/produkt\/alfa-romeo-giulia-schalter-mittelkonsole-armaturenbrett\/","title":{"rendered":"Alfa Romeo Giulia  Schalter Mittelkonsole, Armaturenbrett"},"content":{"rendered":"<p><span><b>Technische Daten<\/b><\/p>\n<p> Fahrzeug: Alfa Romeo Giulia<br \/>\n Chassis Nr.: ZAREAECU8H7525914<br \/>\n Baujahr: 2017<br \/>\n Kilometer: 109089 KM<br \/>\n Leistung: 150 KW<br \/>\n Hubraum: 2143 ccm<br \/>\n Typ: 1XP835<br \/>\n Farbcode: Black<br \/>\n Hinweise: &#8211;<\/p>\n<p> Versand: Versand nur in der Schweiz m\u00f6glich.Im Ausland ist der Transport k\u00e4uferseits.<br \/>\n Garantie: 3 Monate Garantie. Bitte beachten Sie, dass die Gew\u00e4hrleistung nur g\u00fcltig ist, wenn der Ersatzteileinbau durch eine Fachwerkstatt\/Meisterwerkstatt erfolgt. Das Ein- und Ausbau des Ersatzteiles kann nicht an uns verrechnet werden. <\/p>\n<p> Ersatzteil: f\u00fcr andere Fahrzeugen (Marken) verf\u00fcgbar auf anfrage. Tel.041 980 27 47. Mobil. 076 589 27 47<\/p>\n<p> Kontakt<br \/>\n  Adresse: Autoverwertung Brun AG<br \/>\n           M\u00f6\u00f6slimatten 13<br \/>\n           6218 Ettiswil<br \/>\n  Telefon: 0041 (041) 980 27 47<br \/>\n  Telefax: 0041 (041) 980 03 47<\/p>\n<p> Wir bieten Ihnen weitere gebrauchte Autoteile zum Kauf an.<br \/>\n Tags: Schalter Mittelkonsole, Armaturenbrett, Switch Center console, Dashboard , Interrupteur Console centrale,tableau de bord<br \/>\n<\/span><\/p>\n","protected":false},"excerpt":{"rendered":"<p>Technische Daten Fahrzeug: Alfa Romeo Giulia Chassis Nr.: ZAREAECU8H7525914 Baujahr: 2017 Kilometer: 109089 KM Leistung: 150 KW Hubraum: 2143 ccm Typ: 1XP835 Farbcode: Black Hinweise: &#8211; Versand: Versand nur in der Schweiz m\u00f6glich.Im Ausland ist der Transport k\u00e4uferseits. Garantie: 3 Monate Garantie. Bitte beachten Sie, dass die Gew\u00e4hrleistung nur g\u00fcltig ist, wenn der Ersatzteileinbau durch&hellip; <a class=\"more-link\" href=\"https:\/\/occasions-teile.ch\/en\/produkt\/alfa-romeo-giulia-schalter-mittelkonsole-armaturenbrett\/\">Continue reading <span class=\"screen-reader-text\">Alfa Romeo Giulia  Schalter Mittelkonsole, Armaturenbrett<\/span><\/a><\/p>\n","protected":false},"featured_media":301477,"template":"","meta":[],"product_brand":[],"product_cat":[19332,23916,468,471,474,627,624,621,727,729,731,628,1447,622,1445,625,1446,2092,2093,2091],"product_tag":[],"class_list":{"0":"post-301480","1":"product","2":"type-product","3":"status-publish","4":"has-post-thumbnail","6":"product_cat-de-952-2-2-d-de_giulia-de_alfa-romeo-manufacturer-12","7":"product_cat-de-952-2-2-d-de_giulia-de_alfa-romeo-manufacturer-71","8":"product_cat-de_alfa-romeo","9":"product_cat-en_alfa-romeo","10":"product_cat-fr_alfa-romeo","11":"product_cat-fr-electricite-dispositifs-de-commande","12":"product_cat-en-electrics-control-units","13":"product_cat-de-elektrik-steuergeraete","14":"product_cat-de_giulia","15":"product_cat-en_giulia","16":"product_cat-fr_giulia","17":"product_cat-fr-interrupteur","18":"product_cat-fr-interrupteur-console-centraletableau-de-bord","19":"product_cat-de-schalter","20":"product_cat-de-schalter-mittelkonsole-armaturenbrett","21":"product_cat-en-switch","22":"product_cat-en-switch-center-console-dashboard","23":"product_cat-en-zareaecu8h7525914-20000175","24":"product_cat-fr-zareaecu8h7525914-20000175","25":"product_cat-de-zareaecu8h7525914-20000175","26":"product_shipping_class-tarif-1","27":"entry","29":"first","30":"instock","31":"taxable","32":"shipping-taxable","33":"purchasable","34":"product-type-simple"},"jetpack_sharing_enabled":true,"_links":{"self":[{"href":"https:\/\/occasions-teile.ch\/en\/wp-json\/wp\/v2\/product\/301480","targetHints":{"allow":["GET"]}}],"collection":[{"href":"https:\/\/occasions-teile.ch\/en\/wp-json\/wp\/v2\/product"}],"about":[{"href":"https:\/\/occasions-teile.ch\/en\/wp-json\/wp\/v2\/types\/product"}],"wp:featuredmedia":[{"embeddable":true,"href":"https:\/\/occasions-teile.ch\/en\/wp-json\/wp\/v2\/media\/301477"}],"wp:attachment":[{"href":"https:\/\/occasions-teile.ch\/en\/wp-json\/wp\/v2\/media?parent=301480"}],"wp:term":[{"taxonomy":"product_brand","embeddable":true,"href":"https:\/\/occasions-teile.ch\/en\/wp-json\/wp\/v2\/product_brand?post=301480"},{"taxonomy":"product_cat","embeddable":true,"href":"https:\/\/occasions-teile.ch\/en\/wp-json\/wp\/v2\/product_cat?post=301480"},{"taxonomy":"product_tag","embeddable":true,"href":"https:\/\/occasions-teile.ch\/en\/wp-json\/wp\/v2\/product_tag?post=301480"}],"curies":[{"name":"wp","href":"https:\/\/api.w.org\/{rel}","templated":true}]}}