{"id":301108,"date":"2024-04-25T16:10:16","date_gmt":"2024-04-25T16:10:16","guid":{"rendered":"https:\/\/occasions-teile.ch\/product\/suzuki-vitara-antriebswelle-vorn-links\/"},"modified":"2024-05-27T18:50:20","modified_gmt":"2024-05-27T18:50:20","slug":"suzuki-vitara-antriebswelle-vorn-links","status":"publish","type":"product","link":"https:\/\/occasions-teile.ch\/en\/produkt\/suzuki-vitara-antriebswelle-vorn-links\/","title":{"rendered":"Suzuki Vitara  Antriebswelle vorn links"},"content":{"rendered":"<p><span><b>Technische Daten<\/b><\/p>\n<p> Fahrzeug: Suzuki Vitara<br \/>\n Chassis Nr.: TSMLYE21S00276382<br \/>\n Baujahr: 2018<br \/>\n Kilometer: 25893 KM<br \/>\n Leistung: 120 KW<br \/>\n Hubraum: 1586 ccm<br \/>\n Typ: 1XK141<br \/>\n Farbcode: orange<br \/>\n Hinweise: &#8211;<\/p>\n<p> Versand: Versand nur in der Schweiz m\u00f6glich.Im Ausland ist der Transport k\u00e4uferseits.<br \/>\n Garantie: 3 Monate Garantie. Bitte beachten Sie, dass die Gew\u00e4hrleistung nur g\u00fcltig ist, wenn der Ersatzteileinbau durch eine Fachwerkstatt\/Meisterwerkstatt erfolgt. Das Ein- und Ausbau des Ersatzteiles kann nicht an uns verrechnet werden. <\/p>\n<p> Ersatzteil: f\u00fcr andere Fahrzeugen (Marken) verf\u00fcgbar auf anfrage. Tel.041 980 27 47. Mobil. 076 589 27 47<\/p>\n<p> Kontakt<br \/>\n  Adresse: Autoverwertung Brun AG<br \/>\n           M\u00f6\u00f6slimatten 13<br \/>\n           6218 Ettiswil<br \/>\n  Telefon: 0041 (041) 980 27 47<br \/>\n  Telefax: 0041 (041) 980 03 47<\/p>\n<p> Wir bieten Ihnen weitere gebrauchte Autoteile zum Kauf an.<br \/>\n Tags: Antriebswelle vorn links, Drive shaft front left , Arbre d&#8217;entrai^nement avant gauche<br \/>\n<\/span><\/p>\n","protected":false},"excerpt":{"rendered":"<p>Technische Daten Fahrzeug: Suzuki Vitara Chassis Nr.: TSMLYE21S00276382 Baujahr: 2018 Kilometer: 25893 KM Leistung: 120 KW Hubraum: 1586 ccm Typ: 1XK141 Farbcode: orange Hinweise: &#8211; Versand: Versand nur in der Schweiz m\u00f6glich.Im Ausland ist der Transport k\u00e4uferseits. Garantie: 3 Monate Garantie. Bitte beachten Sie, dass die Gew\u00e4hrleistung nur g\u00fcltig ist, wenn der Ersatzteileinbau durch eine&hellip; <a class=\"more-link\" href=\"https:\/\/occasions-teile.ch\/en\/produkt\/suzuki-vitara-antriebswelle-vorn-links\/\">Continue reading <span class=\"screen-reader-text\">Suzuki Vitara  Antriebswelle vorn links<\/span><\/a><\/p>\n","protected":false},"featured_media":301105,"template":"","meta":[],"product_brand":[],"product_cat":[23724,19235,784,783,784,783,784,783,648,648,449,449,449,648,2015,2015,2015,2016,2016,2016],"product_tag":[],"class_list":{"0":"post-301108","1":"product","2":"type-product","3":"status-publish","4":"has-post-thumbnail","6":"product_cat-de-1-6-allgrip-de_vitara-suzuki","7":"product_cat-de-1-6-allgrip","8":"product_cat-de-antriebswelle-vorn-links","9":"product_cat-de-antriebswellen","14":"product_cat-de-getriebe-antrieb","16":"product_cat-suzuki","20":"product_cat-de-tsmlye21s00276382","23":"product_cat-de_vitara","26":"product_shipping_class-tarif-1","27":"entry","29":"first","30":"instock","31":"taxable","32":"shipping-taxable","33":"purchasable","34":"product-type-simple"},"jetpack_sharing_enabled":true,"_links":{"self":[{"href":"https:\/\/occasions-teile.ch\/en\/wp-json\/wp\/v2\/product\/301108","targetHints":{"allow":["GET"]}}],"collection":[{"href":"https:\/\/occasions-teile.ch\/en\/wp-json\/wp\/v2\/product"}],"about":[{"href":"https:\/\/occasions-teile.ch\/en\/wp-json\/wp\/v2\/types\/product"}],"wp:featuredmedia":[{"embeddable":true,"href":"https:\/\/occasions-teile.ch\/en\/wp-json\/wp\/v2\/media\/301105"}],"wp:attachment":[{"href":"https:\/\/occasions-teile.ch\/en\/wp-json\/wp\/v2\/media?parent=301108"}],"wp:term":[{"taxonomy":"product_brand","embeddable":true,"href":"https:\/\/occasions-teile.ch\/en\/wp-json\/wp\/v2\/product_brand?post=301108"},{"taxonomy":"product_cat","embeddable":true,"href":"https:\/\/occasions-teile.ch\/en\/wp-json\/wp\/v2\/product_cat?post=301108"},{"taxonomy":"product_tag","embeddable":true,"href":"https:\/\/occasions-teile.ch\/en\/wp-json\/wp\/v2\/product_tag?post=301108"}],"curies":[{"name":"wp","href":"https:\/\/api.w.org\/{rel}","templated":true}]}}