{"id":300912,"date":"2024-04-25T12:53:48","date_gmt":"2024-04-25T12:53:48","guid":{"rendered":"https:\/\/occasions-teile.ch\/product\/audi-a3-verteilergetriebe-vorderachsgetriebe\/"},"modified":"2024-05-26T01:19:42","modified_gmt":"2024-05-26T01:19:42","slug":"audi-a3-verteilergetriebe-vorderachsgetriebe","status":"publish","type":"product","link":"https:\/\/occasions-teile.ch\/en\/produkt\/audi-a3-verteilergetriebe-vorderachsgetriebe\/","title":{"rendered":"Audi A3  Verteilergetriebe Vorderachsgetriebe"},"content":{"rendered":"<p><span><b>Technische Daten<\/b><\/p>\n<p> Fahrzeug: Audi A3<br \/>\n Chassis Nr.: WAUZZZ8VXEA080987<br \/>\n Baujahr: 2013<br \/>\n Kilometer: 186916 KM<br \/>\n Leistung: 184 KW<br \/>\n Hubraum: 1967 ccm<br \/>\n Typ: X<br \/>\n Farbcode: White\/Weiss<br \/>\n Hinweise: &#8211;<\/p>\n<p> Versand: Versand nur in der Schweiz m\u00f6glich.Im Ausland ist der Transport k\u00e4uferseits.<br \/>\n Garantie: 3 Monate Garantie. Bitte beachten Sie, dass die Gew\u00e4hrleistung nur g\u00fcltig ist, wenn der Ersatzteileinbau durch eine Fachwerkstatt\/Meisterwerkstatt erfolgt. Das Ein- und Ausbau des Ersatzteiles kann nicht an uns verrechnet werden. <\/p>\n<p> Ersatzteil: f\u00fcr andere Fahrzeugen (Marken) verf\u00fcgbar auf anfrage. Tel.041 980 27 47. Mobil. 076 589 27 47<\/p>\n<p> Kontakt<br \/>\n  Adresse: Autoverwertung Brun AG<br \/>\n           M\u00f6\u00f6slimatten 13<br \/>\n           6218 Ettiswil<br \/>\n  Telefon: 0041 (041) 980 27 47<br \/>\n  Telefax: 0041 (041) 980 03 47<\/p>\n<p> Wir bieten Ihnen weitere gebrauchte Autoteile zum Kauf an.<br \/>\n Tags: Verteilergetriebe Vorderachsgetriebe, Front axle gearbox , Boi^te de vitesses avant<br \/>\n<\/span><\/p>\n","protected":false},"excerpt":{"rendered":"<p>Technische Daten Fahrzeug: Audi A3 Chassis Nr.: WAUZZZ8VXEA080987 Baujahr: 2013 Kilometer: 186916 KM Leistung: 184 KW Hubraum: 1967 ccm Typ: X Farbcode: White\/Weiss Hinweise: &#8211; Versand: Versand nur in der Schweiz m\u00f6glich.Im Ausland ist der Transport k\u00e4uferseits. Garantie: 3 Monate Garantie. Bitte beachten Sie, dass die Gew\u00e4hrleistung nur g\u00fcltig ist, wenn der Ersatzteileinbau durch eine&hellip; <a class=\"more-link\" href=\"https:\/\/occasions-teile.ch\/en\/produkt\/audi-a3-verteilergetriebe-vorderachsgetriebe\/\">Continue reading <span class=\"screen-reader-text\">Audi A3  Verteilergetriebe Vorderachsgetriebe<\/span><\/a><\/p>\n","protected":false},"featured_media":300909,"template":"","meta":[],"product_brand":[],"product_cat":[23637,19185,2139,2141,2143,1062,461,464,458,1066,1067,1064,1065,651,648,654,1063,7691,7693,7694],"product_tag":[],"class_list":{"0":"post-300912","1":"product","2":"type-product","3":"status-publish","4":"has-post-thumbnail","6":"product_cat-de-2-0-sportback-quattro-de_a3-de_audi-manufacturer-91","7":"product_cat-de-2-0-sportback-quattro-de_a3-de_audi-manufacturer-74","8":"product_cat-de_a3","9":"product_cat-en_a3","10":"product_cat-fr_a3","11":"product_cat-de-achsgetriebe-differentiale4x4","12":"product_cat-en_audi","13":"product_cat-fr_audi","14":"product_cat-de_audi","15":"product_cat-fr-boite-dessieu-differentiel4x4","16":"product_cat-fr-boite-de-vitesses-avant","17":"product_cat-en-final-drive-differentials4x4","18":"product_cat-en-front-axle-gearbox","19":"product_cat-en-gearbox-drive","20":"product_cat-de-getriebe-antrieb","21":"product_cat-fr-transmission-entrainement","22":"product_cat-de-verteilergetriebe-vorderachsgetriebe","23":"product_cat-de-wauzzz8vxea080987-200000225","24":"product_cat-en-wauzzz8vxea080987-200000225","25":"product_cat-fr-wauzzz8vxea080987-200000225","26":"product_shipping_class-tarif-2","27":"entry","29":"first","30":"instock","31":"taxable","32":"shipping-taxable","33":"purchasable","34":"product-type-simple"},"jetpack_sharing_enabled":true,"_links":{"self":[{"href":"https:\/\/occasions-teile.ch\/en\/wp-json\/wp\/v2\/product\/300912","targetHints":{"allow":["GET"]}}],"collection":[{"href":"https:\/\/occasions-teile.ch\/en\/wp-json\/wp\/v2\/product"}],"about":[{"href":"https:\/\/occasions-teile.ch\/en\/wp-json\/wp\/v2\/types\/product"}],"wp:featuredmedia":[{"embeddable":true,"href":"https:\/\/occasions-teile.ch\/en\/wp-json\/wp\/v2\/media\/300909"}],"wp:attachment":[{"href":"https:\/\/occasions-teile.ch\/en\/wp-json\/wp\/v2\/media?parent=300912"}],"wp:term":[{"taxonomy":"product_brand","embeddable":true,"href":"https:\/\/occasions-teile.ch\/en\/wp-json\/wp\/v2\/product_brand?post=300912"},{"taxonomy":"product_cat","embeddable":true,"href":"https:\/\/occasions-teile.ch\/en\/wp-json\/wp\/v2\/product_cat?post=300912"},{"taxonomy":"product_tag","embeddable":true,"href":"https:\/\/occasions-teile.ch\/en\/wp-json\/wp\/v2\/product_tag?post=300912"}],"curies":[{"name":"wp","href":"https:\/\/api.w.org\/{rel}","templated":true}]}}