{"id":300676,"date":"2024-04-25T09:15:47","date_gmt":"2024-04-25T09:15:47","guid":{"rendered":"https:\/\/occasions-teile.ch\/product\/suzuki-swift-bremszange-bremssattel-vorne-2\/"},"modified":"2024-05-26T06:23:54","modified_gmt":"2024-05-26T06:23:54","slug":"suzuki-swift-bremszange-bremssattel-vorne-2","status":"publish","type":"product","link":"https:\/\/occasions-teile.ch\/en\/produkt\/suzuki-swift-bremszange-bremssattel-vorne-2\/","title":{"rendered":"Suzuki Swift  Bremszange Bremssattel vorne"},"content":{"rendered":"<p><span><b>Technische Daten<\/b><\/p>\n<p> Fahrzeug: Suzuki Swift<br \/>\n Chassis Nr.: JSAAZD53S00252755<br \/>\n Baujahr: 2019<br \/>\n Kilometer: 54348 KM<br \/>\n Leistung: 90 KW<br \/>\n Hubraum: 1242 ccm<br \/>\n Typ: 1SD845<br \/>\n Farbcode: grau<br \/>\n Hinweise: &#8211;<\/p>\n<p> Versand: Versand nur in der Schweiz m\u00f6glich.Im Ausland ist der Transport k\u00e4uferseits.<br \/>\n Garantie: 3 Monate Garantie. Bitte beachten Sie, dass die Gew\u00e4hrleistung nur g\u00fcltig ist, wenn der Ersatzteileinbau durch eine Fachwerkstatt\/Meisterwerkstatt erfolgt. Das Ein- und Ausbau des Ersatzteiles kann nicht an uns verrechnet werden. <\/p>\n<p> Ersatzteil: f\u00fcr andere Fahrzeugen (Marken) verf\u00fcgbar auf anfrage. Tel.041 980 27 47. Mobil. 076 589 27 47<\/p>\n<p> Kontakt<br \/>\n  Adresse: Autoverwertung Brun AG<br \/>\n           M\u00f6\u00f6slimatten 13<br \/>\n           6218 Ettiswil<br \/>\n  Telefon: 0041 (041) 980 27 47<br \/>\n  Telefax: 0041 (041) 980 03 47<\/p>\n<p> Wir bieten Ihnen weitere gebrauchte Autoteile zum Kauf an.<br \/>\n Tags: Bremszange Bremssattel vorne, Brake caliper front, E\u00b4trier de frein avant<br \/>\n<\/span><\/p>\n","protected":false},"excerpt":{"rendered":"<p>Technische Daten Fahrzeug: Suzuki Swift Chassis Nr.: JSAAZD53S00252755 Baujahr: 2019 Kilometer: 54348 KM Leistung: 90 KW Hubraum: 1242 ccm Typ: 1SD845 Farbcode: grau Hinweise: &#8211; Versand: Versand nur in der Schweiz m\u00f6glich.Im Ausland ist der Transport k\u00e4uferseits. Garantie: 3 Monate Garantie. Bitte beachten Sie, dass die Gew\u00e4hrleistung nur g\u00fcltig ist, wenn der Ersatzteileinbau durch eine&hellip; <a class=\"more-link\" href=\"https:\/\/occasions-teile.ch\/en\/produkt\/suzuki-swift-bremszange-bremssattel-vorne-2\/\">Continue reading <span class=\"screen-reader-text\">Suzuki Swift  Bremszange Bremssattel vorne<\/span><\/a><\/p>\n","protected":false},"featured_media":300673,"template":"","meta":[],"product_brand":[],"product_cat":[19127,23643,778,777,530,530,777,778,777,778,530,2046,2046,2046,449,449,449,2047,2047,2047],"product_tag":[],"class_list":{"0":"post-300676","1":"product","2":"type-product","3":"status-publish","4":"has-post-thumbnail","6":"product_cat-de-1-2-allgrip-de_swift-suzuki-manufacturer-5","7":"product_cat-de-1-2-allgrip-de_swift-suzuki-manufacturer-26","8":"product_cat-de-bremszange-bremssattel-vorne","9":"product_cat-de-bremssatteltraeger","10":"product_cat-de-bremse-bremsanlage","17":"product_cat-de-jsaazd53s00252755","20":"product_cat-suzuki","23":"product_cat-de_swift","26":"product_shipping_class-tarif-1","27":"entry","29":"first","30":"instock","31":"taxable","32":"shipping-taxable","33":"purchasable","34":"product-type-simple"},"jetpack_sharing_enabled":true,"_links":{"self":[{"href":"https:\/\/occasions-teile.ch\/en\/wp-json\/wp\/v2\/product\/300676","targetHints":{"allow":["GET"]}}],"collection":[{"href":"https:\/\/occasions-teile.ch\/en\/wp-json\/wp\/v2\/product"}],"about":[{"href":"https:\/\/occasions-teile.ch\/en\/wp-json\/wp\/v2\/types\/product"}],"wp:featuredmedia":[{"embeddable":true,"href":"https:\/\/occasions-teile.ch\/en\/wp-json\/wp\/v2\/media\/300673"}],"wp:attachment":[{"href":"https:\/\/occasions-teile.ch\/en\/wp-json\/wp\/v2\/media?parent=300676"}],"wp:term":[{"taxonomy":"product_brand","embeddable":true,"href":"https:\/\/occasions-teile.ch\/en\/wp-json\/wp\/v2\/product_brand?post=300676"},{"taxonomy":"product_cat","embeddable":true,"href":"https:\/\/occasions-teile.ch\/en\/wp-json\/wp\/v2\/product_cat?post=300676"},{"taxonomy":"product_tag","embeddable":true,"href":"https:\/\/occasions-teile.ch\/en\/wp-json\/wp\/v2\/product_tag?post=300676"}],"curies":[{"name":"wp","href":"https:\/\/api.w.org\/{rel}","templated":true}]}}