{"id":300267,"date":"2024-04-25T02:42:45","date_gmt":"2024-04-25T02:42:45","guid":{"rendered":"https:\/\/occasions-teile.ch\/product\/mercedes-benz-180-katalysator\/"},"modified":"2024-05-25T23:23:24","modified_gmt":"2024-05-25T23:23:24","slug":"mercedes-benz-180-katalysator","status":"publish","type":"product","link":"https:\/\/occasions-teile.ch\/en\/produkt\/mercedes-benz-180-katalysator\/","title":{"rendered":"Mercedes-Benz 180  Katalysator"},"content":{"rendered":"<p><span><b>Technische Daten<\/b><\/p>\n<p> Fahrzeug: Mercedes-Benz 180<br \/>\n Chassis Nr.: WDD2052401F197777<br \/>\n Baujahr: 2015<br \/>\n Kilometer: 113000 KM<br \/>\n Leistung: 156 KW<br \/>\n Hubraum: 1595 ccm<br \/>\n Typ: 1MG373<br \/>\n Farbcode: silber<br \/>\n Hinweise: &#8211;<\/p>\n<p> Versand: Versand nur in der Schweiz m\u00f6glich.Im Ausland ist der Transport k\u00e4uferseits.<br \/>\n Garantie: 3 Monate Garantie. Bitte beachten Sie, dass die Gew\u00e4hrleistung nur g\u00fcltig ist, wenn der Ersatzteileinbau durch eine Fachwerkstatt\/Meisterwerkstatt erfolgt. Das Ein- und Ausbau des Ersatzteiles kann nicht an uns verrechnet werden. <\/p>\n<p> Ersatzteil: f\u00fcr andere Fahrzeugen (Marken) verf\u00fcgbar auf anfrage. Tel.041 980 27 47. Mobil. 076 589 27 47<\/p>\n<p> Kontakt<br \/>\n  Adresse: Autoverwertung Brun AG<br \/>\n           M\u00f6\u00f6slimatten 13<br \/>\n           6218 Ettiswil<br \/>\n  Telefon: 0041 (041) 980 27 47<br \/>\n  Telefax: 0041 (041) 980 03 47<\/p>\n<p> Wir bieten Ihnen weitere gebrauchte Autoteile zum Kauf an.<br \/>\n Tags: Katalysator , Catalyst, Catalyseur<br \/>\n<\/span><\/p>\n","protected":false},"excerpt":{"rendered":"<p>Technische Daten Fahrzeug: Mercedes-Benz 180 Chassis Nr.: WDD2052401F197777 Baujahr: 2015 Kilometer: 113000 KM Leistung: 156 KW Hubraum: 1595 ccm Typ: 1MG373 Farbcode: silber Hinweise: &#8211; Versand: Versand nur in der Schweiz m\u00f6glich.Im Ausland ist der Transport k\u00e4uferseits. Garantie: 3 Monate Garantie. Bitte beachten Sie, dass die Gew\u00e4hrleistung nur g\u00fcltig ist, wenn der Ersatzteileinbau durch eine&hellip; <a class=\"more-link\" href=\"https:\/\/occasions-teile.ch\/en\/produkt\/mercedes-benz-180-katalysator\/\">Continue reading <span class=\"screen-reader-text\">Mercedes-Benz 180  Katalysator<\/span><\/a><\/p>\n","protected":false},"featured_media":300264,"template":"","meta":[],"product_brand":[],"product_cat":[1356,1358,1360,597,19023,23632,646,647,645,644,600,642,643,1262,1256,1259,603,2228,2229,2230],"product_tag":[],"class_list":{"0":"post-300267","1":"product","2":"type-product","3":"status-publish","4":"has-post-thumbnail","6":"product_cat-de_180","7":"product_cat-en_180","8":"product_cat-fr_180","9":"product_cat-de-abgasanlage","10":"product_cat-de-c180-205-240-de_180-de_mercedes-benz-manufacturer-12","11":"product_cat-de-c180-205-240-de_180-de_mercedes-benz-manufacturer-29","12":"product_cat-fr-catalyseur-filtre-a-particules","13":"product_cat-fr-catalyseur-filtre-a-particules-fr-catalyseur-filtre-a-particules","14":"product_cat-en-catalytic-converter-particle-filter-en-catalytic-converter-particle-filter","15":"product_cat-en-catalytic-converter-particle-filter","16":"product_cat-en-exhaust-system","17":"product_cat-de-katalysator-partikelfilter","18":"product_cat-de-katalysator-partikelfilter-de-katalysator-partikelfilter","19":"product_cat-fr_mercedes-benz","20":"product_cat-de_mercedes-benz","21":"product_cat-en_mercedes-benz","22":"product_cat-fr-systeme-dechappement","23":"product_cat-de-wdd2052401f197777-20000191","24":"product_cat-en-wdd2052401f197777-20000191","25":"product_cat-fr-wdd2052401f197777-20000191","26":"product_shipping_class-tarif-2","27":"entry","29":"first","30":"instock","31":"taxable","32":"shipping-taxable","33":"purchasable","34":"product-type-simple"},"jetpack_sharing_enabled":true,"_links":{"self":[{"href":"https:\/\/occasions-teile.ch\/en\/wp-json\/wp\/v2\/product\/300267","targetHints":{"allow":["GET"]}}],"collection":[{"href":"https:\/\/occasions-teile.ch\/en\/wp-json\/wp\/v2\/product"}],"about":[{"href":"https:\/\/occasions-teile.ch\/en\/wp-json\/wp\/v2\/types\/product"}],"wp:featuredmedia":[{"embeddable":true,"href":"https:\/\/occasions-teile.ch\/en\/wp-json\/wp\/v2\/media\/300264"}],"wp:attachment":[{"href":"https:\/\/occasions-teile.ch\/en\/wp-json\/wp\/v2\/media?parent=300267"}],"wp:term":[{"taxonomy":"product_brand","embeddable":true,"href":"https:\/\/occasions-teile.ch\/en\/wp-json\/wp\/v2\/product_brand?post=300267"},{"taxonomy":"product_cat","embeddable":true,"href":"https:\/\/occasions-teile.ch\/en\/wp-json\/wp\/v2\/product_cat?post=300267"},{"taxonomy":"product_tag","embeddable":true,"href":"https:\/\/occasions-teile.ch\/en\/wp-json\/wp\/v2\/product_tag?post=300267"}],"curies":[{"name":"wp","href":"https:\/\/api.w.org\/{rel}","templated":true}]}}