{"id":300231,"date":"2024-04-25T02:11:18","date_gmt":"2024-04-25T02:11:18","guid":{"rendered":"https:\/\/occasions-teile.ch\/product\/jeep-compass-achsschenkel-hinten-links\/"},"modified":"2024-05-27T08:36:22","modified_gmt":"2024-05-27T08:36:22","slug":"jeep-compass-achsschenkel-hinten-links","status":"publish","type":"product","link":"https:\/\/occasions-teile.ch\/en\/produkt\/jeep-compass-achsschenkel-hinten-links\/","title":{"rendered":"Jeep Compass  Achsschenkel hinten links"},"content":{"rendered":"<p><span><b>Technische Daten<\/b><\/p>\n<p> Fahrzeug: Jeep Compass<br \/>\n Chassis Nr.: 3C4NJDCY4HT662674<br \/>\n Baujahr: 2017<br \/>\n Kilometer: 127325 KM<br \/>\n Leistung: 140 KW<br \/>\n Hubraum: 1956 ccm<br \/>\n Typ: 1JB287<br \/>\n Farbcode: grau<br \/>\n Hinweise: &#8211;<\/p>\n<p> Versand: Versand nur in der Schweiz m\u00f6glich.Im Ausland ist der Transport k\u00e4uferseits.<br \/>\n Garantie: 3 Monate Garantie. Bitte beachten Sie, dass die Gew\u00e4hrleistung nur g\u00fcltig ist, wenn der Ersatzteileinbau durch eine Fachwerkstatt\/Meisterwerkstatt erfolgt. Das Ein- und Ausbau des Ersatzteiles kann nicht an uns verrechnet werden. <\/p>\n<p> Ersatzteil: f\u00fcr andere Fahrzeugen (Marken) verf\u00fcgbar auf anfrage. Tel.041 980 27 47. Mobil. 076 589 27 47<\/p>\n<p> Kontakt<br \/>\n  Adresse: Autoverwertung Brun AG<br \/>\n           M\u00f6\u00f6slimatten 13<br \/>\n           6218 Ettiswil<br \/>\n  Telefon: 0041 (041) 980 27 47<br \/>\n  Telefax: 0041 (041) 980 03 47<\/p>\n<p> Wir bieten Ihnen weitere gebrauchte Autoteile zum Kauf an.<br \/>\n Tags: Achsschenkel hinten links, Knuckle rear left , Fuse\u00b4e arrie`re gauche<br \/>\n<\/span><\/p>\n","protected":false},"excerpt":{"rendered":"<p>Technische Daten Fahrzeug: Jeep Compass Chassis Nr.: 3C4NJDCY4HT662674 Baujahr: 2017 Kilometer: 127325 KM Leistung: 140 KW Hubraum: 1956 ccm Typ: 1JB287 Farbcode: grau Hinweise: &#8211; Versand: Versand nur in der Schweiz m\u00f6glich.Im Ausland ist der Transport k\u00e4uferseits. Garantie: 3 Monate Garantie. Bitte beachten Sie, dass die Gew\u00e4hrleistung nur g\u00fcltig ist, wenn der Ersatzteileinbau durch eine&hellip; <a class=\"more-link\" href=\"https:\/\/occasions-teile.ch\/en\/produkt\/jeep-compass-achsschenkel-hinten-links\/\">Continue reading <span class=\"screen-reader-text\">Jeep Compass  Achsschenkel hinten links<\/span><\/a><\/p>\n","protected":false},"featured_media":300228,"template":"","meta":[],"product_brand":[],"product_cat":[23680,19014,2300,2300,2300,1083,542,541,2301,2301,2301,541,1083,542,2202,2202,2202,1083,542,541],"product_tag":[],"class_list":{"0":"post-300231","1":"product","2":"type-product","3":"status-publish","4":"has-post-thumbnail","6":"product_cat-de-2-0-crd-de_compass-de_jeep-manufacturer-41","7":"product_cat-de-2-0-crd-de_compass-de_jeep-manufacturer-10","8":"product_cat-de-3c4njdcy4ht662674-20000199","11":"product_cat-de-achsschenkel-hinten-links","12":"product_cat-de-achsschenkel-radnaben","13":"product_cat-de-fahrwerk-lenkung","14":"product_cat-de_compass","20":"product_cat-de_jeep","26":"product_shipping_class-tarif-2","27":"entry","29":"first","30":"instock","31":"taxable","32":"shipping-taxable","33":"purchasable","34":"product-type-simple"},"jetpack_sharing_enabled":true,"_links":{"self":[{"href":"https:\/\/occasions-teile.ch\/en\/wp-json\/wp\/v2\/product\/300231","targetHints":{"allow":["GET"]}}],"collection":[{"href":"https:\/\/occasions-teile.ch\/en\/wp-json\/wp\/v2\/product"}],"about":[{"href":"https:\/\/occasions-teile.ch\/en\/wp-json\/wp\/v2\/types\/product"}],"wp:featuredmedia":[{"embeddable":true,"href":"https:\/\/occasions-teile.ch\/en\/wp-json\/wp\/v2\/media\/300228"}],"wp:attachment":[{"href":"https:\/\/occasions-teile.ch\/en\/wp-json\/wp\/v2\/media?parent=300231"}],"wp:term":[{"taxonomy":"product_brand","embeddable":true,"href":"https:\/\/occasions-teile.ch\/en\/wp-json\/wp\/v2\/product_brand?post=300231"},{"taxonomy":"product_cat","embeddable":true,"href":"https:\/\/occasions-teile.ch\/en\/wp-json\/wp\/v2\/product_cat?post=300231"},{"taxonomy":"product_tag","embeddable":true,"href":"https:\/\/occasions-teile.ch\/en\/wp-json\/wp\/v2\/product_tag?post=300231"}],"curies":[{"name":"wp","href":"https:\/\/api.w.org\/{rel}","templated":true}]}}