{"id":299659,"date":"2024-04-24T17:34:27","date_gmt":"2024-04-24T17:34:27","guid":{"rendered":"https:\/\/occasions-teile.ch\/product\/subaru-subaru-levorg-alternator-lichtmaschine\/"},"modified":"2024-05-25T23:39:09","modified_gmt":"2024-05-25T23:39:09","slug":"subaru-subaru-levorg-alternator-lichtmaschine","status":"publish","type":"product","link":"https:\/\/occasions-teile.ch\/en\/produkt\/subaru-subaru-levorg-alternator-lichtmaschine\/","title":{"rendered":"Subaru Subaru Levorg alternator lichtmaschine"},"content":{"rendered":"<p><span><b>Technische Daten<\/b><\/p>\n<p> Fahrzeug: Subaru Subaru Levorg<br \/>\n Chassis Nr.: JF1VM4L55JG016488<br \/>\n Baujahr: 2018<br \/>\n Kilometer: 63000 KM<br \/>\n Leistung: 170 KW<br \/>\n Hubraum: 1599 ccm<br \/>\n Typ: 1SC804<br \/>\n Farbcode: White\/Weiss<br \/>\n Hinweise: &#8211;<\/p>\n<p> Versand: Versand nur in der Schweiz m\u00f6glich.Im Ausland ist der Transport k\u00e4uferseits.<br \/>\n Garantie: 3 Monate Garantie. Bitte beachten Sie, dass die Gew\u00e4hrleistung nur g\u00fcltig ist, wenn der Ersatzteileinbau durch eine Fachwerkstatt\/Meisterwerkstatt erfolgt. Das Ein- und Ausbau des Ersatzteiles kann nicht an uns verrechnet werden. <\/p>\n<p> Ersatzteil: f\u00fcr andere Fahrzeugen (Marken) verf\u00fcgbar auf anfrage. Tel.041 980 27 47. Mobil. 076 589 27 47<\/p>\n<p> Kontakt<br \/>\n  Adresse: Autoverwertung Brun AG<br \/>\n           M\u00f6\u00f6slimatten 13<br \/>\n           6218 Ettiswil<br \/>\n  Telefon: 0041 (041) 980 27 47<br \/>\n  Telefax: 0041 (041) 980 03 47<\/p>\n<p> Wir bieten Ihnen weitere gebrauchte Autoteile zum Kauf an.<br \/>\n Tags: alternator lichtmaschine, alternator alternator, alternateur alternateur<br \/>\n<\/span><\/p>\n","protected":false},"excerpt":{"rendered":"<p>Technische Daten Fahrzeug: Subaru Subaru Levorg Chassis Nr.: JF1VM4L55JG016488 Baujahr: 2018 Kilometer: 63000 KM Leistung: 170 KW Hubraum: 1599 ccm Typ: 1SC804 Farbcode: White\/Weiss Hinweise: &#8211; Versand: Versand nur in der Schweiz m\u00f6glich.Im Ausland ist der Transport k\u00e4uferseits. Garantie: 3 Monate Garantie. Bitte beachten Sie, dass die Gew\u00e4hrleistung nur g\u00fcltig ist, wenn der Ersatzteileinbau durch&hellip; <a class=\"more-link\" href=\"https:\/\/occasions-teile.ch\/en\/produkt\/subaru-subaru-levorg-alternator-lichtmaschine\/\">Continue reading <span class=\"screen-reader-text\">Subaru Subaru Levorg alternator lichtmaschine<\/span><\/a><\/p>\n","protected":false},"featured_media":299656,"template":"","meta":[],"product_brand":[],"product_cat":[18871,23633,1241,1241,1241,624,624,624,625,1877,1877,1877,625,1202,1202,1202,1878,1878,1878,625],"product_tag":[],"class_list":{"0":"post-299659","1":"product","2":"type-product","3":"status-publish","4":"has-post-thumbnail","6":"product_cat-de-1-6dit-awd-vm4-de_subaru-levorg-de_subaru","7":"product_cat-de-1-6dit-awd-vm4-de_subaru-levorg-de_subaru-manufacturer-5","8":"product_cat-en-alternator-alternator","11":"product_cat-en-electrics-control-units","14":"product_cat-en-switch","15":"product_cat-en-jf1vm4l55jg016488","19":"product_cat-en_subaru","22":"product_cat-en_subaru-levorg","26":"product_shipping_class-tarif-1-en","27":"entry","29":"first","30":"instock","31":"taxable","32":"shipping-taxable","33":"purchasable","34":"product-type-simple"},"jetpack_sharing_enabled":true,"_links":{"self":[{"href":"https:\/\/occasions-teile.ch\/en\/wp-json\/wp\/v2\/product\/299659","targetHints":{"allow":["GET"]}}],"collection":[{"href":"https:\/\/occasions-teile.ch\/en\/wp-json\/wp\/v2\/product"}],"about":[{"href":"https:\/\/occasions-teile.ch\/en\/wp-json\/wp\/v2\/types\/product"}],"wp:featuredmedia":[{"embeddable":true,"href":"https:\/\/occasions-teile.ch\/en\/wp-json\/wp\/v2\/media\/299656"}],"wp:attachment":[{"href":"https:\/\/occasions-teile.ch\/en\/wp-json\/wp\/v2\/media?parent=299659"}],"wp:term":[{"taxonomy":"product_brand","embeddable":true,"href":"https:\/\/occasions-teile.ch\/en\/wp-json\/wp\/v2\/product_brand?post=299659"},{"taxonomy":"product_cat","embeddable":true,"href":"https:\/\/occasions-teile.ch\/en\/wp-json\/wp\/v2\/product_cat?post=299659"},{"taxonomy":"product_tag","embeddable":true,"href":"https:\/\/occasions-teile.ch\/en\/wp-json\/wp\/v2\/product_tag?post=299659"}],"curies":[{"name":"wp","href":"https:\/\/api.w.org\/{rel}","templated":true}]}}