{"id":299539,"date":"2024-04-24T15:49:45","date_gmt":"2024-04-24T15:49:45","guid":{"rendered":"https:\/\/occasions-teile.ch\/product\/audi-a6-tuersteuergeraet-2\/"},"modified":"2024-05-28T19:04:22","modified_gmt":"2024-05-28T19:04:22","slug":"audi-a6-tuersteuergeraet-2","status":"publish","type":"product","link":"https:\/\/occasions-teile.ch\/en\/produkt\/audi-a6-tuersteuergeraet-2\/","title":{"rendered":"Audi A6  T\u00fcrsteuerger\u00e4t"},"content":{"rendered":"<p><span><b>Technische Daten<\/b><\/p>\n<p> Fahrzeug: Audi A6<br \/>\n Chassis Nr.: WAUZZZ4G8EN103179<br \/>\n Baujahr: 2014<br \/>\n Kilometer: 265966 KM<br \/>\n Leistung: 177 KW<br \/>\n Hubraum: 1968 ccm<br \/>\n Typ: 1AD238<br \/>\n Farbcode: Black<br \/>\n Hinweise: &#8211;<\/p>\n<p> Versand: Versand nur in der Schweiz m\u00f6glich.Im Ausland ist der Transport k\u00e4uferseits.<br \/>\n Garantie: 3 Monate Garantie. Bitte beachten Sie, dass die Gew\u00e4hrleistung nur g\u00fcltig ist, wenn der Ersatzteileinbau durch eine Fachwerkstatt\/Meisterwerkstatt erfolgt. Das Ein- und Ausbau des Ersatzteiles kann nicht an uns verrechnet werden. <\/p>\n<p> Ersatzteil: f\u00fcr andere Fahrzeugen (Marken) verf\u00fcgbar auf anfrage. Tel.041 980 27 47. Mobil. 076 589 27 47<\/p>\n<p> Kontakt<br \/>\n  Adresse: Autoverwertung Brun AG<br \/>\n           M\u00f6\u00f6slimatten 13<br \/>\n           6218 Ettiswil<br \/>\n  Telefon: 0041 (041) 980 27 47<br \/>\n  Telefax: 0041 (041) 980 03 47<\/p>\n<p> Wir bieten Ihnen weitere gebrauchte Autoteile zum Kauf an.<br \/>\n Tags: T\u00fcrsteuerger\u00e4t, door controller, contr\u00f4leur de porte<br \/>\n<\/span><\/p>\n","protected":false},"excerpt":{"rendered":"<p>Technische Daten Fahrzeug: Audi A6 Chassis Nr.: WAUZZZ4G8EN103179 Baujahr: 2014 Kilometer: 265966 KM Leistung: 177 KW Hubraum: 1968 ccm Typ: 1AD238 Farbcode: Black Hinweise: &#8211; Versand: Versand nur in der Schweiz m\u00f6glich.Im Ausland ist der Transport k\u00e4uferseits. Garantie: 3 Monate Garantie. Bitte beachten Sie, dass die Gew\u00e4hrleistung nur g\u00fcltig ist, wenn der Ersatzteileinbau durch eine&hellip; <a class=\"more-link\" href=\"https:\/\/occasions-teile.ch\/en\/produkt\/audi-a6-tuersteuergeraet-2\/\">Continue reading <span class=\"screen-reader-text\">Audi A6  T\u00fcrsteuerger\u00e4t<\/span><\/a><\/p>\n","protected":false},"featured_media":299536,"template":"","meta":[],"product_brand":[],"product_cat":[23796,18841,2469,2469,2469,852,853,458,458,458,852,853,621,621,621,852,853,2468,2468,2468],"product_tag":[],"class_list":{"0":"post-299539","1":"product","2":"type-product","3":"status-publish","4":"has-post-thumbnail","6":"product_cat-de-2-0tdi-4g-de_a6-de_audi-manufacturer-16","7":"product_cat-de-2-0tdi-4g-de_a6-de_audi-manufacturer","8":"product_cat-de_a6","11":"product_cat-de-steuergeraete","12":"product_cat-de-steuergeraete-sonstiges","13":"product_cat-de_audi","18":"product_cat-de-elektrik-steuergeraete","23":"product_cat-de-wauzzz4g8en103179-20000215","26":"product_shipping_class-tarif-1","27":"entry","29":"first","30":"instock","31":"taxable","32":"shipping-taxable","33":"purchasable","34":"product-type-simple"},"jetpack_sharing_enabled":true,"_links":{"self":[{"href":"https:\/\/occasions-teile.ch\/en\/wp-json\/wp\/v2\/product\/299539","targetHints":{"allow":["GET"]}}],"collection":[{"href":"https:\/\/occasions-teile.ch\/en\/wp-json\/wp\/v2\/product"}],"about":[{"href":"https:\/\/occasions-teile.ch\/en\/wp-json\/wp\/v2\/types\/product"}],"wp:featuredmedia":[{"embeddable":true,"href":"https:\/\/occasions-teile.ch\/en\/wp-json\/wp\/v2\/media\/299536"}],"wp:attachment":[{"href":"https:\/\/occasions-teile.ch\/en\/wp-json\/wp\/v2\/media?parent=299539"}],"wp:term":[{"taxonomy":"product_brand","embeddable":true,"href":"https:\/\/occasions-teile.ch\/en\/wp-json\/wp\/v2\/product_brand?post=299539"},{"taxonomy":"product_cat","embeddable":true,"href":"https:\/\/occasions-teile.ch\/en\/wp-json\/wp\/v2\/product_cat?post=299539"},{"taxonomy":"product_tag","embeddable":true,"href":"https:\/\/occasions-teile.ch\/en\/wp-json\/wp\/v2\/product_tag?post=299539"}],"curies":[{"name":"wp","href":"https:\/\/api.w.org\/{rel}","templated":true}]}}