{"id":299519,"date":"2024-04-24T15:26:51","date_gmt":"2024-04-24T15:26:51","guid":{"rendered":"https:\/\/occasions-teile.ch\/product\/jeep-compass-bremszange-bremssattel-hinten\/"},"modified":"2024-05-27T04:00:54","modified_gmt":"2024-05-27T04:00:54","slug":"jeep-compass-bremszange-bremssattel-hinten","status":"publish","type":"product","link":"https:\/\/occasions-teile.ch\/en\/produkt\/jeep-compass-bremszange-bremssattel-hinten\/","title":{"rendered":"Jeep Compass  Bremszange Bremssattel hinten"},"content":{"rendered":"<p><span><b>Technische Daten<\/b><\/p>\n<p> Fahrzeug: Jeep Compass<br \/>\n Chassis Nr.: 3C4NJDCH7KT588738<br \/>\n Baujahr: 2019<br \/>\n Kilometer: 65603 KM<br \/>\n Leistung: 170 KW<br \/>\n Hubraum: 1368 ccm<br \/>\n Typ: 1JB362<br \/>\n Farbcode: grau<br \/>\n Hinweise: &#8211;<\/p>\n<p> Versand: Versand nur in der Schweiz m\u00f6glich.Im Ausland ist der Transport k\u00e4uferseits.<br \/>\n Garantie: 3 Monate Garantie. Bitte beachten Sie, dass die Gew\u00e4hrleistung nur g\u00fcltig ist, wenn der Ersatzteileinbau durch eine Fachwerkstatt\/Meisterwerkstatt erfolgt. Das Ein- und Ausbau des Ersatzteiles kann nicht an uns verrechnet werden. <\/p>\n<p> Ersatzteil: f\u00fcr andere Fahrzeugen (Marken) verf\u00fcgbar auf anfrage. Tel.041 980 27 47. Mobil. 076 589 27 47<\/p>\n<p> Kontakt<br \/>\n  Adresse: Autoverwertung Brun AG<br \/>\n           M\u00f6\u00f6slimatten 13<br \/>\n           6218 Ettiswil<br \/>\n  Telefon: 0041 (041) 980 27 47<br \/>\n  Telefax: 0041 (041) 980 03 47<\/p>\n<p> Wir bieten Ihnen weitere gebrauchte Autoteile zum Kauf an.<br \/>\n Tags: Bremszange Bremssattel hinten, Rear brake caliper, E\u00b4trier de frein arrie`re<br \/>\n<\/span><\/p>\n","protected":false},"excerpt":{"rendered":"<p>Technische Daten Fahrzeug: Jeep Compass Chassis Nr.: 3C4NJDCH7KT588738 Baujahr: 2019 Kilometer: 65603 KM Leistung: 170 KW Hubraum: 1368 ccm Typ: 1JB362 Farbcode: grau Hinweise: &#8211; Versand: Versand nur in der Schweiz m\u00f6glich.Im Ausland ist der Transport k\u00e4uferseits. Garantie: 3 Monate Garantie. Bitte beachten Sie, dass die Gew\u00e4hrleistung nur g\u00fcltig ist, wenn der Ersatzteileinbau durch eine&hellip; <a class=\"more-link\" href=\"https:\/\/occasions-teile.ch\/en\/produkt\/jeep-compass-bremszange-bremssattel-hinten\/\">Continue reading <span class=\"screen-reader-text\">Jeep Compass  Bremszange Bremssattel hinten<\/span><\/a><\/p>\n","protected":false},"featured_media":299516,"template":"","meta":[],"product_brand":[],"product_cat":[23674,18836,8012,8012,8012,777,530,530,777,1086,2301,2301,2301,777,1086,530,2202,2202,2202,1086],"product_tag":[],"class_list":{"0":"post-299519","1":"product","2":"type-product","3":"status-publish","4":"has-post-thumbnail","6":"product_cat-de-1-4-multiair-de_compass-de_jeep-manufacturer-134","7":"product_cat-de-1-4-multiair-de_compass-de_jeep-manufacturer-103","8":"product_cat-de-3c4njdch7kt588738-200000248","11":"product_cat-de-bremssatteltraeger","12":"product_cat-de-bremse-bremsanlage","15":"product_cat-de-bremszange-bremssattel-hinten","16":"product_cat-de_compass","22":"product_cat-de_jeep","26":"product_shipping_class-tarif-1","27":"entry","29":"first","30":"instock","31":"taxable","32":"shipping-taxable","33":"purchasable","34":"product-type-simple"},"jetpack_sharing_enabled":true,"_links":{"self":[{"href":"https:\/\/occasions-teile.ch\/en\/wp-json\/wp\/v2\/product\/299519","targetHints":{"allow":["GET"]}}],"collection":[{"href":"https:\/\/occasions-teile.ch\/en\/wp-json\/wp\/v2\/product"}],"about":[{"href":"https:\/\/occasions-teile.ch\/en\/wp-json\/wp\/v2\/types\/product"}],"wp:featuredmedia":[{"embeddable":true,"href":"https:\/\/occasions-teile.ch\/en\/wp-json\/wp\/v2\/media\/299516"}],"wp:attachment":[{"href":"https:\/\/occasions-teile.ch\/en\/wp-json\/wp\/v2\/media?parent=299519"}],"wp:term":[{"taxonomy":"product_brand","embeddable":true,"href":"https:\/\/occasions-teile.ch\/en\/wp-json\/wp\/v2\/product_brand?post=299519"},{"taxonomy":"product_cat","embeddable":true,"href":"https:\/\/occasions-teile.ch\/en\/wp-json\/wp\/v2\/product_cat?post=299519"},{"taxonomy":"product_tag","embeddable":true,"href":"https:\/\/occasions-teile.ch\/en\/wp-json\/wp\/v2\/product_tag?post=299519"}],"curies":[{"name":"wp","href":"https:\/\/api.w.org\/{rel}","templated":true}]}}