{"id":299351,"date":"2024-04-24T12:52:03","date_gmt":"2024-04-24T12:52:03","guid":{"rendered":"https:\/\/occasions-teile.ch\/product\/opel-zafira-wischermotor-vorne\/"},"modified":"2024-05-27T05:36:19","modified_gmt":"2024-05-27T05:36:19","slug":"opel-zafira-wischermotor-vorne","status":"publish","type":"product","link":"https:\/\/occasions-teile.ch\/en\/produkt\/opel-zafira-wischermotor-vorne\/","title":{"rendered":"Opel Zafira  Wischermotor vorne"},"content":{"rendered":"<p><span><b>Technische Daten<\/b><\/p>\n<p> Fahrzeug: Opel Zafira<br \/>\n Chassis Nr.: W0LPE9EN8E2054729<br \/>\n Baujahr: 2014<br \/>\n Kilometer: 152315 KM<br \/>\n Leistung: 165 KW<br \/>\n Hubraum: 1956 ccm<br \/>\n Typ: 1ob627<br \/>\n Farbcode: &#8211;<br \/>\n Hinweise: &#8211;<\/p>\n<p> Versand: Versand nur in der Schweiz m\u00f6glich.Im Ausland ist der Transport k\u00e4uferseits.<br \/>\n Garantie: 3 Monate Garantie. Bitte beachten Sie, dass die Gew\u00e4hrleistung nur g\u00fcltig ist, wenn der Ersatzteileinbau durch eine Fachwerkstatt\/Meisterwerkstatt erfolgt. Das Ein- und Ausbau des Ersatzteiles kann nicht an uns verrechnet werden. <\/p>\n<p> Ersatzteil: f\u00fcr andere Fahrzeugen (Marken) verf\u00fcgbar auf anfrage. Tel.041 980 27 47. Mobil. 076 589 27 47<\/p>\n<p> Kontakt<br \/>\n  Adresse: Autoverwertung Brun AG<br \/>\n           M\u00f6\u00f6slimatten 13<br \/>\n           6218 Ettiswil<br \/>\n  Telefon: 0041 (041) 980 27 47<br \/>\n  Telefax: 0041 (041) 980 03 47<\/p>\n<p> Wir bieten Ihnen weitere gebrauchte Autoteile zum Kauf an.<br \/>\n Tags: Wischermotor vorne, Wiper motor front, Moteur d&#8217;essuie-glace avant<br \/>\n<\/span><\/p>\n","protected":false},"excerpt":{"rendered":"<p>Technische Daten Fahrzeug: Opel Zafira Chassis Nr.: W0LPE9EN8E2054729 Baujahr: 2014 Kilometer: 152315 KM Leistung: 165 KW Hubraum: 1956 ccm Typ: 1ob627 Farbcode: &#8211; Hinweise: &#8211; Versand: Versand nur in der Schweiz m\u00f6glich.Im Ausland ist der Transport k\u00e4uferseits. Garantie: 3 Monate Garantie. Bitte beachten Sie, dass die Gew\u00e4hrleistung nur g\u00fcltig ist, wenn der Ersatzteileinbau durch eine&hellip; <a class=\"more-link\" href=\"https:\/\/occasions-teile.ch\/en\/produkt\/opel-zafira-wischermotor-vorne\/\">Continue reading <span class=\"screen-reader-text\">Opel Zafira  Wischermotor vorne<\/span><\/a><\/p>\n","protected":false},"featured_media":299348,"template":"","meta":[],"product_brand":[],"product_cat":[23677,18794,676,677,675,616,619,613,669,1416,1418,1414,672,673,674,671,670,1417,1419,1415],"product_tag":[],"class_list":{"0":"post-299351","1":"product","2":"type-product","3":"status-publish","4":"has-post-thumbnail","6":"product_cat-de-c-20dth-de_zafira-de_opel-manufacturer-52","7":"product_cat-de-c-20dth-de_zafira-de_opel-manufacturer-16","8":"product_cat-fr-moteur-dessuie-glace-avant","9":"product_cat-fr-moteur-dessuie-glace-avant-fr-moteur-dessuie-glace-avant","10":"product_cat-fr-nettoyage-des-vitres","11":"product_cat-en_opel","12":"product_cat-fr_opel","13":"product_cat-de_opel","14":"product_cat-de-scheibenreinigung","15":"product_cat-en-w0lpe9en8e2054729","16":"product_cat-fr-w0lpe9en8e2054729","17":"product_cat-de-w0lpe9en8e2054729","18":"product_cat-en-window-cleaning","19":"product_cat-en-wiper-motor-front","20":"product_cat-en-wiper-motor-front-en-wiper-motor-front","21":"product_cat-de-wischermotorvorn-de-wischermotorvorn","22":"product_cat-de-wischermotorvorn","23":"product_cat-en_zafira","24":"product_cat-fr_zafira","25":"product_cat-de_zafira","26":"product_shipping_class-tarif-1","27":"entry","29":"first","30":"instock","31":"taxable","32":"shipping-taxable","33":"purchasable","34":"product-type-simple"},"jetpack_sharing_enabled":true,"_links":{"self":[{"href":"https:\/\/occasions-teile.ch\/en\/wp-json\/wp\/v2\/product\/299351","targetHints":{"allow":["GET"]}}],"collection":[{"href":"https:\/\/occasions-teile.ch\/en\/wp-json\/wp\/v2\/product"}],"about":[{"href":"https:\/\/occasions-teile.ch\/en\/wp-json\/wp\/v2\/types\/product"}],"wp:featuredmedia":[{"embeddable":true,"href":"https:\/\/occasions-teile.ch\/en\/wp-json\/wp\/v2\/media\/299348"}],"wp:attachment":[{"href":"https:\/\/occasions-teile.ch\/en\/wp-json\/wp\/v2\/media?parent=299351"}],"wp:term":[{"taxonomy":"product_brand","embeddable":true,"href":"https:\/\/occasions-teile.ch\/en\/wp-json\/wp\/v2\/product_brand?post=299351"},{"taxonomy":"product_cat","embeddable":true,"href":"https:\/\/occasions-teile.ch\/en\/wp-json\/wp\/v2\/product_cat?post=299351"},{"taxonomy":"product_tag","embeddable":true,"href":"https:\/\/occasions-teile.ch\/en\/wp-json\/wp\/v2\/product_tag?post=299351"}],"curies":[{"name":"wp","href":"https:\/\/api.w.org\/{rel}","templated":true}]}}