{"id":299257,"date":"2024-04-24T11:30:53","date_gmt":"2024-04-24T11:30:53","guid":{"rendered":"https:\/\/occasions-teile.ch\/product\/seat-alhambra-achsschenkel-vorn-rechts\/"},"modified":"2024-05-27T12:02:49","modified_gmt":"2024-05-27T12:02:49","slug":"seat-alhambra-achsschenkel-vorn-rechts","status":"publish","type":"product","link":"https:\/\/occasions-teile.ch\/en\/produkt\/seat-alhambra-achsschenkel-vorn-rechts\/","title":{"rendered":"SEAT Alhambra  Achsschenkel vorn rechts"},"content":{"rendered":"<p><span><b>Technische Daten<\/b><\/p>\n<p> Fahrzeug: SEAT Alhambra<br \/>\n Chassis Nr.: VSSZZZ7NZEV510698<br \/>\n Baujahr: 2013<br \/>\n Kilometer: 180000 KM<br \/>\n Leistung: 140 KW<br \/>\n Hubraum: 1968 ccm<br \/>\n Typ: 1SH121<br \/>\n Farbcode: Black<br \/>\n Hinweise: &#8211;<\/p>\n<p> Versand: Versand nur in der Schweiz m\u00f6glich.Im Ausland ist der Transport k\u00e4uferseits.<br \/>\n Garantie: 3 Monate Garantie. Bitte beachten Sie, dass die Gew\u00e4hrleistung nur g\u00fcltig ist, wenn der Ersatzteileinbau durch eine Fachwerkstatt\/Meisterwerkstatt erfolgt. Das Ein- und Ausbau des Ersatzteiles kann nicht an uns verrechnet werden. <\/p>\n<p> Ersatzteil: f\u00fcr andere Fahrzeugen (Marken) verf\u00fcgbar auf anfrage. Tel.041 980 27 47. Mobil. 076 589 27 47<\/p>\n<p> Kontakt<br \/>\n  Adresse: Autoverwertung Brun AG<br \/>\n           M\u00f6\u00f6slimatten 13<br \/>\n           6218 Ettiswil<br \/>\n  Telefon: 0041 (041) 980 27 47<br \/>\n  Telefax: 0041 (041) 980 03 47<\/p>\n<p> Wir bieten Ihnen weitere gebrauchte Autoteile zum Kauf an.<br \/>\n Tags: Achsschenkel vorn rechts, Knuckle front right , Fuse\u00b4e de roue avant droite<br \/>\n<\/span><\/p>\n","protected":false},"excerpt":{"rendered":"<p>Technische Daten Fahrzeug: SEAT Alhambra Chassis Nr.: VSSZZZ7NZEV510698 Baujahr: 2013 Kilometer: 180000 KM Leistung: 140 KW Hubraum: 1968 ccm Typ: 1SH121 Farbcode: Black Hinweise: &#8211; Versand: Versand nur in der Schweiz m\u00f6glich.Im Ausland ist der Transport k\u00e4uferseits. Garantie: 3 Monate Garantie. Bitte beachten Sie, dass die Gew\u00e4hrleistung nur g\u00fcltig ist, wenn der Ersatzteileinbau durch eine&hellip; <a class=\"more-link\" href=\"https:\/\/occasions-teile.ch\/en\/produkt\/seat-alhambra-achsschenkel-vorn-rechts\/\">Continue reading <span class=\"screen-reader-text\">SEAT Alhambra  Achsschenkel vorn rechts<\/span><\/a><\/p>\n","protected":false},"featured_media":299254,"template":"","meta":[],"product_brand":[],"product_cat":[18771,23682,795,542,1996,1992,1994,544,541,797,548,796,1494,1497,1500,545,547,1995,1991,1993],"product_tag":[],"class_list":{"0":"post-299257","1":"product","2":"type-product","3":"status-publish","4":"has-post-thumbnail","6":"product_cat-de-2-0tdi-4m-de_alhambra-de_seat-manufacturer-2","7":"product_cat-de-2-0tdi-4m-de_alhambra-de_seat-manufacturer-13","8":"product_cat-de-achsschenkel-vorn-rechts","9":"product_cat-de-achsschenkel-radnaben","10":"product_cat-fr_alhambra","11":"product_cat-de_alhambra","12":"product_cat-en_alhambra","13":"product_cat-en-chassis-steering","14":"product_cat-de-fahrwerk-lenkung","15":"product_cat-fr-fusee-de-roue-avant-droite","16":"product_cat-fr-fusees-de-roue-moyeux-de-roue","17":"product_cat-en-knuckle-front-right","18":"product_cat-de_seat","19":"product_cat-en_seat","20":"product_cat-fr_seat","21":"product_cat-en-steering-knuckle-wheel-hubs","22":"product_cat-fr-train-de-roulement-direction","23":"product_cat-fr-vsszzz7nzev510698","24":"product_cat-de-vsszzz7nzev510698","25":"product_cat-en-vsszzz7nzev510698","26":"product_shipping_class-tarif-1","27":"entry","29":"first","30":"instock","31":"taxable","32":"shipping-taxable","33":"purchasable","34":"product-type-simple"},"jetpack_sharing_enabled":true,"_links":{"self":[{"href":"https:\/\/occasions-teile.ch\/en\/wp-json\/wp\/v2\/product\/299257","targetHints":{"allow":["GET"]}}],"collection":[{"href":"https:\/\/occasions-teile.ch\/en\/wp-json\/wp\/v2\/product"}],"about":[{"href":"https:\/\/occasions-teile.ch\/en\/wp-json\/wp\/v2\/types\/product"}],"wp:featuredmedia":[{"embeddable":true,"href":"https:\/\/occasions-teile.ch\/en\/wp-json\/wp\/v2\/media\/299254"}],"wp:attachment":[{"href":"https:\/\/occasions-teile.ch\/en\/wp-json\/wp\/v2\/media?parent=299257"}],"wp:term":[{"taxonomy":"product_brand","embeddable":true,"href":"https:\/\/occasions-teile.ch\/en\/wp-json\/wp\/v2\/product_brand?post=299257"},{"taxonomy":"product_cat","embeddable":true,"href":"https:\/\/occasions-teile.ch\/en\/wp-json\/wp\/v2\/product_cat?post=299257"},{"taxonomy":"product_tag","embeddable":true,"href":"https:\/\/occasions-teile.ch\/en\/wp-json\/wp\/v2\/product_tag?post=299257"}],"curies":[{"name":"wp","href":"https:\/\/api.w.org\/{rel}","templated":true}]}}