{"id":298940,"date":"2024-04-24T06:49:29","date_gmt":"2024-04-24T06:49:29","guid":{"rendered":"https:\/\/occasions-teile.ch\/product\/jeep-grand-cherokee-wagenheber\/"},"modified":"2024-05-24T19:08:22","modified_gmt":"2024-05-24T19:08:22","slug":"jeep-grand-cherokee-wagenheber","status":"publish","type":"product","link":"https:\/\/occasions-teile.ch\/en\/produkt\/jeep-grand-cherokee-wagenheber\/","title":{"rendered":"Jeep Grand Cherokee  Wagenheber"},"content":{"rendered":"<p><span><b>Technische Daten<\/b><\/p>\n<p> Fahrzeug: Jeep Grand Cherokee<br \/>\n Chassis Nr.: 1C4RJFAM8EC342603<br \/>\n Baujahr: 2014<br \/>\n Kilometer: 178216 KM<br \/>\n Leistung: 250 KW<br \/>\n Hubraum: 2987 ccm<br \/>\n Typ: X<br \/>\n Farbcode: blau<br \/>\n Hinweise: &#8211;<\/p>\n<p> Versand: Versand nur in der Schweiz m\u00f6glich.Im Ausland ist der Transport k\u00e4uferseits.<br \/>\n Garantie: 3 Monate Garantie. Bitte beachten Sie, dass die Gew\u00e4hrleistung nur g\u00fcltig ist, wenn der Ersatzteileinbau durch eine Fachwerkstatt\/Meisterwerkstatt erfolgt. Das Ein- und Ausbau des Ersatzteiles kann nicht an uns verrechnet werden. <\/p>\n<p> Ersatzteil: f\u00fcr andere Fahrzeugen (Marken) verf\u00fcgbar auf anfrage. Tel.041 980 27 47. Mobil. 076 589 27 47<\/p>\n<p> Kontakt<br \/>\n  Adresse: Autoverwertung Brun AG<br \/>\n           M\u00f6\u00f6slimatten 13<br \/>\n           6218 Ettiswil<br \/>\n  Telefon: 0041 (041) 980 27 47<br \/>\n  Telefax: 0041 (041) 980 03 47<\/p>\n<p> Wir bieten Ihnen weitere gebrauchte Autoteile zum Kauf an.<br \/>\n Tags: Wagenheber, Jack, Cric<br \/>\n<\/span><\/p>\n","protected":false},"excerpt":{"rendered":"<p>Technische Daten Fahrzeug: Jeep Grand Cherokee Chassis Nr.: 1C4RJFAM8EC342603 Baujahr: 2014 Kilometer: 178216 KM Leistung: 250 KW Hubraum: 2987 ccm Typ: X Farbcode: blau Hinweise: &#8211; Versand: Versand nur in der Schweiz m\u00f6glich.Im Ausland ist der Transport k\u00e4uferseits. Garantie: 3 Monate Garantie. Bitte beachten Sie, dass die Gew\u00e4hrleistung nur g\u00fcltig ist, wenn der Ersatzteileinbau durch&hellip; <a class=\"more-link\" href=\"https:\/\/occasions-teile.ch\/en\/produkt\/jeep-grand-cherokee-wagenheber\/\">Continue reading <span class=\"screen-reader-text\">Jeep Grand Cherokee  Wagenheber<\/span><\/a><\/p>\n","protected":false},"featured_media":298937,"template":"","meta":[],"product_brand":[],"product_cat":[2207,2204,2201,18692,23586,2214,2215,2203,2209,2206,2212,2213,2208,2205,2202,550,556,2210,2211,553],"product_tag":[],"class_list":{"0":"post-298940","1":"product","2":"type-product","3":"status-publish","4":"has-post-thumbnail","6":"product_cat-fr-1c4rjfam8ec342603-20000189","7":"product_cat-en-1c4rjfam8ec342603-20000189","8":"product_cat-de-1c4rjfam8ec342603-20000189","9":"product_cat-de-3-0d-de_grand-cherokee-de_jeep-manufacturer-9","10":"product_cat-de-3-0d-de_grand-cherokee-de_jeep-manufacturer-85","11":"product_cat-fr-cric","12":"product_cat-fr-cric-fr-cric","13":"product_cat-de_grand-cherokee","14":"product_cat-fr_grand-cherokee","15":"product_cat-en_grand-cherokee","16":"product_cat-en-jack","17":"product_cat-en-jack-en-jack","18":"product_cat-fr_jeep","19":"product_cat-en_jeep","20":"product_cat-de_jeep","21":"product_cat-de-raeder-reifen-felgen","22":"product_cat-fr-roues-pneus-jantes","23":"product_cat-de-wagenheber","24":"product_cat-de-wagenheber-de-wagenheber","25":"product_cat-en-wheels-tires-rims","26":"product_shipping_class-tarif-2","27":"entry","29":"first","30":"instock","31":"taxable","32":"shipping-taxable","33":"purchasable","34":"product-type-simple"},"jetpack_sharing_enabled":true,"_links":{"self":[{"href":"https:\/\/occasions-teile.ch\/en\/wp-json\/wp\/v2\/product\/298940","targetHints":{"allow":["GET"]}}],"collection":[{"href":"https:\/\/occasions-teile.ch\/en\/wp-json\/wp\/v2\/product"}],"about":[{"href":"https:\/\/occasions-teile.ch\/en\/wp-json\/wp\/v2\/types\/product"}],"wp:featuredmedia":[{"embeddable":true,"href":"https:\/\/occasions-teile.ch\/en\/wp-json\/wp\/v2\/media\/298937"}],"wp:attachment":[{"href":"https:\/\/occasions-teile.ch\/en\/wp-json\/wp\/v2\/media?parent=298940"}],"wp:term":[{"taxonomy":"product_brand","embeddable":true,"href":"https:\/\/occasions-teile.ch\/en\/wp-json\/wp\/v2\/product_brand?post=298940"},{"taxonomy":"product_cat","embeddable":true,"href":"https:\/\/occasions-teile.ch\/en\/wp-json\/wp\/v2\/product_cat?post=298940"},{"taxonomy":"product_tag","embeddable":true,"href":"https:\/\/occasions-teile.ch\/en\/wp-json\/wp\/v2\/product_tag?post=298940"}],"curies":[{"name":"wp","href":"https:\/\/api.w.org\/{rel}","templated":true}]}}