{"id":298716,"date":"2024-04-24T03:25:31","date_gmt":"2024-04-24T03:25:31","guid":{"rendered":"https:\/\/occasions-teile.ch\/product\/bmw-x-serien-x3-navigation-bedienteil\/"},"modified":"2024-05-25T08:26:15","modified_gmt":"2024-05-25T08:26:15","slug":"bmw-x-serien-x3-navigation-bedienteil","status":"publish","type":"product","link":"https:\/\/occasions-teile.ch\/en\/produkt\/bmw-x-serien-x3-navigation-bedienteil\/","title":{"rendered":"BMW X-serien X3 Navigation Bedienteil"},"content":{"rendered":"<p><span><b>Technische Daten<\/b><\/p>\n<p> Fahrzeug: BMW X-serien X3<br \/>\n Chassis Nr.: WBAWY310700F00059<br \/>\n Baujahr: 2013<br \/>\n Kilometer: 246838 KM<br \/>\n Leistung: 184 KW<br \/>\n Hubraum: 1995 ccm<br \/>\n Typ: 1BC469<br \/>\n Farbcode: Black<br \/>\n Hinweise: &#8211;<\/p>\n<p> Versand: Versand nur in der Schweiz m\u00f6glich.Im Ausland ist der Transport k\u00e4uferseits.<br \/>\n Garantie: 3 Monate Garantie. Bitte beachten Sie, dass die Gew\u00e4hrleistung nur g\u00fcltig ist, wenn der Ersatzteileinbau durch eine Fachwerkstatt\/Meisterwerkstatt erfolgt. Das Ein- und Ausbau des Ersatzteiles kann nicht an uns verrechnet werden. <\/p>\n<p> Ersatzteil: f\u00fcr andere Fahrzeugen (Marken) verf\u00fcgbar auf anfrage. Tel.041 980 27 47. Mobil. 076 589 27 47<\/p>\n<p> Kontakt<br \/>\n  Adresse: Autoverwertung Brun AG<br \/>\n           M\u00f6\u00f6slimatten 13<br \/>\n           6218 Ettiswil<br \/>\n  Telefon: 0041 (041) 980 27 47<br \/>\n  Telefax: 0041 (041) 980 03 47<\/p>\n<p> Wir bieten Ihnen weitere gebrauchte Autoteile zum Kauf an.<br \/>\n Tags: Navigation Bedienteil, Navigation control panel, Panneau de commande de navigation<br \/>\n<\/span><\/p>\n","protected":false},"excerpt":{"rendered":"<p>Technische Daten Fahrzeug: BMW X-serien X3 Chassis Nr.: WBAWY310700F00059 Baujahr: 2013 Kilometer: 246838 KM Leistung: 184 KW Hubraum: 1995 ccm Typ: 1BC469 Farbcode: Black Hinweise: &#8211; Versand: Versand nur in der Schweiz m\u00f6glich.Im Ausland ist der Transport k\u00e4uferseits. Garantie: 3 Monate Garantie. Bitte beachten Sie, dass die Gew\u00e4hrleistung nur g\u00fcltig ist, wenn der Ersatzteileinbau durch&hellip; <a class=\"more-link\" href=\"https:\/\/occasions-teile.ch\/en\/produkt\/bmw-x-serien-x3-navigation-bedienteil\/\">Continue reading <span class=\"screen-reader-text\">BMW X-serien X3 Navigation Bedienteil<\/span><\/a><\/p>\n","protected":false},"featured_media":298713,"template":"","meta":[],"product_brand":[],"product_cat":[1515,1509,1512,627,624,621,18635,23607,1011,1012,1013,866,868,864,2154,2150,2152,2155,2151,2153],"product_tag":[],"class_list":{"0":"post-298716","1":"product","2":"type-product","3":"status-publish","4":"has-post-thumbnail","6":"product_cat-fr_bmw","7":"product_cat-de_bmw","8":"product_cat-en_bmw","9":"product_cat-fr-electricite-dispositifs-de-commande","10":"product_cat-en-electrics-control-units","11":"product_cat-de-elektrik-steuergeraete","12":"product_cat-de-f25-20d-de_x-serien-x3-de_bmw-manufacturer-7","13":"product_cat-de-f25-20d-de_x-serien-x3-de_bmw-manufacturer-23","14":"product_cat-de-navi-bedienteil","15":"product_cat-en-navi-control-panel","16":"product_cat-fr-panneau-de-controle-navi","17":"product_cat-en-radio-navigation-phone","18":"product_cat-fr-radio-navigation-telephone","19":"product_cat-de-radio-navigation-telefon","20":"product_cat-fr-wbawy310700f00059-20000183","21":"product_cat-de-wbawy310700f00059-20000183","22":"product_cat-en-wbawy310700f00059-20000183","23":"product_cat-fr_x-serien-x3","24":"product_cat-de_x-serien-x3","25":"product_cat-en_x-serien-x3","26":"product_shipping_class-tarif-1","27":"entry","29":"first","30":"instock","31":"taxable","32":"shipping-taxable","33":"purchasable","34":"product-type-simple"},"jetpack_sharing_enabled":true,"_links":{"self":[{"href":"https:\/\/occasions-teile.ch\/en\/wp-json\/wp\/v2\/product\/298716","targetHints":{"allow":["GET"]}}],"collection":[{"href":"https:\/\/occasions-teile.ch\/en\/wp-json\/wp\/v2\/product"}],"about":[{"href":"https:\/\/occasions-teile.ch\/en\/wp-json\/wp\/v2\/types\/product"}],"wp:featuredmedia":[{"embeddable":true,"href":"https:\/\/occasions-teile.ch\/en\/wp-json\/wp\/v2\/media\/298713"}],"wp:attachment":[{"href":"https:\/\/occasions-teile.ch\/en\/wp-json\/wp\/v2\/media?parent=298716"}],"wp:term":[{"taxonomy":"product_brand","embeddable":true,"href":"https:\/\/occasions-teile.ch\/en\/wp-json\/wp\/v2\/product_brand?post=298716"},{"taxonomy":"product_cat","embeddable":true,"href":"https:\/\/occasions-teile.ch\/en\/wp-json\/wp\/v2\/product_cat?post=298716"},{"taxonomy":"product_tag","embeddable":true,"href":"https:\/\/occasions-teile.ch\/en\/wp-json\/wp\/v2\/product_tag?post=298716"}],"curies":[{"name":"wp","href":"https:\/\/api.w.org\/{rel}","templated":true}]}}