{"id":298023,"date":"2024-04-23T16:28:23","date_gmt":"2024-04-23T16:28:23","guid":{"rendered":"https:\/\/occasions-teile.ch\/product\/ford-ranger-sonnenblenden\/"},"modified":"2024-05-28T04:28:09","modified_gmt":"2024-05-28T04:28:09","slug":"ford-ranger-sonnenblenden","status":"publish","type":"product","link":"https:\/\/occasions-teile.ch\/en\/produkt\/ford-ranger-sonnenblenden\/","title":{"rendered":"Ford Ranger  Sonnenblenden"},"content":{"rendered":"<p><span><b>Technische Daten<\/b><\/p>\n<p> Fahrzeug: Ford Ranger<br \/>\n Chassis Nr.: 6FPPXXMJ2PHM54701<br \/>\n Baujahr: 2017<br \/>\n Kilometer: 174987 KM<br \/>\n Leistung: 200 KW<br \/>\n Hubraum: 3198 ccm<br \/>\n Typ: 3ff781<br \/>\n Farbcode: White\/Weiss<br \/>\n Hinweise: &#8211;<\/p>\n<p> Versand: Versand nur in der Schweiz m\u00f6glich.Im Ausland ist der Transport k\u00e4uferseits.<br \/>\n Garantie: 3 Monate Garantie. Bitte beachten Sie, dass die Gew\u00e4hrleistung nur g\u00fcltig ist, wenn der Ersatzteileinbau durch eine Fachwerkstatt\/Meisterwerkstatt erfolgt. Das Ein- und Ausbau des Ersatzteiles kann nicht an uns verrechnet werden. <\/p>\n<p> Ersatzteil: f\u00fcr andere Fahrzeugen (Marken) verf\u00fcgbar auf anfrage. Tel.041 980 27 47. Mobil. 076 589 27 47<\/p>\n<p> Kontakt<br \/>\n  Adresse: Autoverwertung Brun AG<br \/>\n           M\u00f6\u00f6slimatten 13<br \/>\n           6218 Ettiswil<br \/>\n  Telefon: 0041 (041) 980 27 47<br \/>\n  Telefax: 0041 (041) 980 03 47<\/p>\n<p> Wir bieten Ihnen weitere gebrauchte Autoteile zum Kauf an.<br \/>\n Tags: Sonnenblenden, Sun visors, Pare-soleil<br \/>\n<\/span><\/p>\n","protected":false},"excerpt":{"rendered":"<p>Technische Daten Fahrzeug: Ford Ranger Chassis Nr.: 6FPPXXMJ2PHM54701 Baujahr: 2017 Kilometer: 174987 KM Leistung: 200 KW Hubraum: 3198 ccm Typ: 3ff781 Farbcode: White\/Weiss Hinweise: &#8211; Versand: Versand nur in der Schweiz m\u00f6glich.Im Ausland ist der Transport k\u00e4uferseits. Garantie: 3 Monate Garantie. Bitte beachten Sie, dass die Gew\u00e4hrleistung nur g\u00fcltig ist, wenn der Ersatzteileinbau durch eine&hellip; <a class=\"more-link\" href=\"https:\/\/occasions-teile.ch\/en\/produkt\/ford-ranger-sonnenblenden\/\">Continue reading <span class=\"screen-reader-text\">Ford Ranger  Sonnenblenden<\/span><\/a><\/p>\n","protected":false},"featured_media":298020,"template":"","meta":[],"product_brand":[],"product_cat":[2064,2066,2068,889,885,1586,1589,1592,887,804,810,807,890,2069,2065,2067,886,888,18457,23739],"product_tag":[],"class_list":{"0":"post-298023","1":"product","2":"type-product","3":"status-publish","4":"has-post-thumbnail","6":"product_cat-de-6fppxxmj2phm54701","7":"product_cat-en-6fppxxmj2phm54701","8":"product_cat-fr-6fppxxmj2phm54701","9":"product_cat-fr-ciel-de-toit-pare-soleil","10":"product_cat-de-dachhimmel-sonnenblenden","11":"product_cat-de_ford","12":"product_cat-en_ford","13":"product_cat-fr_ford","14":"product_cat-en-headliner-sun-visors","15":"product_cat-de-innenraum","16":"product_cat-fr-interieur","17":"product_cat-en-interior","18":"product_cat-fr-pare-soleil","19":"product_cat-fr_ranger","20":"product_cat-de_ranger","21":"product_cat-en_ranger","22":"product_cat-de-sonnenblenden","23":"product_cat-en-sun-visors","24":"product_cat-de-tke-3-2-tdci-4x4-de_ranger-de_ford-manufacturer-2","25":"product_cat-de-tke-3-2-tdci-4x4-de_ranger-de_ford-manufacturer-30","26":"product_shipping_class-tarif-1","27":"entry","29":"first","30":"instock","31":"taxable","32":"shipping-taxable","33":"purchasable","34":"product-type-simple"},"jetpack_sharing_enabled":true,"_links":{"self":[{"href":"https:\/\/occasions-teile.ch\/en\/wp-json\/wp\/v2\/product\/298023","targetHints":{"allow":["GET"]}}],"collection":[{"href":"https:\/\/occasions-teile.ch\/en\/wp-json\/wp\/v2\/product"}],"about":[{"href":"https:\/\/occasions-teile.ch\/en\/wp-json\/wp\/v2\/types\/product"}],"wp:featuredmedia":[{"embeddable":true,"href":"https:\/\/occasions-teile.ch\/en\/wp-json\/wp\/v2\/media\/298020"}],"wp:attachment":[{"href":"https:\/\/occasions-teile.ch\/en\/wp-json\/wp\/v2\/media?parent=298023"}],"wp:term":[{"taxonomy":"product_brand","embeddable":true,"href":"https:\/\/occasions-teile.ch\/en\/wp-json\/wp\/v2\/product_brand?post=298023"},{"taxonomy":"product_cat","embeddable":true,"href":"https:\/\/occasions-teile.ch\/en\/wp-json\/wp\/v2\/product_cat?post=298023"},{"taxonomy":"product_tag","embeddable":true,"href":"https:\/\/occasions-teile.ch\/en\/wp-json\/wp\/v2\/product_tag?post=298023"}],"curies":[{"name":"wp","href":"https:\/\/api.w.org\/{rel}","templated":true}]}}