{"id":297987,"date":"2024-04-23T15:56:45","date_gmt":"2024-04-23T15:56:45","guid":{"rendered":"https:\/\/occasions-teile.ch\/product\/bmw-x-serien-x3-wischermotor-vorne\/"},"modified":"2024-05-25T08:24:02","modified_gmt":"2024-05-25T08:24:02","slug":"bmw-x-serien-x3-wischermotor-vorne","status":"publish","type":"product","link":"https:\/\/occasions-teile.ch\/en\/produkt\/bmw-x-serien-x3-wischermotor-vorne\/","title":{"rendered":"BMW X-serien X3 Wischermotor vorne"},"content":{"rendered":"<p><span><b>Technische Daten<\/b><\/p>\n<p> Fahrzeug: BMW X-serien X3<br \/>\n Chassis Nr.: WBAWY310700F00059<br \/>\n Baujahr: 2013<br \/>\n Kilometer: 246838 KM<br \/>\n Leistung: 184 KW<br \/>\n Hubraum: 1995 ccm<br \/>\n Typ: 1BC469<br \/>\n Farbcode: Black<br \/>\n Hinweise: &#8211;<\/p>\n<p> Versand: Versand nur in der Schweiz m\u00f6glich.Im Ausland ist der Transport k\u00e4uferseits.<br \/>\n Garantie: 3 Monate Garantie. Bitte beachten Sie, dass die Gew\u00e4hrleistung nur g\u00fcltig ist, wenn der Ersatzteileinbau durch eine Fachwerkstatt\/Meisterwerkstatt erfolgt. Das Ein- und Ausbau des Ersatzteiles kann nicht an uns verrechnet werden. <\/p>\n<p> Ersatzteil: f\u00fcr andere Fahrzeugen (Marken) verf\u00fcgbar auf anfrage. Tel.041 980 27 47. Mobil. 076 589 27 47<\/p>\n<p> Kontakt<br \/>\n  Adresse: Autoverwertung Brun AG<br \/>\n           M\u00f6\u00f6slimatten 13<br \/>\n           6218 Ettiswil<br \/>\n  Telefon: 0041 (041) 980 27 47<br \/>\n  Telefax: 0041 (041) 980 03 47<\/p>\n<p> Wir bieten Ihnen weitere gebrauchte Autoteile zum Kauf an.<br \/>\n Tags: Wischermotor vorne, Wiper motor front, Moteur d&#8217;essuie-glace avant<br \/>\n<\/span><\/p>\n","protected":false},"excerpt":{"rendered":"<p>Technische Daten Fahrzeug: BMW X-serien X3 Chassis Nr.: WBAWY310700F00059 Baujahr: 2013 Kilometer: 246838 KM Leistung: 184 KW Hubraum: 1995 ccm Typ: 1BC469 Farbcode: Black Hinweise: &#8211; Versand: Versand nur in der Schweiz m\u00f6glich.Im Ausland ist der Transport k\u00e4uferseits. Garantie: 3 Monate Garantie. Bitte beachten Sie, dass die Gew\u00e4hrleistung nur g\u00fcltig ist, wenn der Ersatzteileinbau durch&hellip; <a class=\"more-link\" href=\"https:\/\/occasions-teile.ch\/en\/produkt\/bmw-x-serien-x3-wischermotor-vorne\/\">Continue reading <span class=\"screen-reader-text\">BMW X-serien X3 Wischermotor vorne<\/span><\/a><\/p>\n","protected":false},"featured_media":297984,"template":"","meta":[],"product_brand":[],"product_cat":[1509,1512,1515,18448,23607,676,677,675,669,2152,2154,2150,672,673,674,670,671,2151,2153,2155],"product_tag":[],"class_list":{"0":"post-297987","1":"product","2":"type-product","3":"status-publish","4":"has-post-thumbnail","6":"product_cat-de_bmw","7":"product_cat-en_bmw","8":"product_cat-fr_bmw","9":"product_cat-de-f25-20d-de_x-serien-x3-de_bmw-manufacturer-4","10":"product_cat-de-f25-20d-de_x-serien-x3-de_bmw-manufacturer-23","11":"product_cat-fr-moteur-dessuie-glace-avant","12":"product_cat-fr-moteur-dessuie-glace-avant-fr-moteur-dessuie-glace-avant","13":"product_cat-fr-nettoyage-des-vitres","14":"product_cat-de-scheibenreinigung","15":"product_cat-en-wbawy310700f00059-20000183","16":"product_cat-fr-wbawy310700f00059-20000183","17":"product_cat-de-wbawy310700f00059-20000183","18":"product_cat-en-window-cleaning","19":"product_cat-en-wiper-motor-front","20":"product_cat-en-wiper-motor-front-en-wiper-motor-front","21":"product_cat-de-wischermotorvorn","22":"product_cat-de-wischermotorvorn-de-wischermotorvorn","23":"product_cat-de_x-serien-x3","24":"product_cat-en_x-serien-x3","25":"product_cat-fr_x-serien-x3","26":"product_shipping_class-tarif-1","27":"entry","29":"first","30":"instock","31":"taxable","32":"shipping-taxable","33":"purchasable","34":"product-type-simple"},"jetpack_sharing_enabled":true,"_links":{"self":[{"href":"https:\/\/occasions-teile.ch\/en\/wp-json\/wp\/v2\/product\/297987","targetHints":{"allow":["GET"]}}],"collection":[{"href":"https:\/\/occasions-teile.ch\/en\/wp-json\/wp\/v2\/product"}],"about":[{"href":"https:\/\/occasions-teile.ch\/en\/wp-json\/wp\/v2\/types\/product"}],"wp:featuredmedia":[{"embeddable":true,"href":"https:\/\/occasions-teile.ch\/en\/wp-json\/wp\/v2\/media\/297984"}],"wp:attachment":[{"href":"https:\/\/occasions-teile.ch\/en\/wp-json\/wp\/v2\/media?parent=297987"}],"wp:term":[{"taxonomy":"product_brand","embeddable":true,"href":"https:\/\/occasions-teile.ch\/en\/wp-json\/wp\/v2\/product_brand?post=297987"},{"taxonomy":"product_cat","embeddable":true,"href":"https:\/\/occasions-teile.ch\/en\/wp-json\/wp\/v2\/product_cat?post=297987"},{"taxonomy":"product_tag","embeddable":true,"href":"https:\/\/occasions-teile.ch\/en\/wp-json\/wp\/v2\/product_tag?post=297987"}],"curies":[{"name":"wp","href":"https:\/\/api.w.org\/{rel}","templated":true}]}}