{"id":297979,"date":"2024-04-23T15:49:41","date_gmt":"2024-04-23T15:49:41","guid":{"rendered":"https:\/\/occasions-teile.ch\/product\/bmw-1-serien-118-display-navigation\/"},"modified":"2024-05-30T03:45:55","modified_gmt":"2024-05-30T03:45:55","slug":"bmw-1-serien-118-display-navigation","status":"publish","type":"product","link":"https:\/\/occasions-teile.ch\/en\/produkt\/bmw-1-serien-118-display-navigation\/","title":{"rendered":"BMW 1-serien 118 Display Navigation"},"content":{"rendered":"<p><span><b>Technische Daten<\/b><\/p>\n<p> Fahrzeug: BMW 1-serien 118<br \/>\n Chassis Nr.: WBA1R51060V992506<br \/>\n Baujahr: 2017<br \/>\n Kilometer: 120139 KM<br \/>\n Leistung: 136 KW<br \/>\n Hubraum: 1499 ccm<br \/>\n Typ: 1BH835<br \/>\n Farbcode: orange<br \/>\n Hinweise: &#8211;<\/p>\n<p> Versand: Versand nur in der Schweiz m\u00f6glich.Im Ausland ist der Transport k\u00e4uferseits.<br \/>\n Garantie: 3 Monate Garantie. Bitte beachten Sie, dass die Gew\u00e4hrleistung nur g\u00fcltig ist, wenn der Ersatzteileinbau durch eine Fachwerkstatt\/Meisterwerkstatt erfolgt. Das Ein- und Ausbau des Ersatzteiles kann nicht an uns verrechnet werden. <\/p>\n<p> Ersatzteil: f\u00fcr andere Fahrzeugen (Marken) verf\u00fcgbar auf anfrage. Tel.041 980 27 47. Mobil. 076 589 27 47<\/p>\n<p> Kontakt<br \/>\n  Adresse: Autoverwertung Brun AG<br \/>\n           M\u00f6\u00f6slimatten 13<br \/>\n           6218 Ettiswil<br \/>\n  Telefon: 0041 (041) 980 27 47<br \/>\n  Telefax: 0041 (041) 980 03 47<\/p>\n<p> Wir bieten Ihnen weitere gebrauchte Autoteile zum Kauf an.<br \/>\n Tags: Display Navigation , Navigation display, Affichage de la navigation<br \/>\n<\/span><\/p>\n","protected":false},"excerpt":{"rendered":"<p>Technische Daten Fahrzeug: BMW 1-serien 118 Chassis Nr.: WBA1R51060V992506 Baujahr: 2017 Kilometer: 120139 KM Leistung: 136 KW Hubraum: 1499 ccm Typ: 1BH835 Farbcode: orange Hinweise: &#8211; Versand: Versand nur in der Schweiz m\u00f6glich.Im Ausland ist der Transport k\u00e4uferseits. Garantie: 3 Monate Garantie. Bitte beachten Sie, dass die Gew\u00e4hrleistung nur g\u00fcltig ist, wenn der Ersatzteileinbau durch&hellip; <a class=\"more-link\" href=\"https:\/\/occasions-teile.ch\/en\/produkt\/bmw-1-serien-118-display-navigation\/\">Continue reading <span class=\"screen-reader-text\">BMW 1-serien 118 Display Navigation<\/span><\/a><\/p>\n","protected":false},"featured_media":297976,"template":"","meta":[],"product_brand":[],"product_cat":[2200,2196,2198,1138,1515,1509,1512,627,624,621,18446,23815,1137,1136,866,868,864,2199,2195,2197],"product_tag":[],"class_list":{"0":"post-297979","1":"product","2":"type-product","3":"status-publish","4":"has-post-thumbnail","6":"product_cat-fr_1-serien-118","7":"product_cat-de_1-serien-118","8":"product_cat-en_1-serien-118","9":"product_cat-fr-affichage-de-la-navigation","10":"product_cat-fr_bmw","11":"product_cat-de_bmw","12":"product_cat-en_bmw","13":"product_cat-fr-electricite-dispositifs-de-commande","14":"product_cat-en-electrics-control-units","15":"product_cat-de-elektrik-steuergeraete","16":"product_cat-de-f20-de_1-serien-118-de_bmw-manufacturer","17":"product_cat-de-f20-de_1-serien-118-de_bmw-manufacturer-18","18":"product_cat-en-navigation-display","19":"product_cat-de-navigation-display","20":"product_cat-en-radio-navigation-phone","21":"product_cat-fr-radio-navigation-telephone","22":"product_cat-de-radio-navigation-telefon","23":"product_cat-fr-wba1r51060v992506-20000188","24":"product_cat-de-wba1r51060v992506-20000188","25":"product_cat-en-wba1r51060v992506-20000188","26":"product_shipping_class-tarif-1","27":"entry","29":"first","30":"instock","31":"taxable","32":"shipping-taxable","33":"purchasable","34":"product-type-simple"},"jetpack_sharing_enabled":true,"_links":{"self":[{"href":"https:\/\/occasions-teile.ch\/en\/wp-json\/wp\/v2\/product\/297979","targetHints":{"allow":["GET"]}}],"collection":[{"href":"https:\/\/occasions-teile.ch\/en\/wp-json\/wp\/v2\/product"}],"about":[{"href":"https:\/\/occasions-teile.ch\/en\/wp-json\/wp\/v2\/types\/product"}],"wp:featuredmedia":[{"embeddable":true,"href":"https:\/\/occasions-teile.ch\/en\/wp-json\/wp\/v2\/media\/297976"}],"wp:attachment":[{"href":"https:\/\/occasions-teile.ch\/en\/wp-json\/wp\/v2\/media?parent=297979"}],"wp:term":[{"taxonomy":"product_brand","embeddable":true,"href":"https:\/\/occasions-teile.ch\/en\/wp-json\/wp\/v2\/product_brand?post=297979"},{"taxonomy":"product_cat","embeddable":true,"href":"https:\/\/occasions-teile.ch\/en\/wp-json\/wp\/v2\/product_cat?post=297979"},{"taxonomy":"product_tag","embeddable":true,"href":"https:\/\/occasions-teile.ch\/en\/wp-json\/wp\/v2\/product_tag?post=297979"}],"curies":[{"name":"wp","href":"https:\/\/api.w.org\/{rel}","templated":true}]}}