{"id":297809,"date":"2024-04-23T13:21:35","date_gmt":"2024-04-23T13:21:35","guid":{"rendered":"https:\/\/occasions-teile.ch\/product\/vw-golf-klimakondensator-klimakuehler-2\/"},"modified":"2024-05-28T02:27:55","modified_gmt":"2024-05-28T02:27:55","slug":"vw-golf-klimakondensator-klimakuehler-2","status":"publish","type":"product","link":"https:\/\/occasions-teile.ch\/en\/produkt\/vw-golf-klimakondensator-klimakuehler-2\/","title":{"rendered":"VW Golf  Klimakondensator Klimak\u00fchler"},"content":{"rendered":"<p><span><b>Technische Daten<\/b><\/p>\n<p> Fahrzeug: VW Golf<br \/>\n Chassis Nr.: WVWZZZAUZEP506926<br \/>\n Baujahr: 2013<br \/>\n Kilometer: 125214 KM<br \/>\n Leistung: 122 KW<br \/>\n Hubraum: 1395 ccm<br \/>\n Typ: 1VE619<br \/>\n Farbcode: &#8211;<br \/>\n Hinweise: &#8211;<\/p>\n<p> Versand: Versand nur in der Schweiz m\u00f6glich.Im Ausland ist der Transport k\u00e4uferseits.<br \/>\n Garantie: 3 Monate Garantie. Bitte beachten Sie, dass die Gew\u00e4hrleistung nur g\u00fcltig ist, wenn der Ersatzteileinbau durch eine Fachwerkstatt\/Meisterwerkstatt erfolgt. Das Ein- und Ausbau des Ersatzteiles kann nicht an uns verrechnet werden. <\/p>\n<p> Ersatzteil: f\u00fcr andere Fahrzeugen (Marken) verf\u00fcgbar auf anfrage. Tel.041 980 27 47. Mobil. 076 589 27 47<\/p>\n<p> Kontakt<br \/>\n  Adresse: Autoverwertung Brun AG<br \/>\n           M\u00f6\u00f6slimatten 13<br \/>\n           6218 Ettiswil<br \/>\n  Telefon: 0041 (041) 980 27 47<br \/>\n  Telefax: 0041 (041) 980 03 47<\/p>\n<p> Wir bieten Ihnen weitere gebrauchte Autoteile zum Kauf an.<br \/>\n Tags: Klimakondensator Klimak\u00fchler , Air conditioning condenser air conditioning cooler,  Refroidisseur de climatisation \u00e0 condensateur de climatisation<br \/>\n<\/span><\/p>\n","protected":false},"excerpt":{"rendered":"<p>Technische Daten Fahrzeug: VW Golf Chassis Nr.: WVWZZZAUZEP506926 Baujahr: 2013 Kilometer: 125214 KM Leistung: 122 KW Hubraum: 1395 ccm Typ: 1VE619 Farbcode: &#8211; Hinweise: &#8211; Versand: Versand nur in der Schweiz m\u00f6glich.Im Ausland ist der Transport k\u00e4uferseits. Garantie: 3 Monate Garantie. Bitte beachten Sie, dass die Gew\u00e4hrleistung nur g\u00fcltig ist, wenn der Ersatzteileinbau durch eine&hellip; <a class=\"more-link\" href=\"https:\/\/occasions-teile.ch\/en\/produkt\/vw-golf-klimakondensator-klimakuehler-2\/\">Continue reading <span class=\"screen-reader-text\">VW Golf  Klimakondensator Klimak\u00fchler<\/span><\/a><\/p>\n","protected":false},"featured_media":297806,"template":"","meta":[],"product_brand":[],"product_cat":[18404,23736,717,1041,1040,1043,1042,1284,1281,1287,714,711,1039,1038,1280,1286,1283,1279,1285,1282],"product_tag":[],"class_list":{"0":"post-297809","1":"product","2":"type-product","3":"status-publish","4":"has-post-thumbnail","6":"product_cat-de-7-1-4tsi-variant","7":"product_cat-de-7-1-4tsi-variant-de_golf-de_volkswagen-manufacturer-30","8":"product_cat-fr-chauffage-climatisation","9":"product_cat-en-condenser-climate","10":"product_cat-en-condenserclimate","11":"product_cat-fr-condenseur-climatisation","12":"product_cat-fr-condenseurclimatisation","13":"product_cat-en_golf","14":"product_cat-de_golf","15":"product_cat-fr_golf","16":"product_cat-en-heating-air-conditioning","17":"product_cat-de-heizung-klima","18":"product_cat-de-kondensator-klima-klimakuehler","19":"product_cat-de-kondensatorklima","20":"product_cat-de_volkswagen","21":"product_cat-fr_volkswagen","22":"product_cat-en_volkswagen","23":"product_cat-de-wvwzzzauzep506926","24":"product_cat-fr-wvwzzzauzep506926","25":"product_cat-en-wvwzzzauzep506926","26":"product_shipping_class-tarif-1","27":"entry","29":"first","30":"instock","31":"taxable","32":"shipping-taxable","33":"purchasable","34":"product-type-simple"},"jetpack_sharing_enabled":true,"_links":{"self":[{"href":"https:\/\/occasions-teile.ch\/en\/wp-json\/wp\/v2\/product\/297809","targetHints":{"allow":["GET"]}}],"collection":[{"href":"https:\/\/occasions-teile.ch\/en\/wp-json\/wp\/v2\/product"}],"about":[{"href":"https:\/\/occasions-teile.ch\/en\/wp-json\/wp\/v2\/types\/product"}],"wp:featuredmedia":[{"embeddable":true,"href":"https:\/\/occasions-teile.ch\/en\/wp-json\/wp\/v2\/media\/297806"}],"wp:attachment":[{"href":"https:\/\/occasions-teile.ch\/en\/wp-json\/wp\/v2\/media?parent=297809"}],"wp:term":[{"taxonomy":"product_brand","embeddable":true,"href":"https:\/\/occasions-teile.ch\/en\/wp-json\/wp\/v2\/product_brand?post=297809"},{"taxonomy":"product_cat","embeddable":true,"href":"https:\/\/occasions-teile.ch\/en\/wp-json\/wp\/v2\/product_cat?post=297809"},{"taxonomy":"product_tag","embeddable":true,"href":"https:\/\/occasions-teile.ch\/en\/wp-json\/wp\/v2\/product_tag?post=297809"}],"curies":[{"name":"wp","href":"https:\/\/api.w.org\/{rel}","templated":true}]}}