{"id":297611,"date":"2024-04-23T10:31:17","date_gmt":"2024-04-23T10:31:17","guid":{"rendered":"https:\/\/occasions-teile.ch\/product\/subaru-xv-lenkgetriebe-steuergeraet\/"},"modified":"2024-05-25T05:45:23","modified_gmt":"2024-05-25T05:45:23","slug":"subaru-xv-lenkgetriebe-steuergeraet","status":"publish","type":"product","link":"https:\/\/occasions-teile.ch\/en\/produkt\/subaru-xv-lenkgetriebe-steuergeraet\/","title":{"rendered":"Subaru XV  Lenkgetriebe Steuerger\u00e4t"},"content":{"rendered":"<p><span><b>Technische Daten<\/b><\/p>\n<p> Fahrzeug: Subaru XV<br \/>\n Chassis Nr.: JF1GP7LC5EG210306<br \/>\n Baujahr: 2015<br \/>\n Kilometer: 45000 KM<br \/>\n Leistung: 150 KW<br \/>\n Hubraum: 1995 ccm<br \/>\n Typ: 1SC775<br \/>\n Farbcode: White\/Weiss<br \/>\n Hinweise: &#8211;<\/p>\n<p> Versand: Versand nur in der Schweiz m\u00f6glich.Im Ausland ist der Transport k\u00e4uferseits.<br \/>\n Garantie: 3 Monate Garantie. Bitte beachten Sie, dass die Gew\u00e4hrleistung nur g\u00fcltig ist, wenn der Ersatzteileinbau durch eine Fachwerkstatt\/Meisterwerkstatt erfolgt. Das Ein- und Ausbau des Ersatzteiles kann nicht an uns verrechnet werden. <\/p>\n<p> Ersatzteil: f\u00fcr andere Fahrzeugen (Marken) verf\u00fcgbar auf anfrage. Tel.041 980 27 47. Mobil. 076 589 27 47<\/p>\n<p> Kontakt<br \/>\n  Adresse: Autoverwertung Brun AG<br \/>\n           M\u00f6\u00f6slimatten 13<br \/>\n           6218 Ettiswil<br \/>\n  Telefon: 0041 (041) 980 27 47<br \/>\n  Telefax: 0041 (041) 980 03 47<\/p>\n<p> Wir bieten Ihnen weitere gebrauchte Autoteile zum Kauf an.<br \/>\n Tags: Lenkgetriebe Steuerger\u00e4t, steering gear control unit, unit\u00e9 de commande de l&#8217;appareil \u00e0 gouverner<br \/>\n<\/span><\/p>\n","protected":false},"excerpt":{"rendered":"<p>Technische Daten Fahrzeug: Subaru XV Chassis Nr.: JF1GP7LC5EG210306 Baujahr: 2015 Kilometer: 45000 KM Leistung: 150 KW Hubraum: 1995 ccm Typ: 1SC775 Farbcode: White\/Weiss Hinweise: &#8211; Versand: Versand nur in der Schweiz m\u00f6glich.Im Ausland ist der Transport k\u00e4uferseits. Garantie: 3 Monate Garantie. Bitte beachten Sie, dass die Gew\u00e4hrleistung nur g\u00fcltig ist, wenn der Ersatzteileinbau durch eine&hellip; <a class=\"more-link\" href=\"https:\/\/occasions-teile.ch\/en\/produkt\/subaru-xv-lenkgetriebe-steuergeraet\/\">Continue reading <span class=\"screen-reader-text\">Subaru XV  Lenkgetriebe Steuerger\u00e4t<\/span><\/a><\/p>\n","protected":false},"featured_media":297608,"template":"","meta":[],"product_brand":[],"product_cat":[23603,18355,941,939,627,624,621,2076,2077,2078,1213,1214,1205,1199,1202,943,1215,1206,1200,1203],"product_tag":[],"class_list":{"0":"post-297611","1":"product","2":"type-product","3":"status-publish","4":"has-post-thumbnail","6":"product_cat-de-2-0-i-awd-de_xv-de_subaru-manufacturer-13","7":"product_cat-de-2-0-i-awd-de_xv-de_subaru-manufacturer","8":"product_cat-en-assistance-systems","9":"product_cat-de-assistenzsysteme","10":"product_cat-fr-electricite-dispositifs-de-commande","11":"product_cat-en-electrics-control-units","12":"product_cat-de-elektrik-steuergeraete","13":"product_cat-de-jf1gp7lc5eg210306","14":"product_cat-en-jf1gp7lc5eg210306","15":"product_cat-fr-jf1gp7lc5eg210306","16":"product_cat-de-lenkgetriebe-steuergeraet","17":"product_cat-en-steering-gear-control-unit","18":"product_cat-fr_subaru","19":"product_cat-de_subaru","20":"product_cat-en_subaru","21":"product_cat-fr-systemes-dassistance","22":"product_cat-fr-unite-de-commande-de-lappareil-a-gouverner","23":"product_cat-fr_xv","24":"product_cat-de_xv","25":"product_cat-en_xv","26":"product_shipping_class-tarif-1","27":"entry","29":"first","30":"instock","31":"taxable","32":"shipping-taxable","33":"purchasable","34":"product-type-simple"},"jetpack_sharing_enabled":true,"_links":{"self":[{"href":"https:\/\/occasions-teile.ch\/en\/wp-json\/wp\/v2\/product\/297611","targetHints":{"allow":["GET"]}}],"collection":[{"href":"https:\/\/occasions-teile.ch\/en\/wp-json\/wp\/v2\/product"}],"about":[{"href":"https:\/\/occasions-teile.ch\/en\/wp-json\/wp\/v2\/types\/product"}],"wp:featuredmedia":[{"embeddable":true,"href":"https:\/\/occasions-teile.ch\/en\/wp-json\/wp\/v2\/media\/297608"}],"wp:attachment":[{"href":"https:\/\/occasions-teile.ch\/en\/wp-json\/wp\/v2\/media?parent=297611"}],"wp:term":[{"taxonomy":"product_brand","embeddable":true,"href":"https:\/\/occasions-teile.ch\/en\/wp-json\/wp\/v2\/product_brand?post=297611"},{"taxonomy":"product_cat","embeddable":true,"href":"https:\/\/occasions-teile.ch\/en\/wp-json\/wp\/v2\/product_cat?post=297611"},{"taxonomy":"product_tag","embeddable":true,"href":"https:\/\/occasions-teile.ch\/en\/wp-json\/wp\/v2\/product_tag?post=297611"}],"curies":[{"name":"wp","href":"https:\/\/api.w.org\/{rel}","templated":true}]}}