{"id":297537,"date":"2024-04-23T09:23:25","date_gmt":"2024-04-23T09:23:25","guid":{"rendered":"https:\/\/occasions-teile.ch\/product\/audi-q3-federbein-stossdaempfer-hinten\/"},"modified":"2024-05-29T08:09:13","modified_gmt":"2024-05-29T08:09:13","slug":"audi-q3-federbein-stossdaempfer-hinten","status":"publish","type":"product","link":"https:\/\/occasions-teile.ch\/en\/produkt\/audi-q3-federbein-stossdaempfer-hinten\/","title":{"rendered":"Audi Q3  Federbein Stossd\u00e4mpfer hinten"},"content":{"rendered":"<p><span><b>Technische Daten<\/b><\/p>\n<p> Fahrzeug: Audi Q3<br \/>\n Chassis Nr.: WAUZZZ8U2CR025598<br \/>\n Baujahr: 2012<br \/>\n Kilometer: 157647 KM<br \/>\n Leistung: 170 KW<br \/>\n Hubraum: 1984 ccm<br \/>\n Typ: 1AC796<br \/>\n Farbcode: White\/Weiss<br \/>\n Hinweise: &#8211;<\/p>\n<p> Versand: Versand nur in der Schweiz m\u00f6glich.Im Ausland ist der Transport k\u00e4uferseits.<br \/>\n Garantie: 3 Monate Garantie. Bitte beachten Sie, dass die Gew\u00e4hrleistung nur g\u00fcltig ist, wenn der Ersatzteileinbau durch eine Fachwerkstatt\/Meisterwerkstatt erfolgt. Das Ein- und Ausbau des Ersatzteiles kann nicht an uns verrechnet werden. <\/p>\n<p> Ersatzteil: f\u00fcr andere Fahrzeugen (Marken) verf\u00fcgbar auf anfrage. Tel.041 980 27 47. Mobil. 076 589 27 47<\/p>\n<p> Kontakt<br \/>\n  Adresse: Autoverwertung Brun AG<br \/>\n           M\u00f6\u00f6slimatten 13<br \/>\n           6218 Ettiswil<br \/>\n  Telefon: 0041 (041) 980 27 47<br \/>\n  Telefax: 0041 (041) 980 03 47<\/p>\n<p> Wir bieten Ihnen weitere gebrauchte Autoteile zum Kauf an.<br \/>\n Tags: Federbein Stossd\u00e4mpfer hinten, Suspension strut rear shock absorber, Amortisseur arri\u00e8re de jambe de suspension<br \/>\n<\/span><\/p>\n","protected":false},"excerpt":{"rendered":"<p>Technische Daten Fahrzeug: Audi Q3 Chassis Nr.: WAUZZZ8U2CR025598 Baujahr: 2012 Kilometer: 157647 KM Leistung: 170 KW Hubraum: 1984 ccm Typ: 1AC796 Farbcode: White\/Weiss Hinweise: &#8211; Versand: Versand nur in der Schweiz m\u00f6glich.Im Ausland ist der Transport k\u00e4uferseits. Garantie: 3 Monate Garantie. Bitte beachten Sie, dass die Gew\u00e4hrleistung nur g\u00fcltig ist, wenn der Ersatzteileinbau durch eine&hellip; <a class=\"more-link\" href=\"https:\/\/occasions-teile.ch\/en\/produkt\/audi-q3-federbein-stossdaempfer-hinten\/\">Continue reading <span class=\"screen-reader-text\">Audi Q3  Federbein Stossd\u00e4mpfer hinten<\/span><\/a><\/p>\n","protected":false},"featured_media":297534,"template":"","meta":[],"product_brand":[],"product_cat":[23820,18337,461,461,461,544,544,764,814,764,814,1118,1118,1118,764,814,544,1117,1117,1117],"product_tag":[],"class_list":{"0":"post-297537","1":"product","2":"type-product","3":"status-publish","4":"has-post-thumbnail","6":"product_cat-de-2-0tfsi-8ub-8ug-de_q3-de_audi-manufacturer-30","7":"product_cat-de-2-0tfsi-8ub-8ug-de_q3-de_audi-manufacturer","8":"product_cat-en_audi","11":"product_cat-en-chassis-steering","13":"product_cat-en-struts-shock-absorbers","14":"product_cat-en-suspension-struts-shock-absorber-rear","17":"product_cat-en_q3","23":"product_cat-en-wauzzz8u2cr025598","26":"product_shipping_class-tarif-1-en","27":"entry","29":"first","30":"instock","31":"taxable","32":"shipping-taxable","33":"purchasable","34":"product-type-simple"},"jetpack_sharing_enabled":true,"_links":{"self":[{"href":"https:\/\/occasions-teile.ch\/en\/wp-json\/wp\/v2\/product\/297537","targetHints":{"allow":["GET"]}}],"collection":[{"href":"https:\/\/occasions-teile.ch\/en\/wp-json\/wp\/v2\/product"}],"about":[{"href":"https:\/\/occasions-teile.ch\/en\/wp-json\/wp\/v2\/types\/product"}],"wp:featuredmedia":[{"embeddable":true,"href":"https:\/\/occasions-teile.ch\/en\/wp-json\/wp\/v2\/media\/297534"}],"wp:attachment":[{"href":"https:\/\/occasions-teile.ch\/en\/wp-json\/wp\/v2\/media?parent=297537"}],"wp:term":[{"taxonomy":"product_brand","embeddable":true,"href":"https:\/\/occasions-teile.ch\/en\/wp-json\/wp\/v2\/product_brand?post=297537"},{"taxonomy":"product_cat","embeddable":true,"href":"https:\/\/occasions-teile.ch\/en\/wp-json\/wp\/v2\/product_cat?post=297537"},{"taxonomy":"product_tag","embeddable":true,"href":"https:\/\/occasions-teile.ch\/en\/wp-json\/wp\/v2\/product_tag?post=297537"}],"curies":[{"name":"wp","href":"https:\/\/api.w.org\/{rel}","templated":true}]}}