{"id":297493,"date":"2024-04-23T08:44:58","date_gmt":"2024-04-23T08:44:58","guid":{"rendered":"https:\/\/occasions-teile.ch\/product\/jaguar-xf-auspuff-auspuffanlage\/"},"modified":"2024-05-25T00:34:38","modified_gmt":"2024-05-25T00:34:38","slug":"jaguar-xf-auspuff-auspuffanlage","status":"publish","type":"product","link":"https:\/\/occasions-teile.ch\/en\/produkt\/jaguar-xf-auspuff-auspuffanlage\/","title":{"rendered":"Jaguar XF  Auspuff Auspuffanlage"},"content":{"rendered":"<p><span><b>Technische Daten<\/b><\/p>\n<p> Fahrzeug: Jaguar XF<br \/>\n Chassis Nr.: SAJBB4BN5HCY35705<br \/>\n Baujahr: 2016<br \/>\n Kilometer: 117373 KM<br \/>\n Leistung: 179 KW<br \/>\n Hubraum: 1999 ccm<br \/>\n Typ: x<br \/>\n Farbcode: grau<br \/>\n Hinweise: &#8211;<\/p>\n<p> Versand: Versand nur in der Schweiz m\u00f6glich.Im Ausland ist der Transport k\u00e4uferseits.<br \/>\n Garantie: 3 Monate Garantie. Bitte beachten Sie, dass die Gew\u00e4hrleistung nur g\u00fcltig ist, wenn der Ersatzteileinbau durch eine Fachwerkstatt\/Meisterwerkstatt erfolgt. Das Ein- und Ausbau des Ersatzteiles kann nicht an uns verrechnet werden. <\/p>\n<p> Ersatzteil: f\u00fcr andere Fahrzeugen (Marken) verf\u00fcgbar auf anfrage. Tel.041 980 27 47. Mobil. 076 589 27 47<\/p>\n<p> Kontakt<br \/>\n  Adresse: Autoverwertung Brun AG<br \/>\n           M\u00f6\u00f6slimatten 13<br \/>\n           6218 Ettiswil<br \/>\n  Telefon: 0041 (041) 980 27 47<br \/>\n  Telefax: 0041 (041) 980 03 47<\/p>\n<p> Wir bieten Ihnen weitere gebrauchte Autoteile zum Kauf an.<br \/>\n Tags: Auspuff Auspuffanlage, Exhaust exhaust system, Syst\u00e8me d&#8217;\u00e9chappement<br \/>\n<\/span><\/p>\n","protected":false},"excerpt":{"rendered":"<p>Technische Daten Fahrzeug: Jaguar XF Chassis Nr.: SAJBB4BN5HCY35705 Baujahr: 2016 Kilometer: 117373 KM Leistung: 179 KW Hubraum: 1999 ccm Typ: x Farbcode: grau Hinweise: &#8211; Versand: Versand nur in der Schweiz m\u00f6glich.Im Ausland ist der Transport k\u00e4uferseits. Garantie: 3 Monate Garantie. Bitte beachten Sie, dass die Gew\u00e4hrleistung nur g\u00fcltig ist, wenn der Ersatzteileinbau durch eine&hellip; <a class=\"more-link\" href=\"https:\/\/occasions-teile.ch\/en\/produkt\/jaguar-xf-auspuff-auspuffanlage\/\">Continue reading <span class=\"screen-reader-text\">Jaguar XF  Auspuff Auspuffanlage<\/span><\/a><\/p>\n","protected":false},"featured_media":297490,"template":"","meta":[],"product_brand":[],"product_cat":[23594,18326,597,735,736,600,737,738,3030,3031,3029,7896,7898,7900,603,739,740,5849,5850,5851],"product_tag":[],"class_list":{"0":"post-297493","1":"product","2":"type-product","3":"status-publish","4":"has-post-thumbnail","6":"product_cat-de-2-0-de_slug_jaguar_xf_644-de_jaguar-manufacturer-162","7":"product_cat-de-2-0-de_slug_jaguar_xf_644-de_jaguar-manufacturer-118","8":"product_cat-de-abgasanlage","9":"product_cat-de-auspuffanlage","10":"product_cat-de-auspuffanlagekomplett","11":"product_cat-en-exhaust-system","12":"product_cat-en-exhaust-system-en-exhaust-system","13":"product_cat-en-exhaust-systemcomplete","14":"product_cat-en_jaguar","15":"product_cat-fr_jaguar","16":"product_cat-de_jaguar","17":"product_cat-de-sajbb4bn5hcy35705-200000245","18":"product_cat-en-sajbb4bn5hcy35705-200000245","19":"product_cat-fr-sajbb4bn5hcy35705-200000245","20":"product_cat-fr-systeme-dechappement","21":"product_cat-fr-systeme-dechappement-fr-systeme-dechappement","22":"product_cat-fr-systeme-dechappement-complet","23":"product_cat-de_slug_jaguar_xf_644","24":"product_cat-en_slug_jaguar_xf_37","25":"product_cat-fr_slug_jaguar_xf_554","26":"product_shipping_class-tarif-4","27":"entry","29":"first","30":"instock","31":"taxable","32":"shipping-taxable","33":"purchasable","34":"product-type-simple"},"jetpack_sharing_enabled":true,"_links":{"self":[{"href":"https:\/\/occasions-teile.ch\/en\/wp-json\/wp\/v2\/product\/297493","targetHints":{"allow":["GET"]}}],"collection":[{"href":"https:\/\/occasions-teile.ch\/en\/wp-json\/wp\/v2\/product"}],"about":[{"href":"https:\/\/occasions-teile.ch\/en\/wp-json\/wp\/v2\/types\/product"}],"wp:featuredmedia":[{"embeddable":true,"href":"https:\/\/occasions-teile.ch\/en\/wp-json\/wp\/v2\/media\/297490"}],"wp:attachment":[{"href":"https:\/\/occasions-teile.ch\/en\/wp-json\/wp\/v2\/media?parent=297493"}],"wp:term":[{"taxonomy":"product_brand","embeddable":true,"href":"https:\/\/occasions-teile.ch\/en\/wp-json\/wp\/v2\/product_brand?post=297493"},{"taxonomy":"product_cat","embeddable":true,"href":"https:\/\/occasions-teile.ch\/en\/wp-json\/wp\/v2\/product_cat?post=297493"},{"taxonomy":"product_tag","embeddable":true,"href":"https:\/\/occasions-teile.ch\/en\/wp-json\/wp\/v2\/product_tag?post=297493"}],"curies":[{"name":"wp","href":"https:\/\/api.w.org\/{rel}","templated":true}]}}