{"id":297237,"date":"2024-04-23T05:01:12","date_gmt":"2024-04-23T05:01:12","guid":{"rendered":"https:\/\/occasions-teile.ch\/product\/peugeot-expert-querlenker-vorn-rechts\/"},"modified":"2025-07-29T10:06:05","modified_gmt":"2025-07-29T10:06:05","slug":"peugeot-expert-querlenker-vorn-rechts","status":"publish","type":"product","link":"https:\/\/occasions-teile.ch\/en\/produkt\/peugeot-expert-querlenker-vorn-rechts\/","title":{"rendered":"Peugeot Expert  Querlenker vorn rechts"},"content":{"rendered":"<p><span><b>Technische Daten<\/b><\/p>\n<p> Fahrzeug: Peugeot Expert<br \/>\n Chassis Nr.: VF3VFAHXHHZ014393<br \/>\n Baujahr: 2017<br \/>\n Kilometer: 90544 KM<br \/>\n Leistung: 150 KW<br \/>\n Hubraum: 1997 ccm<br \/>\n Typ: 3pb434<br \/>\n Farbcode: White\/Weiss<br \/>\n Hinweise: &#8211;<\/p>\n<p> Versand: Versand nur in der Schweiz m\u00f6glich.Im Ausland ist der Transport k\u00e4uferseits.<br \/>\n Garantie: 3 Monate Garantie. Bitte beachten Sie, dass die Gew\u00e4hrleistung nur g\u00fcltig ist, wenn der Ersatzteileinbau durch eine Fachwerkstatt\/Meisterwerkstatt erfolgt. Das Ein- und Ausbau des Ersatzteiles kann nicht an uns verrechnet werden. <\/p>\n<p> Ersatzteil: f\u00fcr andere Fahrzeugen (Marken) verf\u00fcgbar auf anfrage. Tel.041 980 27 47. Mobil. 076 589 27 47<\/p>\n<p> Kontakt<br \/>\n  Adresse: Autoverwertung Brun AG<br \/>\n           M\u00f6\u00f6slimatten 13<br \/>\n           6218 Ettiswil<br \/>\n  Telefon: 0041 (041) 980 27 47<br \/>\n  Telefax: 0041 (041) 980 03 47<\/p>\n<p> Wir bieten Ihnen weitere gebrauchte Autoteile zum Kauf an.<br \/>\n Tags: Querlenker vorn rechts, Wishbone front right , Bras de suspension avant droit<br \/>\n<\/span><\/p>\n","protected":false},"excerpt":{"rendered":"<p>Technische Daten Fahrzeug: Peugeot Expert Chassis Nr.: VF3VFAHXHHZ014393 Baujahr: 2017 Kilometer: 90544 KM Leistung: 150 KW Hubraum: 1997 ccm Typ: 3pb434 Farbcode: White\/Weiss Hinweise: &#8211; Versand: Versand nur in der Schweiz m\u00f6glich.Im Ausland ist der Transport k\u00e4uferseits. Garantie: 3 Monate Garantie. Bitte beachten Sie, dass die Gew\u00e4hrleistung nur g\u00fcltig ist, wenn der Ersatzteileinbau durch eine&hellip; <a class=\"more-link\" href=\"https:\/\/occasions-teile.ch\/en\/produkt\/peugeot-expert-querlenker-vorn-rechts\/\">Continue reading <span class=\"screen-reader-text\">Peugeot Expert  Querlenker vorn rechts<\/span><\/a><\/p>\n","protected":false},"featured_media":297234,"template":"","meta":[],"product_brand":[],"product_cat":[789,801,541,1907,1907,1907,541,1184,1184,1184,789,801,541,1906,1906,1906,789,801],"product_tag":[],"class_list":{"0":"post-297237","1":"product","2":"type-product","3":"status-publish","4":"has-post-thumbnail","6":"product_cat-de-querlenker","7":"product_cat-de-querlenkervornrechts","8":"product_cat-de-fahrwerk-lenkung","9":"product_cat-de_expert","13":"product_cat-de_peugeot","19":"product_cat-de-vf3vfahxhhz014393","24":"product_shipping_class-tarif-1","25":"entry","27":"first","28":"instock","29":"taxable","30":"shipping-taxable","31":"purchasable","32":"product-type-simple"},"jetpack_sharing_enabled":true,"_links":{"self":[{"href":"https:\/\/occasions-teile.ch\/en\/wp-json\/wp\/v2\/product\/297237","targetHints":{"allow":["GET"]}}],"collection":[{"href":"https:\/\/occasions-teile.ch\/en\/wp-json\/wp\/v2\/product"}],"about":[{"href":"https:\/\/occasions-teile.ch\/en\/wp-json\/wp\/v2\/types\/product"}],"wp:featuredmedia":[{"embeddable":true,"href":"https:\/\/occasions-teile.ch\/en\/wp-json\/wp\/v2\/media\/297234"}],"wp:attachment":[{"href":"https:\/\/occasions-teile.ch\/en\/wp-json\/wp\/v2\/media?parent=297237"}],"wp:term":[{"taxonomy":"product_brand","embeddable":true,"href":"https:\/\/occasions-teile.ch\/en\/wp-json\/wp\/v2\/product_brand?post=297237"},{"taxonomy":"product_cat","embeddable":true,"href":"https:\/\/occasions-teile.ch\/en\/wp-json\/wp\/v2\/product_cat?post=297237"},{"taxonomy":"product_tag","embeddable":true,"href":"https:\/\/occasions-teile.ch\/en\/wp-json\/wp\/v2\/product_tag?post=297237"}],"curies":[{"name":"wp","href":"https:\/\/api.w.org\/{rel}","templated":true}]}}