{"id":297189,"date":"2024-04-23T04:19:13","date_gmt":"2024-04-23T04:19:13","guid":{"rendered":"https:\/\/occasions-teile.ch\/product\/opel-insignia-abs-bremsaggregat\/"},"modified":"2024-05-24T07:15:29","modified_gmt":"2024-05-24T07:15:29","slug":"opel-insignia-abs-bremsaggregat","status":"publish","type":"product","link":"https:\/\/occasions-teile.ch\/en\/produkt\/opel-insignia-abs-bremsaggregat\/","title":{"rendered":"Opel Insignia  ABS Bremsaggregat"},"content":{"rendered":"<p><span><b>Technische Daten<\/b><\/p>\n<p> Fahrzeug: Opel Insignia<br \/>\n Chassis Nr.: W0LGS8EU7E1186199<br \/>\n Baujahr: 2014<br \/>\n Kilometer: 105888 KM<br \/>\n Leistung: 250 KW<br \/>\n Hubraum: 1998 ccm<br \/>\n Typ: 1OC158<br \/>\n Farbcode: grau<br \/>\n Hinweise: &#8211;<\/p>\n<p> Versand: Versand nur in der Schweiz m\u00f6glich.Im Ausland ist der Transport k\u00e4uferseits.<br \/>\n Garantie: 3 Monate Garantie. Bitte beachten Sie, dass die Gew\u00e4hrleistung nur g\u00fcltig ist, wenn der Ersatzteileinbau durch eine Fachwerkstatt\/Meisterwerkstatt erfolgt. Das Ein- und Ausbau des Ersatzteiles kann nicht an uns verrechnet werden. <\/p>\n<p> Ersatzteil: f\u00fcr andere Fahrzeugen (Marken) verf\u00fcgbar auf anfrage. Tel.041 980 27 47. Mobil. 076 589 27 47<\/p>\n<p> Kontakt<br \/>\n  Adresse: Autoverwertung Brun AG<br \/>\n           M\u00f6\u00f6slimatten 13<br \/>\n           6218 Ettiswil<br \/>\n  Telefon: 0041 (041) 980 27 47<br \/>\n  Telefax: 0041 (041) 980 03 47<\/p>\n<p> Wir bieten Ihnen weitere gebrauchte Autoteile zum Kauf an.<br \/>\n Tags: ABS Bremsaggregat, ABS brake unit, Groupe de freinage ABS<br \/>\n<\/span><\/p>\n","protected":false},"excerpt":{"rendered":"<p>Technische Daten Fahrzeug: Opel Insignia Chassis Nr.: W0LGS8EU7E1186199 Baujahr: 2014 Kilometer: 105888 KM Leistung: 250 KW Hubraum: 1998 ccm Typ: 1OC158 Farbcode: grau Hinweise: &#8211; Versand: Versand nur in der Schweiz m\u00f6glich.Im Ausland ist der Transport k\u00e4uferseits. Garantie: 3 Monate Garantie. Bitte beachten Sie, dass die Gew\u00e4hrleistung nur g\u00fcltig ist, wenn der Ersatzteileinbau durch eine&hellip; <a class=\"more-link\" href=\"https:\/\/occasions-teile.ch\/en\/produkt\/opel-insignia-abs-bremsaggregat\/\">Continue reading <span class=\"screen-reader-text\">Opel Insignia  ABS Bremsaggregat<\/span><\/a><\/p>\n","protected":false},"featured_media":297186,"template":"","meta":[],"product_brand":[],"product_cat":[534,535,534,535,533,533,533,18249,23546,535,534,1869,1869,1869,616,616,616,1868,1868,1868],"product_tag":[],"class_list":{"0":"post-297189","1":"product","2":"type-product","3":"status-publish","4":"has-post-thumbnail","6":"product_cat-en-abs-brake-unit","7":"product_cat-en-abs-brake-unit-en-abs-brake-unit","10":"product_cat-en-brake-brake-system","13":"product_cat-de-g09-2-0-turbo-4x4-de_insignia-de_opel-manufacturer-2","14":"product_cat-de-g09-2-0-turbo-4x4-de_insignia-de_opel-manufacturer-18","17":"product_cat-en_insignia","20":"product_cat-en_opel","23":"product_cat-en-w0lgs8eu7e1186199","26":"product_shipping_class-tarif-1-en","27":"entry","29":"first","30":"instock","31":"taxable","32":"shipping-taxable","33":"purchasable","34":"product-type-simple"},"jetpack_sharing_enabled":true,"_links":{"self":[{"href":"https:\/\/occasions-teile.ch\/en\/wp-json\/wp\/v2\/product\/297189","targetHints":{"allow":["GET"]}}],"collection":[{"href":"https:\/\/occasions-teile.ch\/en\/wp-json\/wp\/v2\/product"}],"about":[{"href":"https:\/\/occasions-teile.ch\/en\/wp-json\/wp\/v2\/types\/product"}],"wp:featuredmedia":[{"embeddable":true,"href":"https:\/\/occasions-teile.ch\/en\/wp-json\/wp\/v2\/media\/297186"}],"wp:attachment":[{"href":"https:\/\/occasions-teile.ch\/en\/wp-json\/wp\/v2\/media?parent=297189"}],"wp:term":[{"taxonomy":"product_brand","embeddable":true,"href":"https:\/\/occasions-teile.ch\/en\/wp-json\/wp\/v2\/product_brand?post=297189"},{"taxonomy":"product_cat","embeddable":true,"href":"https:\/\/occasions-teile.ch\/en\/wp-json\/wp\/v2\/product_cat?post=297189"},{"taxonomy":"product_tag","embeddable":true,"href":"https:\/\/occasions-teile.ch\/en\/wp-json\/wp\/v2\/product_tag?post=297189"}],"curies":[{"name":"wp","href":"https:\/\/api.w.org\/{rel}","templated":true}]}}