{"id":297117,"date":"2024-04-23T02:57:08","date_gmt":"2024-04-23T02:57:08","guid":{"rendered":"https:\/\/occasions-teile.ch\/product\/nissan-qashqai-scheinwerfer-links\/"},"modified":"2024-06-21T09:46:18","modified_gmt":"2024-06-21T09:46:18","slug":"nissan-qashqai-scheinwerfer-links","status":"publish","type":"product","link":"https:\/\/occasions-teile.ch\/en\/produkt\/nissan-qashqai-scheinwerfer-links\/","title":{"rendered":"Nissan Qashqai  Scheinwerfer Rechts"},"content":{"rendered":"<p><b>Technische Daten<\/b><\/p>\n<p>Fahrzeug: Nissan Qashqai<br \/>\nChassis Nr.: 3273 YF<br \/>\nBaujahr: 2016<br \/>\nKilometer: 18600 KM<br \/>\nLeistung: 115 KW<br \/>\nHubraum: 1197 ccm<br \/>\nTyp: 1NA851<br \/>\nFarbcode: silber<br \/>\nHinweise: &#8211;<\/p>\n<p>Versand: Versand nur in der Schweiz m\u00f6glich.Im Ausland ist der Transport k\u00e4uferseits.<br \/>\nGarantie: 3 Monate Garantie. Bitte beachten Sie, dass die Gew\u00e4hrleistung nur g\u00fcltig ist, wenn der Ersatzteileinbau durch eine Fachwerkstatt\/Meisterwerkstatt erfolgt. Das Ein- und Ausbau des Ersatzteiles kann nicht an uns verrechnet werden.<\/p>\n<p>Ersatzteil: f\u00fcr andere Fahrzeugen (Marken) verf\u00fcgbar auf anfrage. Tel.041 980 27 47. Mobil. 076 589 27 47<\/p>\n<p>Kontakt<br \/>\nAdresse: Autoverwertung Brun AG<br \/>\nM\u00f6\u00f6slimatten 13<br \/>\n6218 Ettiswil<br \/>\nTelefon: 0041 (041) 980 27 47<br \/>\nTelefax: 0041 (041) 980 03 47<\/p>\n<p>Wir bieten Ihnen weitere gebrauchte Autoteile zum Kauf an.<br \/>\nTags: Scheinwerfer links, Headlight links, Phare gauche<\/p>\n","protected":false},"excerpt":{"rendered":"<p>Technische Daten Fahrzeug: Nissan Qashqai Chassis Nr.: 3273 YF Baujahr: 2016 Kilometer: 18600 KM Leistung: 115 KW Hubraum: 1197 ccm Typ: 1NA851 Farbcode: silber Hinweise: &#8211; Versand: Versand nur in der Schweiz m\u00f6glich.Im Ausland ist der Transport k\u00e4uferseits. Garantie: 3 Monate Garantie. Bitte beachten Sie, dass die Gew\u00e4hrleistung nur g\u00fcltig ist, wenn der Ersatzteileinbau durch&hellip; <a class=\"more-link\" href=\"https:\/\/occasions-teile.ch\/en\/produkt\/nissan-qashqai-scheinwerfer-links\/\">Continue reading <span class=\"screen-reader-text\">Nissan Qashqai  Scheinwerfer Rechts<\/span><\/a><\/p>\n","protected":false},"featured_media":297114,"template":"","meta":[],"product_brand":[],"product_cat":[23635,512,1751,2041,1130,1131,2040],"product_tag":[],"class_list":{"0":"post-297117","1":"product","2":"type-product","3":"status-publish","4":"has-post-thumbnail","6":"product_cat-de-j11-1-2-dig-t-de_qashqai-de_nissan-manufacturer-19","7":"product_cat-de-karosserie-front","8":"product_cat-de_nissan","9":"product_cat-de_qashqai","10":"product_cat-de-scheinwerfer-de-karosserie-front","11":"product_cat-de-scheinwerfer-links","12":"product_cat-de-sjndeaj11u1368970","13":"product_shipping_class-tarif-1","14":"entry","16":"first","17":"instock","18":"taxable","19":"shipping-taxable","20":"purchasable","21":"product-type-simple"},"jetpack_sharing_enabled":true,"_links":{"self":[{"href":"https:\/\/occasions-teile.ch\/en\/wp-json\/wp\/v2\/product\/297117","targetHints":{"allow":["GET"]}}],"collection":[{"href":"https:\/\/occasions-teile.ch\/en\/wp-json\/wp\/v2\/product"}],"about":[{"href":"https:\/\/occasions-teile.ch\/en\/wp-json\/wp\/v2\/types\/product"}],"wp:featuredmedia":[{"embeddable":true,"href":"https:\/\/occasions-teile.ch\/en\/wp-json\/wp\/v2\/media\/297114"}],"wp:attachment":[{"href":"https:\/\/occasions-teile.ch\/en\/wp-json\/wp\/v2\/media?parent=297117"}],"wp:term":[{"taxonomy":"product_brand","embeddable":true,"href":"https:\/\/occasions-teile.ch\/en\/wp-json\/wp\/v2\/product_brand?post=297117"},{"taxonomy":"product_cat","embeddable":true,"href":"https:\/\/occasions-teile.ch\/en\/wp-json\/wp\/v2\/product_cat?post=297117"},{"taxonomy":"product_tag","embeddable":true,"href":"https:\/\/occasions-teile.ch\/en\/wp-json\/wp\/v2\/product_tag?post=297117"}],"curies":[{"name":"wp","href":"https:\/\/api.w.org\/{rel}","templated":true}]}}