{"id":296741,"date":"2024-04-22T20:55:28","date_gmt":"2024-04-22T20:55:28","guid":{"rendered":"https:\/\/occasions-teile.ch\/product\/audi-q3-nivauregulierung-sensor\/"},"modified":"2024-05-29T07:44:00","modified_gmt":"2024-05-29T07:44:00","slug":"audi-q3-nivauregulierung-sensor","status":"publish","type":"product","link":"https:\/\/occasions-teile.ch\/en\/produkt\/audi-q3-nivauregulierung-sensor\/","title":{"rendered":"Audi Q3  Nivauregulierung Sensor"},"content":{"rendered":"<p><span><b>Technische Daten<\/b><\/p>\n<p> Fahrzeug: Audi Q3<br \/>\n Chassis Nr.: WAUZZZ8U2CR025598<br \/>\n Baujahr: 2012<br \/>\n Kilometer: 157647 KM<br \/>\n Leistung: 170 KW<br \/>\n Hubraum: 1984 ccm<br \/>\n Typ: 1AC796<br \/>\n Farbcode: White\/Weiss<br \/>\n Hinweise: &#8211;<\/p>\n<p> Versand: Versand nur in der Schweiz m\u00f6glich.Im Ausland ist der Transport k\u00e4uferseits.<br \/>\n Garantie: 3 Monate Garantie. Bitte beachten Sie, dass die Gew\u00e4hrleistung nur g\u00fcltig ist, wenn der Ersatzteileinbau durch eine Fachwerkstatt\/Meisterwerkstatt erfolgt. Das Ein- und Ausbau des Ersatzteiles kann nicht an uns verrechnet werden. <\/p>\n<p> Ersatzteil: f\u00fcr andere Fahrzeugen (Marken) verf\u00fcgbar auf anfrage. Tel.041 980 27 47. Mobil. 076 589 27 47<\/p>\n<p> Kontakt<br \/>\n  Adresse: Autoverwertung Brun AG<br \/>\n           M\u00f6\u00f6slimatten 13<br \/>\n           6218 Ettiswil<br \/>\n  Telefon: 0041 (041) 980 27 47<br \/>\n  Telefax: 0041 (041) 980 03 47<\/p>\n<p> Wir bieten Ihnen weitere gebrauchte Autoteile zum Kauf an.<br \/>\n Tags: Nivauregulierung Sensor , Level control sensor, Capteur de contr\u00f4le de niveau<br \/>\n<\/span><\/p>\n","protected":false},"excerpt":{"rendered":"<p>Technische Daten Fahrzeug: Audi Q3 Chassis Nr.: WAUZZZ8U2CR025598 Baujahr: 2012 Kilometer: 157647 KM Leistung: 170 KW Hubraum: 1984 ccm Typ: 1AC796 Farbcode: White\/Weiss Hinweise: &#8211; Versand: Versand nur in der Schweiz m\u00f6glich.Im Ausland ist der Transport k\u00e4uferseits. Garantie: 3 Monate Garantie. Bitte beachten Sie, dass die Gew\u00e4hrleistung nur g\u00fcltig ist, wenn der Ersatzteileinbau durch eine&hellip; <a class=\"more-link\" href=\"https:\/\/occasions-teile.ch\/en\/produkt\/audi-q3-nivauregulierung-sensor\/\">Continue reading <span class=\"screen-reader-text\">Audi Q3  Nivauregulierung Sensor<\/span><\/a><\/p>\n","protected":false},"featured_media":296738,"template":"","meta":[],"product_brand":[],"product_cat":[18135,23820,464,1105,1104,1120,547,1119],"product_tag":[],"class_list":{"0":"post-296741","1":"product","2":"type-product","3":"status-publish","4":"has-post-thumbnail","6":"product_cat-de-2-0tfsi-8ub-8ug","7":"product_cat-de-2-0tfsi-8ub-8ug-de_q3-de_audi-manufacturer-30","8":"product_cat-fr_audi","9":"product_cat-fr-capteur-de-controle-de-niveau","10":"product_cat-fr-capteurschassis","11":"product_cat-fr_q3","12":"product_cat-fr-train-de-roulement-direction","13":"product_cat-fr-wauzzz8u2cr025598","14":"product_shipping_class-tarif-1","15":"entry","17":"first","18":"instock","19":"taxable","20":"shipping-taxable","21":"purchasable","22":"product-type-simple"},"jetpack_sharing_enabled":true,"_links":{"self":[{"href":"https:\/\/occasions-teile.ch\/en\/wp-json\/wp\/v2\/product\/296741","targetHints":{"allow":["GET"]}}],"collection":[{"href":"https:\/\/occasions-teile.ch\/en\/wp-json\/wp\/v2\/product"}],"about":[{"href":"https:\/\/occasions-teile.ch\/en\/wp-json\/wp\/v2\/types\/product"}],"wp:featuredmedia":[{"embeddable":true,"href":"https:\/\/occasions-teile.ch\/en\/wp-json\/wp\/v2\/media\/296738"}],"wp:attachment":[{"href":"https:\/\/occasions-teile.ch\/en\/wp-json\/wp\/v2\/media?parent=296741"}],"wp:term":[{"taxonomy":"product_brand","embeddable":true,"href":"https:\/\/occasions-teile.ch\/en\/wp-json\/wp\/v2\/product_brand?post=296741"},{"taxonomy":"product_cat","embeddable":true,"href":"https:\/\/occasions-teile.ch\/en\/wp-json\/wp\/v2\/product_cat?post=296741"},{"taxonomy":"product_tag","embeddable":true,"href":"https:\/\/occasions-teile.ch\/en\/wp-json\/wp\/v2\/product_tag?post=296741"}],"curies":[{"name":"wp","href":"https:\/\/api.w.org\/{rel}","templated":true}]}}