{"id":295917,"date":"2024-04-21T00:14:50","date_gmt":"2024-04-21T00:14:50","guid":{"rendered":"https:\/\/occasions-teile.ch\/product\/skoda-fabia-getriebe-4\/"},"modified":"2024-05-23T16:26:38","modified_gmt":"2024-05-23T16:26:38","slug":"skoda-fabia-getriebe-4","status":"publish","type":"product","link":"https:\/\/occasions-teile.ch\/en\/produkt\/skoda-fabia-getriebe-4\/","title":{"rendered":"Skoda Fabia  Getriebe"},"content":{"rendered":"<p><b>Technische Daten<\/b><\/p>\n<p>Fahrzeug: Skoda Fabia<br \/>\nChassis Nr.: TMBEM6NJXFZ079826<br \/>\nBaujahr: 2016<br \/>\nKilometer: 61268 KM<br \/>\nLeistung: 90 KW<br \/>\nHubraum: 1197 ccm<br \/>\nTyp: 1SF885<br \/>\nFarbcode: Black<br \/>\nHinweise: &#8211;<\/p>\n<p>Versand: Versand nur in der Schweiz m\u00f6glich.Im Ausland ist der Transport k\u00e4uferseits.<br \/>\nGarantie: 3 Monate Garantie. Bitte beachten Sie, dass die Gew\u00e4hrleistung nur g\u00fcltig ist, wenn der Ersatzteileinbau durch eine Fachwerkstatt\/Meisterwerkstatt erfolgt. Das Ein- und Ausbau des Ersatzteiles kann nicht an uns verrechnet werden.<\/p>\n<p>Ersatzteil: f\u00fcr andere Fahrzeugen (Marken) verf\u00fcgbar auf anfrage. Tel.041 980 27 47. Mobil. 076 589 27 47<\/p>\n<p>Kontakt<br \/>\nAdresse: Autoverwertung Brun AG<br \/>\nM\u00f6\u00f6slimatten 13<br \/>\n6218 Ettiswil<br \/>\nTelefon: 0041 (041) 980 27 47<br \/>\nTelefax: 0041 (041) 980 03 47<\/p>\n<p>Wir bieten Ihnen weitere gebrauchte Autoteile zum Kauf an.<br \/>\nTags: Getriebe , Manual transmission, Boi^te de vitesses<\/p>\n","protected":false},"excerpt":{"rendered":"<p>Technische Daten Fahrzeug: Skoda Fabia Chassis Nr.: TMBEM6NJXFZ079826 Baujahr: 2016 Kilometer: 61268 KM Leistung: 90 KW Hubraum: 1197 ccm Typ: 1SF885 Farbcode: Black Hinweise: &#8211; Versand: Versand nur in der Schweiz m\u00f6glich.Im Ausland ist der Transport k\u00e4uferseits. Garantie: 3 Monate Garantie. Bitte beachten Sie, dass die Gew\u00e4hrleistung nur g\u00fcltig ist, wenn der Ersatzteileinbau durch eine&hellip; <a class=\"more-link\" href=\"https:\/\/occasions-teile.ch\/en\/produkt\/skoda-fabia-getriebe-4\/\">Continue reading <span class=\"screen-reader-text\">Skoda Fabia  Getriebe<\/span><\/a><\/p>\n","protected":false},"featured_media":295914,"template":"","meta":[],"product_brand":[],"product_cat":[23541,3062,648,649,650,1463,17909],"product_tag":[],"class_list":{"0":"post-295917","1":"product","2":"type-product","3":"status-publish","4":"has-post-thumbnail","6":"product_cat-de-1-2tsi-de_fabia-de_skoda-manufacturer-10","7":"product_cat-de_fabia","8":"product_cat-de-getriebe-antrieb","9":"product_cat-de-schaltgetriebe","10":"product_cat-de-schaltgetriebe-de-schaltgetriebe","11":"product_cat-de_skoda","12":"product_cat-de-tmbem6njxfz079826-200000315","13":"product_shipping_class-tarif-4","14":"entry","16":"first","17":"instock","18":"taxable","19":"shipping-taxable","20":"purchasable","21":"product-type-simple"},"jetpack_sharing_enabled":true,"_links":{"self":[{"href":"https:\/\/occasions-teile.ch\/en\/wp-json\/wp\/v2\/product\/295917","targetHints":{"allow":["GET"]}}],"collection":[{"href":"https:\/\/occasions-teile.ch\/en\/wp-json\/wp\/v2\/product"}],"about":[{"href":"https:\/\/occasions-teile.ch\/en\/wp-json\/wp\/v2\/types\/product"}],"wp:featuredmedia":[{"embeddable":true,"href":"https:\/\/occasions-teile.ch\/en\/wp-json\/wp\/v2\/media\/295914"}],"wp:attachment":[{"href":"https:\/\/occasions-teile.ch\/en\/wp-json\/wp\/v2\/media?parent=295917"}],"wp:term":[{"taxonomy":"product_brand","embeddable":true,"href":"https:\/\/occasions-teile.ch\/en\/wp-json\/wp\/v2\/product_brand?post=295917"},{"taxonomy":"product_cat","embeddable":true,"href":"https:\/\/occasions-teile.ch\/en\/wp-json\/wp\/v2\/product_cat?post=295917"},{"taxonomy":"product_tag","embeddable":true,"href":"https:\/\/occasions-teile.ch\/en\/wp-json\/wp\/v2\/product_tag?post=295917"}],"curies":[{"name":"wp","href":"https:\/\/api.w.org\/{rel}","templated":true}]}}