{"id":295905,"date":"2024-04-20T23:38:56","date_gmt":"2024-04-20T23:38:56","guid":{"rendered":"https:\/\/occasions-teile.ch\/product\/vw-touran-alufelgen\/"},"modified":"2025-06-21T07:10:44","modified_gmt":"2025-06-21T07:10:44","slug":"vw-touran-alufelgen","status":"publish","type":"product","link":"https:\/\/occasions-teile.ch\/en\/produkt\/vw-touran-alufelgen\/","title":{"rendered":"VW Touran  Alufelgen"},"content":{"rendered":"<p><b>Technische Daten<\/b><\/p>\n<p>Fahrzeug: VW Touran<br \/>\nChassis Nr.: WVGZZZ1TZGW518983<br \/>\nBaujahr: 2015<br \/>\nKilometer: 174554 KM<br \/>\nLeistung: 150 KW<br \/>\nHubraum: 1968 ccm<br \/>\nTyp: 1VF490<br \/>\nFarbcode: silber<br \/>\nHinweise: Achtung am Rand Kratzer vorhanden !!!<br \/>\n6,5&#215;16 ET48<\/p>\n<p>Versand: Versand nur in der Schweiz m\u00f6glich.Im Ausland ist der Transport k\u00e4uferseits.<br \/>\nGarantie: 3 Monate Garantie. Bitte beachten Sie, dass die Gew\u00e4hrleistung nur g\u00fcltig ist, wenn der Ersatzteileinbau durch eine Fachwerkstatt\/Meisterwerkstatt erfolgt. Das Ein- und Ausbau des Ersatzteiles kann nicht an uns verrechnet werden.<\/p>\n<p>Ersatzteil: f\u00fcr andere Fahrzeugen (Marken) verf\u00fcgbar auf anfrage. Tel.041 980 27 47. Mobil. 076 589 27 47<\/p>\n<p>Kontakt<br \/>\nAdresse: Autoverwertung Brun AG<br \/>\nM\u00f6\u00f6slimatten 13<br \/>\n6218 Ettiswil<br \/>\nTelefon: 0041 (041) 980 27 47<br \/>\nTelefax: 0041 (041) 980 03 47<\/p>\n<p>Wir bieten Ihnen weitere gebrauchte Autoteile zum Kauf an.<br \/>\nTags: Alufelgen, Aluminum rims, Jantes en aluminium<\/p>\n","protected":false},"excerpt":{"rendered":"<p>Technische Daten Fahrzeug: VW Touran Chassis Nr.: WVGZZZ1TZGW518983 Baujahr: 2015 Kilometer: 174554 KM Leistung: 150 KW Hubraum: 1968 ccm Typ: 1VF490 Farbcode: silber Hinweise: Achtung am Rand Kratzer vorhanden !!! 6,5&#215;16 ET48 Versand: Versand nur in der Schweiz m\u00f6glich.Im Ausland ist der Transport k\u00e4uferseits. Garantie: 3 Monate Garantie. Bitte beachten Sie, dass die Gew\u00e4hrleistung nur&hellip; <a class=\"more-link\" href=\"https:\/\/occasions-teile.ch\/en\/produkt\/vw-touran-alufelgen\/\">Continue reading <span class=\"screen-reader-text\">VW Touran  Alufelgen<\/span><\/a><\/p>\n","protected":false},"featured_media":295902,"template":"","meta":[],"product_brand":[],"product_cat":[23665,1176,1175,550,2172,1280,17863],"product_tag":[],"class_list":{"0":"post-295905","1":"product","2":"type-product","3":"status-publish","4":"has-post-thumbnail","6":"product_cat-de-5t1-2-0-tdi-de_touran-de_volkswagen-manufacturer-84","7":"product_cat-de-alufelgen-felgensatz","8":"product_cat-de-felgensatz","9":"product_cat-de-raeder-reifen-felgen","10":"product_cat-de_touran","11":"product_cat-de_volkswagen","12":"product_cat-de-wvgzzz1tzgw518983-200000314","13":"product_shipping_class-tarif-2","14":"entry","16":"first","17":"instock","18":"taxable","19":"shipping-taxable","20":"purchasable","21":"product-type-simple"},"jetpack_sharing_enabled":true,"_links":{"self":[{"href":"https:\/\/occasions-teile.ch\/en\/wp-json\/wp\/v2\/product\/295905","targetHints":{"allow":["GET"]}}],"collection":[{"href":"https:\/\/occasions-teile.ch\/en\/wp-json\/wp\/v2\/product"}],"about":[{"href":"https:\/\/occasions-teile.ch\/en\/wp-json\/wp\/v2\/types\/product"}],"wp:featuredmedia":[{"embeddable":true,"href":"https:\/\/occasions-teile.ch\/en\/wp-json\/wp\/v2\/media\/295902"}],"wp:attachment":[{"href":"https:\/\/occasions-teile.ch\/en\/wp-json\/wp\/v2\/media?parent=295905"}],"wp:term":[{"taxonomy":"product_brand","embeddable":true,"href":"https:\/\/occasions-teile.ch\/en\/wp-json\/wp\/v2\/product_brand?post=295905"},{"taxonomy":"product_cat","embeddable":true,"href":"https:\/\/occasions-teile.ch\/en\/wp-json\/wp\/v2\/product_cat?post=295905"},{"taxonomy":"product_tag","embeddable":true,"href":"https:\/\/occasions-teile.ch\/en\/wp-json\/wp\/v2\/product_tag?post=295905"}],"curies":[{"name":"wp","href":"https:\/\/api.w.org\/{rel}","templated":true}]}}