{"id":295116,"date":"2024-04-19T06:54:53","date_gmt":"2024-04-19T06:54:53","guid":{"rendered":"https:\/\/occasions-teile.ch\/product\/mazda-6-navigation-bedienteil-2\/"},"modified":"2024-05-25T07:00:39","modified_gmt":"2024-05-25T07:00:39","slug":"mazda-6-navigation-bedienteil-2","status":"publish","type":"product","link":"https:\/\/occasions-teile.ch\/en\/produkt\/mazda-6-navigation-bedienteil-2\/","title":{"rendered":"Mazda 6  Navigation Bedienteil"},"content":{"rendered":"<p><span><b>Technische Daten<\/b><\/p>\n<p> Fahrzeug: Mazda 6<br \/>\n Chassis Nr.: JMZGJ691821108512<br \/>\n Baujahr: 2013<br \/>\n Kilometer: 175633 KM<br \/>\n Leistung: 150 KW<br \/>\n Hubraum: 2191 ccm<br \/>\n Typ: 1MA913<br \/>\n Farbcode: grau<br \/>\n Hinweise: &#8211;<\/p>\n<p> Versand: Versand nur in der Schweiz m\u00f6glich.Im Ausland ist der Transport k\u00e4uferseits.<br \/>\n Garantie: 3 Monate Garantie. Bitte beachten Sie, dass die Gew\u00e4hrleistung nur g\u00fcltig ist, wenn der Ersatzteileinbau durch eine Fachwerkstatt\/Meisterwerkstatt erfolgt. Das Ein- und Ausbau des Ersatzteiles kann nicht an uns verrechnet werden. <\/p>\n<p> Ersatzteil: f\u00fcr andere Fahrzeugen (Marken) verf\u00fcgbar auf anfrage. Tel.041 980 27 47. Mobil. 076 589 27 47<\/p>\n<p> Kontakt<br \/>\n  Adresse: Autoverwertung Brun AG<br \/>\n           M\u00f6\u00f6slimatten 13<br \/>\n           6218 Ettiswil<br \/>\n  Telefon: 0041 (041) 980 27 47<br \/>\n  Telefax: 0041 (041) 980 03 47<\/p>\n<p> Wir bieten Ihnen weitere gebrauchte Autoteile zum Kauf an.<br \/>\n Tags: Navigation Bedienteil, Navigation control panel, Panneau de commande de navigation<br \/>\n<\/span><\/p>\n","protected":false},"excerpt":{"rendered":"<p>Technische Daten Fahrzeug: Mazda 6 Chassis Nr.: JMZGJ691821108512 Baujahr: 2013 Kilometer: 175633 KM Leistung: 150 KW Hubraum: 2191 ccm Typ: 1MA913 Farbcode: grau Hinweise: &#8211; Versand: Versand nur in der Schweiz m\u00f6glich.Im Ausland ist der Transport k\u00e4uferseits. Garantie: 3 Monate Garantie. Bitte beachten Sie, dass die Gew\u00e4hrleistung nur g\u00fcltig ist, wenn der Ersatzteileinbau durch eine&hellip; <a class=\"more-link\" href=\"https:\/\/occasions-teile.ch\/en\/produkt\/mazda-6-navigation-bedienteil-2\/\">Continue reading <span class=\"screen-reader-text\">Mazda 6  Navigation Bedienteil<\/span><\/a><\/p>\n","protected":false},"featured_media":295113,"template":"","meta":[],"product_brand":[],"product_cat":[23606,17741,4523,4524,4525,627,624,621,16758,16760,16762,1311,1314,1308,1011,1012,1013,866,868,864],"product_tag":[],"class_list":{"0":"post-295116","1":"product","2":"type-product","3":"status-publish","4":"has-post-thumbnail","6":"product_cat-de-2-2-at-de_slug_mazda_6_893-de_mazda-manufacturer-1070","7":"product_cat-de-2-2-at-de_slug_mazda_6_893-de_mazda-manufacturer-892","8":"product_cat-de_slug_mazda_6_893","9":"product_cat-en_slug_mazda_6_821","10":"product_cat-fr_slug_mazda_6_316","11":"product_cat-fr-electricite-dispositifs-de-commande","12":"product_cat-en-electrics-control-units","13":"product_cat-de-elektrik-steuergeraete","14":"product_cat-de-jmzgj691821108512-200000312","15":"product_cat-en-jmzgj691821108512-200000312","16":"product_cat-fr-jmzgj691821108512-200000312","17":"product_cat-en_mazda","18":"product_cat-fr_mazda","19":"product_cat-de_mazda","20":"product_cat-de-navi-bedienteil","21":"product_cat-en-navi-control-panel","22":"product_cat-fr-panneau-de-controle-navi","23":"product_cat-en-radio-navigation-phone","24":"product_cat-fr-radio-navigation-telephone","25":"product_cat-de-radio-navigation-telefon","26":"product_shipping_class-tarif-1","27":"entry","29":"first","30":"instock","31":"taxable","32":"shipping-taxable","33":"purchasable","34":"product-type-simple"},"jetpack_sharing_enabled":true,"_links":{"self":[{"href":"https:\/\/occasions-teile.ch\/en\/wp-json\/wp\/v2\/product\/295116","targetHints":{"allow":["GET"]}}],"collection":[{"href":"https:\/\/occasions-teile.ch\/en\/wp-json\/wp\/v2\/product"}],"about":[{"href":"https:\/\/occasions-teile.ch\/en\/wp-json\/wp\/v2\/types\/product"}],"wp:featuredmedia":[{"embeddable":true,"href":"https:\/\/occasions-teile.ch\/en\/wp-json\/wp\/v2\/media\/295113"}],"wp:attachment":[{"href":"https:\/\/occasions-teile.ch\/en\/wp-json\/wp\/v2\/media?parent=295116"}],"wp:term":[{"taxonomy":"product_brand","embeddable":true,"href":"https:\/\/occasions-teile.ch\/en\/wp-json\/wp\/v2\/product_brand?post=295116"},{"taxonomy":"product_cat","embeddable":true,"href":"https:\/\/occasions-teile.ch\/en\/wp-json\/wp\/v2\/product_cat?post=295116"},{"taxonomy":"product_tag","embeddable":true,"href":"https:\/\/occasions-teile.ch\/en\/wp-json\/wp\/v2\/product_tag?post=295116"}],"curies":[{"name":"wp","href":"https:\/\/api.w.org\/{rel}","templated":true}]}}