{"id":28866,"date":"2023-05-03T14:13:39","date_gmt":"2023-05-03T14:13:39","guid":{"rendered":"https:\/\/occasions-teile.ch\/product\/volkswagen-polo-steuergeraet-2\/"},"modified":"2024-05-25T15:25:49","modified_gmt":"2024-05-25T15:25:49","slug":"volkswagen-polo-steuergeraet-2","status":"publish","type":"product","link":"https:\/\/occasions-teile.ch\/en\/produkt\/volkswagen-polo-steuergeraet-2\/","title":{"rendered":"Volkswagen Polo  Steuerger\u00e4t"},"content":{"rendered":"<p><span><b>Technische Daten<\/b><\/p>\n<p> Fahrzeug: Volkswagen Polo<br \/>\n Chassis Nr.: WVWZZZ6RZBY500928<br \/>\n Baujahr: 2011<br \/>\n Kilometer: 154689 KM<br \/>\n Leistung: 180 KW<br \/>\n Hubraum: 1390 ccm<br \/>\n Typ: 1vd777<br \/>\n Farbcode: Black<br \/>\n Hinweise: &#8211;<\/p>\n<p> Versand: Versand nur in der Schweiz m\u00f6glich.Im Ausland ist der Transport k\u00e4uferseits.<br \/>\n Garantie: 3 Monate Garantie. Bitte beachten Sie, dass die Gew\u00e4hrleistung nur g\u00fcltig ist, wenn der Ersatzteileinbau durch eine Fachwerkstatt\/Meisterwerkstatt erfolgt. Das Ein- und Ausbau des Ersatzteiles kann nicht an uns verrechnet werden. <\/p>\n<p> Ersatzteil: f\u00fcr andere Fahrzeugen (Marken) verf\u00fcgbar auf anfrage. Tel.041 980 27 47. Mobil. 076 589 27 47<\/p>\n<p> Kontakt<br \/>\n  Adresse: Autoverwertung Brun AG<br \/>\n           M\u00f6\u00f6slimatten 13<br \/>\n           6218 Ettiswil<br \/>\n  Telefon: 0041 (041) 980 27 47<br \/>\n  Telefax: 0041 (041) 980 03 47<\/p>\n<p> Wir bieten Ihnen weitere gebrauchte Autoteile zum Kauf an.<br \/>\n<\/span><\/p>\n","protected":false},"excerpt":{"rendered":"<p>Technische Daten Fahrzeug: Volkswagen Polo Chassis Nr.: WVWZZZ6RZBY500928 Baujahr: 2011 Kilometer: 154689 KM Leistung: 180 KW Hubraum: 1390 ccm Typ: 1vd777 Farbcode: Black Hinweise: &#8211; Versand: Versand nur in der Schweiz m\u00f6glich.Im Ausland ist der Transport k\u00e4uferseits. Garantie: 3 Monate Garantie. Bitte beachten Sie, dass die Gew\u00e4hrleistung nur g\u00fcltig ist, wenn der Ersatzteileinbau durch eine&hellip; <a class=\"more-link\" href=\"https:\/\/occasions-teile.ch\/en\/produkt\/volkswagen-polo-steuergeraet-2\/\">Continue reading <span class=\"screen-reader-text\">Volkswagen Polo  Steuerger\u00e4t<\/span><\/a><\/p>\n","protected":false},"featured_media":28863,"template":"","meta":[],"product_brand":[],"product_cat":[23618,1253,627,627,627,1253,1253,1638,1638,1638,1938,1938,1938,1286,1286,1286,1932,1932,1932],"product_tag":[],"class_list":{"0":"post-28866","1":"product","2":"type-product","3":"status-publish","4":"has-post-thumbnail","6":"product_cat-de-6r1-6c1-1-4gti-de_polo-de_volkswagen-manufacturer-22","7":"product_cat-fr-faisceaux-de-cablesjeux-de-cables","8":"product_cat-fr-electricite-dispositifs-de-commande","13":"product_cat-fr_polo","16":"product_cat-fr-unite-de-controle-du-ventilateur-fr-faisceaux-de-cablesjeux-de-cables","19":"product_cat-fr_volkswagen","22":"product_cat-fr-wvwzzz6rzby500928","25":"product_shipping_class-tarif-1-fr","26":"entry","28":"first","29":"instock","30":"taxable","31":"shipping-taxable","32":"purchasable","33":"product-type-simple"},"jetpack_sharing_enabled":true,"_links":{"self":[{"href":"https:\/\/occasions-teile.ch\/en\/wp-json\/wp\/v2\/product\/28866","targetHints":{"allow":["GET"]}}],"collection":[{"href":"https:\/\/occasions-teile.ch\/en\/wp-json\/wp\/v2\/product"}],"about":[{"href":"https:\/\/occasions-teile.ch\/en\/wp-json\/wp\/v2\/types\/product"}],"wp:featuredmedia":[{"embeddable":true,"href":"https:\/\/occasions-teile.ch\/en\/wp-json\/wp\/v2\/media\/28863"}],"wp:attachment":[{"href":"https:\/\/occasions-teile.ch\/en\/wp-json\/wp\/v2\/media?parent=28866"}],"wp:term":[{"taxonomy":"product_brand","embeddable":true,"href":"https:\/\/occasions-teile.ch\/en\/wp-json\/wp\/v2\/product_brand?post=28866"},{"taxonomy":"product_cat","embeddable":true,"href":"https:\/\/occasions-teile.ch\/en\/wp-json\/wp\/v2\/product_cat?post=28866"},{"taxonomy":"product_tag","embeddable":true,"href":"https:\/\/occasions-teile.ch\/en\/wp-json\/wp\/v2\/product_tag?post=28866"}],"curies":[{"name":"wp","href":"https:\/\/api.w.org\/{rel}","templated":true}]}}