{"id":27047,"date":"2023-05-02T13:51:45","date_gmt":"2023-05-02T13:51:45","guid":{"rendered":"https:\/\/occasions-teile.ch\/product\/volkswagen-passat-elektroluefter-lueftermotor-kuehler-3\/"},"modified":"2024-05-25T22:32:17","modified_gmt":"2024-05-25T22:32:17","slug":"volkswagen-passat-elektroluefter-lueftermotor-kuehler-3","status":"publish","type":"product","link":"https:\/\/occasions-teile.ch\/en\/produkt\/volkswagen-passat-elektroluefter-lueftermotor-kuehler-3\/","title":{"rendered":"Volkswagen Passat  Elektrol\u00fcfter\/L\u00fcftermotor (K\u00fchler)"},"content":{"rendered":"<p><span><b>Technische Daten<\/b><\/p>\n<p> Fahrzeug: Volkswagen Passat<br \/>\n Chassis Nr.: WVWZZZ3CZ7P145756<br \/>\n Baujahr: 2007<br \/>\n Kilometer: 0 KM<br \/>\n Leistung: 105 KW<br \/>\n Hubraum: 1896 ccm<br \/>\n Typ: x<br \/>\n Farbcode: silber<br \/>\n Hinweise: Achtung der kleine L\u00fcfter ist Defeckt <\/p>\n<p> Versand: Versand nur in der Schweiz m\u00f6glich.Im Ausland ist der Transport k\u00e4uferseits.<br \/>\n Garantie: 3 Monate Garantie. Bitte beachten Sie, dass die Gew\u00e4hrleistung nur g\u00fcltig ist, wenn der Ersatzteileinbau durch eine Fachwerkstatt\/Meisterwerkstatt erfolgt. Das Ein- und Ausbau des Ersatzteiles kann nicht an uns verrechnet werden. <\/p>\n<p> Ersatzteil: f\u00fcr andere Fahrzeugen (Marken) verf\u00fcgbar auf anfrage. Tel.041 980 27 47. Mobil. 076 589 27 47<\/p>\n<p> Kontakt<br \/>\n  Adresse: Autoverwertung Brun AG<br \/>\n           M\u00f6\u00f6slimatten 13<br \/>\n           6218 Ettiswil<br \/>\n  Telefon: 0041 (041) 980 27 47<br \/>\n  Telefax: 0041 (041) 980 03 47<\/p>\n<p> Wir bieten Ihnen weitere gebrauchte Autoteile zum Kauf an.<br \/>\n<\/span><\/p>\n","protected":false},"excerpt":{"rendered":"<p>Technische Daten Fahrzeug: Volkswagen Passat Chassis Nr.: WVWZZZ3CZ7P145756 Baujahr: 2007 Kilometer: 0 KM Leistung: 105 KW Hubraum: 1896 ccm Typ: x Farbcode: silber Hinweise: Achtung der kleine L\u00fcfter ist Defeckt Versand: Versand nur in der Schweiz m\u00f6glich.Im Ausland ist der Transport k\u00e4uferseits. Garantie: 3 Monate Garantie. Bitte beachten Sie, dass die Gew\u00e4hrleistung nur g\u00fcltig ist,&hellip; <a class=\"more-link\" href=\"https:\/\/occasions-teile.ch\/en\/produkt\/volkswagen-passat-elektroluefter-lueftermotor-kuehler-3\/\">Continue reading <span class=\"screen-reader-text\">Volkswagen Passat  Elektrol\u00fcfter\/L\u00fcftermotor (K\u00fchler)<\/span><\/a><\/p>\n","protected":false},"featured_media":27044,"template":"","meta":[],"product_brand":[],"product_cat":[23631,1001,1323,1323,1001,497,497,497,1301,1301,1301,1323,1001,1283,1283,1283,1904,1904,1904],"product_tag":[],"class_list":{"0":"post-27047","1":"product","2":"type-product","3":"status-publish","4":"has-post-thumbnail","6":"product_cat-de-1-9tdi-de_passat-de_volkswagen-manufacturer-8","7":"product_cat-en-coolingmotor","8":"product_cat-en-electric-fan-fan-motor-cooler","11":"product_cat-en-motor","14":"product_cat-en_passat","19":"product_cat-en_volkswagen","22":"product_cat-en-wvwzzz3cz7p145756","25":"product_shipping_class-tarif-1-en","26":"entry","28":"first","29":"instock","30":"taxable","31":"shipping-taxable","32":"purchasable","33":"product-type-simple"},"jetpack_sharing_enabled":true,"_links":{"self":[{"href":"https:\/\/occasions-teile.ch\/en\/wp-json\/wp\/v2\/product\/27047","targetHints":{"allow":["GET"]}}],"collection":[{"href":"https:\/\/occasions-teile.ch\/en\/wp-json\/wp\/v2\/product"}],"about":[{"href":"https:\/\/occasions-teile.ch\/en\/wp-json\/wp\/v2\/types\/product"}],"wp:featuredmedia":[{"embeddable":true,"href":"https:\/\/occasions-teile.ch\/en\/wp-json\/wp\/v2\/media\/27044"}],"wp:attachment":[{"href":"https:\/\/occasions-teile.ch\/en\/wp-json\/wp\/v2\/media?parent=27047"}],"wp:term":[{"taxonomy":"product_brand","embeddable":true,"href":"https:\/\/occasions-teile.ch\/en\/wp-json\/wp\/v2\/product_brand?post=27047"},{"taxonomy":"product_cat","embeddable":true,"href":"https:\/\/occasions-teile.ch\/en\/wp-json\/wp\/v2\/product_cat?post=27047"},{"taxonomy":"product_tag","embeddable":true,"href":"https:\/\/occasions-teile.ch\/en\/wp-json\/wp\/v2\/product_tag?post=27047"}],"curies":[{"name":"wp","href":"https:\/\/api.w.org\/{rel}","templated":true}]}}