{"id":268242,"date":"2024-02-26T16:22:42","date_gmt":"2024-02-26T16:22:42","guid":{"rendered":"https:\/\/occasions-teile.ch\/product\/ford-ecosport-fensterheberschalter\/"},"modified":"2024-05-24T08:42:38","modified_gmt":"2024-05-24T08:42:38","slug":"ford-ecosport-fensterheberschalter","status":"publish","type":"product","link":"https:\/\/occasions-teile.ch\/en\/produkt\/ford-ecosport-fensterheberschalter\/","title":{"rendered":"Ford EcoSport  Fensterheberschalter"},"content":{"rendered":"<p><span><b>Technische Daten<\/b><\/p>\n<p> Fahrzeug: Ford EcoSport<br \/>\n Chassis Nr.: WF0BXXMRKBHR63488<br \/>\n Baujahr: 2017<br \/>\n Kilometer: 80188 KM<br \/>\n Leistung: 140 KW<br \/>\n Hubraum: 998 ccm<br \/>\n Typ: 1FK361<br \/>\n Farbcode: silber<br \/>\n Hinweise: &#8211;<\/p>\n<p> Versand: Versand nur in der Schweiz m\u00f6glich.Im Ausland ist der Transport k\u00e4uferseits.<br \/>\n Garantie: 3 Monate Garantie. Bitte beachten Sie, dass die Gew\u00e4hrleistung nur g\u00fcltig ist, wenn der Ersatzteileinbau durch eine Fachwerkstatt\/Meisterwerkstatt erfolgt. Das Ein- und Ausbau des Ersatzteiles kann nicht an uns verrechnet werden. <\/p>\n<p> Ersatzteil: f\u00fcr andere Fahrzeugen (Marken) verf\u00fcgbar auf anfrage. Tel.041 980 27 47. Mobil. 076 589 27 47<\/p>\n<p> Kontakt<br \/>\n  Adresse: Autoverwertung Brun AG<br \/>\n           M\u00f6\u00f6slimatten 13<br \/>\n           6218 Ettiswil<br \/>\n  Telefon: 0041 (041) 980 27 47<br \/>\n  Telefax: 0041 (041) 980 03 47<\/p>\n<p> Wir bieten Ihnen weitere gebrauchte Autoteile zum Kauf an.<br \/>\n<\/span><\/p>\n","protected":false},"excerpt":{"rendered":"<p>Technische Daten Fahrzeug: Ford EcoSport Chassis Nr.: WF0BXXMRKBHR63488 Baujahr: 2017 Kilometer: 80188 KM Leistung: 140 KW Hubraum: 998 ccm Typ: 1FK361 Farbcode: silber Hinweise: &#8211; Versand: Versand nur in der Schweiz m\u00f6glich.Im Ausland ist der Transport k\u00e4uferseits. Garantie: 3 Monate Garantie. Bitte beachten Sie, dass die Gew\u00e4hrleistung nur g\u00fcltig ist, wenn der Ersatzteileinbau durch eine&hellip; <a class=\"more-link\" href=\"https:\/\/occasions-teile.ch\/en\/produkt\/ford-ecosport-fensterheberschalter\/\">Continue reading <span class=\"screen-reader-text\">Ford EcoSport  Fensterheberschalter<\/span><\/a><\/p>\n","protected":false},"featured_media":268239,"template":"","meta":[],"product_brand":[],"product_cat":[23557,11180,621,10978,10978,10978,621,621,774,1586,1586,1586,622,774,622,622,774,10977,10977,10977],"product_tag":[],"class_list":{"0":"post-268242","1":"product","2":"type-product","3":"status-publish","4":"has-post-thumbnail","6":"product_cat-de-1-0-scti-de_slug_ford_ecosport_453-de_ford-manufacturer-155","7":"product_cat-de-1-0-scti-de_slug_ford_ecosport_453-de_ford-manufacturer-106","8":"product_cat-de-elektrik-steuergeraete","9":"product_cat-de_slug_ford_ecosport_453","14":"product_cat-de-fensterheberschalter-schalter-aussenspiegel","15":"product_cat-de_ford","18":"product_cat-de-schalter","23":"product_cat-de-wf0bxxmrkbhr63488-200000281","26":"product_shipping_class-tarif-1","27":"entry","29":"first","30":"instock","31":"taxable","32":"shipping-taxable","33":"purchasable","34":"product-type-simple"},"jetpack_sharing_enabled":true,"_links":{"self":[{"href":"https:\/\/occasions-teile.ch\/en\/wp-json\/wp\/v2\/product\/268242","targetHints":{"allow":["GET"]}}],"collection":[{"href":"https:\/\/occasions-teile.ch\/en\/wp-json\/wp\/v2\/product"}],"about":[{"href":"https:\/\/occasions-teile.ch\/en\/wp-json\/wp\/v2\/types\/product"}],"wp:featuredmedia":[{"embeddable":true,"href":"https:\/\/occasions-teile.ch\/en\/wp-json\/wp\/v2\/media\/268239"}],"wp:attachment":[{"href":"https:\/\/occasions-teile.ch\/en\/wp-json\/wp\/v2\/media?parent=268242"}],"wp:term":[{"taxonomy":"product_brand","embeddable":true,"href":"https:\/\/occasions-teile.ch\/en\/wp-json\/wp\/v2\/product_brand?post=268242"},{"taxonomy":"product_cat","embeddable":true,"href":"https:\/\/occasions-teile.ch\/en\/wp-json\/wp\/v2\/product_cat?post=268242"},{"taxonomy":"product_tag","embeddable":true,"href":"https:\/\/occasions-teile.ch\/en\/wp-json\/wp\/v2\/product_tag?post=268242"}],"curies":[{"name":"wp","href":"https:\/\/api.w.org\/{rel}","templated":true}]}}