{"id":256414,"date":"2024-01-24T13:31:04","date_gmt":"2024-01-24T13:31:04","guid":{"rendered":"https:\/\/occasions-teile.ch\/product\/skoda-octavia-kraftstoffpumpe-tankgeber-10\/"},"modified":"2024-05-26T11:35:44","modified_gmt":"2024-05-26T11:35:44","slug":"skoda-octavia-kraftstoffpumpe-tankgeber-10","status":"publish","type":"product","link":"https:\/\/occasions-teile.ch\/en\/produkt\/skoda-octavia-kraftstoffpumpe-tankgeber-10\/","title":{"rendered":"Skoda Octavia  Kraftstoffpumpe Tankgeber"},"content":{"rendered":"<p><span><b>Technische Daten<\/b><\/p>\n<p> Fahrzeug: Skoda Octavia<br \/>\n Chassis Nr.: TMBLK7NE5L0007745<br \/>\n Baujahr: 2019<br \/>\n Kilometer: 31667 KM<br \/>\n Leistung: 185 KW<br \/>\n Hubraum: 1968 ccm<br \/>\n Typ: 1SG664<br \/>\n Farbcode: Black<br \/>\n Hinweise: &#8211;<\/p>\n<p> Versand: Versand nur in der Schweiz m\u00f6glich.Im Ausland ist der Transport k\u00e4uferseits.<br \/>\n Garantie: 3 Monate Garantie. Bitte beachten Sie, dass die Gew\u00e4hrleistung nur g\u00fcltig ist, wenn der Ersatzteileinbau durch eine Fachwerkstatt\/Meisterwerkstatt erfolgt. Das Ein- und Ausbau des Ersatzteiles kann nicht an uns verrechnet werden. <\/p>\n<p> Ersatzteil: f\u00fcr andere Fahrzeugen (Marken) verf\u00fcgbar auf anfrage. Tel.041 980 27 47. Mobil. 076 589 27 47<\/p>\n<p> Kontakt<br \/>\n  Adresse: Autoverwertung Brun AG<br \/>\n           M\u00f6\u00f6slimatten 13<br \/>\n           6218 Ettiswil<br \/>\n  Telefon: 0041 (041) 980 27 47<br \/>\n  Telefax: 0041 (041) 980 03 47<\/p>\n<p> Wir bieten Ihnen weitere gebrauchte Autoteile zum Kauf an.<br \/>\n<\/span><\/p>\n","protected":false},"excerpt":{"rendered":"<p>Technische Daten Fahrzeug: Skoda Octavia Chassis Nr.: TMBLK7NE5L0007745 Baujahr: 2019 Kilometer: 31667 KM Leistung: 185 KW Hubraum: 1968 ccm Typ: 1SG664 Farbcode: Black Hinweise: &#8211; Versand: Versand nur in der Schweiz m\u00f6glich.Im Ausland ist der Transport k\u00e4uferseits. Garantie: 3 Monate Garantie. Bitte beachten Sie, dass die Gew\u00e4hrleistung nur g\u00fcltig ist, wenn der Ersatzteileinbau durch eine&hellip; <a class=\"more-link\" href=\"https:\/\/occasions-teile.ch\/en\/produkt\/skoda-octavia-kraftstoffpumpe-tankgeber-10\/\">Continue reading <span class=\"screen-reader-text\">Skoda Octavia  Kraftstoffpumpe Tankgeber<\/span><\/a><\/p>\n","protected":false},"featured_media":256411,"template":"","meta":[],"product_brand":[],"product_cat":[23651,9868,6122,6371,6370,6121,500,497,494,1472,1477,1464,6372,1471,1476,1463,6123,9859,9861,9862],"product_tag":[],"class_list":{"0":"post-256414","1":"product","2":"type-product","3":"status-publish","4":"has-post-thumbnail","6":"product_cat-de-2-0tdi-4x4-de_octavia-de_skoda-manufacturer-62","7":"product_cat-de-2-0tdi-4x4-de_octavia-de_skoda-manufacturer-4","8":"product_cat-en-air-fuel-system-motor","9":"product_cat-en-fuel-pump-tank-sender-luft-kraftstoffsystem","10":"product_cat-de-kraftstoffpumpe-tankgeber-luft-kraftstoffsystem","11":"product_cat-de-luft-kraftstoffsystem-motor","12":"product_cat-fr-moteur","13":"product_cat-en-motor","14":"product_cat-de-motor","15":"product_cat-en_octavia-en_skoda-manufacturer-en","16":"product_cat-fr_octavia-fr_skoda-fabricant-2","17":"product_cat-de_octavia","18":"product_cat-fr-pompe-a-carburant-reservoir-luft-kraftstoffsystem","19":"product_cat-en_skoda-manufacturer-en","20":"product_cat-fr_skoda-fabricant-2","21":"product_cat-de_skoda","22":"product_cat-fr-systeme-de-carburant-a-air-motor","23":"product_cat-de-tmblk7ne5l0007745-200000264","24":"product_cat-en-tmblk7ne5l0007745-200000264","25":"product_cat-fr-tmblk7ne5l0007745-200000264","26":"product_shipping_class-tarif-1","27":"entry","29":"first","30":"instock","31":"taxable","32":"shipping-taxable","33":"purchasable","34":"product-type-simple"},"jetpack_sharing_enabled":true,"_links":{"self":[{"href":"https:\/\/occasions-teile.ch\/en\/wp-json\/wp\/v2\/product\/256414","targetHints":{"allow":["GET"]}}],"collection":[{"href":"https:\/\/occasions-teile.ch\/en\/wp-json\/wp\/v2\/product"}],"about":[{"href":"https:\/\/occasions-teile.ch\/en\/wp-json\/wp\/v2\/types\/product"}],"wp:featuredmedia":[{"embeddable":true,"href":"https:\/\/occasions-teile.ch\/en\/wp-json\/wp\/v2\/media\/256411"}],"wp:attachment":[{"href":"https:\/\/occasions-teile.ch\/en\/wp-json\/wp\/v2\/media?parent=256414"}],"wp:term":[{"taxonomy":"product_brand","embeddable":true,"href":"https:\/\/occasions-teile.ch\/en\/wp-json\/wp\/v2\/product_brand?post=256414"},{"taxonomy":"product_cat","embeddable":true,"href":"https:\/\/occasions-teile.ch\/en\/wp-json\/wp\/v2\/product_cat?post=256414"},{"taxonomy":"product_tag","embeddable":true,"href":"https:\/\/occasions-teile.ch\/en\/wp-json\/wp\/v2\/product_tag?post=256414"}],"curies":[{"name":"wp","href":"https:\/\/api.w.org\/{rel}","templated":true}]}}