{"id":256330,"date":"2024-01-23T17:05:58","date_gmt":"2024-01-23T17:05:58","guid":{"rendered":"https:\/\/occasions-teile.ch\/product\/maserati-granturismo-felgen-einzeln-3\/"},"modified":"2024-05-25T02:14:09","modified_gmt":"2024-05-25T02:14:09","slug":"maserati-granturismo-felgen-einzeln-3","status":"publish","type":"product","link":"https:\/\/occasions-teile.ch\/en\/produkt\/maserati-granturismo-felgen-einzeln-3\/","title":{"rendered":"Maserati GranTurismo  Felgen (einzeln)"},"content":{"rendered":"<p><span><b>Technische Daten<\/b><\/p>\n<p> Fahrzeug: Maserati GranTurismo<br \/>\n Chassis Nr.: ZAMGH45B000039592<br \/>\n Baujahr: 2008<br \/>\n Kilometer: 89270 KM<br \/>\n Leistung: 405 KW<br \/>\n Hubraum: 4244 ccm<br \/>\n Typ: 1MA124<br \/>\n Farbcode: Black<br \/>\n Hinweise: 10.5Jx19ET37.5<\/p>\n<p> Versand: Versand nur in der Schweiz m\u00f6glich.Im Ausland ist der Transport k\u00e4uferseits.<br \/>\n Garantie: 3 Monate Garantie. Bitte beachten Sie, dass die Gew\u00e4hrleistung nur g\u00fcltig ist, wenn der Ersatzteileinbau durch eine Fachwerkstatt\/Meisterwerkstatt erfolgt. Das Ein- und Ausbau des Ersatzteiles kann nicht an uns verrechnet werden. <\/p>\n<p> Ersatzteil: f\u00fcr andere Fahrzeugen (Marken) verf\u00fcgbar auf anfrage. Tel.041 980 27 47. Mobil. 076 589 27 47<\/p>\n<p> Kontakt<br \/>\n  Adresse: Autoverwertung Brun AG<br \/>\n           M\u00f6\u00f6slimatten 13<br \/>\n           6218 Ettiswil<br \/>\n  Telefon: 0041 (041) 980 27 47<br \/>\n  Telefax: 0041 (041) 980 03 47<\/p>\n<p> Wir bieten Ihnen weitere gebrauchte Autoteile zum Kauf an.<br \/>\n<\/span><\/p>\n","protected":false},"excerpt":{"rendered":"<p>Technische Daten Fahrzeug: Maserati GranTurismo Chassis Nr.: ZAMGH45B000039592 Baujahr: 2008 Kilometer: 89270 KM Leistung: 405 KW Hubraum: 4244 ccm Typ: 1MA124 Farbcode: Black Hinweise: 10.5Jx19ET37.5 Versand: Versand nur in der Schweiz m\u00f6glich.Im Ausland ist der Transport k\u00e4uferseits. Garantie: 3 Monate Garantie. Bitte beachten Sie, dass die Gew\u00e4hrleistung nur g\u00fcltig ist, wenn der Ersatzteileinbau durch eine&hellip; <a class=\"more-link\" href=\"https:\/\/occasions-teile.ch\/en\/produkt\/maserati-granturismo-felgen-einzeln-3\/\">Continue reading <span class=\"screen-reader-text\">Maserati GranTurismo  Felgen (einzeln)<\/span><\/a><\/p>\n","protected":false},"featured_media":256327,"template":"","meta":[],"product_brand":[],"product_cat":[9858,23596,1110,1109,4126,4124,4125,1113,1114,1718,1721,1724,550,1112,1111,556,553,9774,9776,9778],"product_tag":[],"class_list":{"0":"post-256330","1":"product","2":"type-product","3":"status-publish","4":"has-post-thumbnail","6":"product_cat-de-4-2-de_slug_maserati_granturismo_959-de_maserati-manufacturer-77","7":"product_cat-de-4-2-de_slug_maserati_granturismo_959-de_maserati-manufacturer-120","8":"product_cat-de-felgen-einzeln","9":"product_cat-de-felgeneinzeln","10":"product_cat-fr_slug_maserati_granturismo_992","11":"product_cat-de_slug_maserati_granturismo_959","12":"product_cat-en_slug_maserati_granturismo_994","13":"product_cat-fr-jantes-seules","14":"product_cat-fr-jantes-seules-fr-jantes-seules","15":"product_cat-de_maserati","16":"product_cat-en_maserati","17":"product_cat-fr_maserati","18":"product_cat-de-raeder-reifen-felgen","19":"product_cat-en-rims-single","20":"product_cat-en-rimssingle","21":"product_cat-fr-roues-pneus-jantes","22":"product_cat-en-wheels-tires-rims","23":"product_cat-de-zamgh45b000039592-200000262","24":"product_cat-en-zamgh45b000039592-200000262","25":"product_cat-fr-zamgh45b000039592-200000262","26":"product_shipping_class-tarif-2","27":"entry","29":"first","30":"instock","31":"taxable","32":"shipping-taxable","33":"purchasable","34":"product-type-simple"},"jetpack_sharing_enabled":true,"_links":{"self":[{"href":"https:\/\/occasions-teile.ch\/en\/wp-json\/wp\/v2\/product\/256330","targetHints":{"allow":["GET"]}}],"collection":[{"href":"https:\/\/occasions-teile.ch\/en\/wp-json\/wp\/v2\/product"}],"about":[{"href":"https:\/\/occasions-teile.ch\/en\/wp-json\/wp\/v2\/types\/product"}],"wp:featuredmedia":[{"embeddable":true,"href":"https:\/\/occasions-teile.ch\/en\/wp-json\/wp\/v2\/media\/256327"}],"wp:attachment":[{"href":"https:\/\/occasions-teile.ch\/en\/wp-json\/wp\/v2\/media?parent=256330"}],"wp:term":[{"taxonomy":"product_brand","embeddable":true,"href":"https:\/\/occasions-teile.ch\/en\/wp-json\/wp\/v2\/product_brand?post=256330"},{"taxonomy":"product_cat","embeddable":true,"href":"https:\/\/occasions-teile.ch\/en\/wp-json\/wp\/v2\/product_cat?post=256330"},{"taxonomy":"product_tag","embeddable":true,"href":"https:\/\/occasions-teile.ch\/en\/wp-json\/wp\/v2\/product_tag?post=256330"}],"curies":[{"name":"wp","href":"https:\/\/api.w.org\/{rel}","templated":true}]}}