{"id":254770,"date":"2024-01-18T14:37:26","date_gmt":"2024-01-18T14:37:26","guid":{"rendered":"https:\/\/occasions-teile.ch\/product\/ford-transit-bremszange-bremssattel-vorne-4\/"},"modified":"2024-05-28T20:41:12","modified_gmt":"2024-05-28T20:41:12","slug":"ford-transit-bremszange-bremssattel-vorne-4","status":"publish","type":"product","link":"https:\/\/occasions-teile.ch\/en\/produkt\/ford-transit-bremszange-bremssattel-vorne-4\/","title":{"rendered":"Ford Transit  Bremszange Bremssattel vorne"},"content":{"rendered":"<p><span><b>Technische Daten<\/b><\/p>\n<p> Fahrzeug: Ford Transit<br \/>\n Chassis Nr.: WF0YXXTTGYDE28290<br \/>\n Baujahr: 2014<br \/>\n Kilometer: 140867 KM<br \/>\n Leistung: 101 KW<br \/>\n Hubraum: 2198 ccm<br \/>\n Typ: 3FF469<br \/>\n Farbcode: White\/Weiss<br \/>\n Hinweise: &#8211;<\/p>\n<p> Versand: Versand nur in der Schweiz m\u00f6glich.Im Ausland ist der Transport k\u00e4uferseits.<br \/>\n Garantie: 3 Monate Garantie. Bitte beachten Sie, dass die Gew\u00e4hrleistung nur g\u00fcltig ist, wenn der Ersatzteileinbau durch eine Fachwerkstatt\/Meisterwerkstatt erfolgt. Das Ein- und Ausbau des Ersatzteiles kann nicht an uns verrechnet werden. <\/p>\n<p> Ersatzteil: f\u00fcr andere Fahrzeugen (Marken) verf\u00fcgbar auf anfrage. Tel.041 980 27 47. Mobil. 076 589 27 47<\/p>\n<p> Kontakt<br \/>\n  Adresse: Autoverwertung Brun AG<br \/>\n           M\u00f6\u00f6slimatten 13<br \/>\n           6218 Ettiswil<br \/>\n  Telefon: 0041 (041) 980 27 47<br \/>\n  Telefax: 0041 (041) 980 03 47<\/p>\n<p> Wir bieten Ihnen weitere gebrauchte Autoteile zum Kauf an.<br \/>\n<\/span><\/p>\n","protected":false},"excerpt":{"rendered":"<p>Technische Daten Fahrzeug: Ford Transit Chassis Nr.: WF0YXXTTGYDE28290 Baujahr: 2014 Kilometer: 140867 KM Leistung: 101 KW Hubraum: 2198 ccm Typ: 3FF469 Farbcode: White\/Weiss Hinweise: &#8211; Versand: Versand nur in der Schweiz m\u00f6glich.Im Ausland ist der Transport k\u00e4uferseits. Garantie: 3 Monate Garantie. Bitte beachten Sie, dass die Gew\u00e4hrleistung nur g\u00fcltig ist, wenn der Ersatzteileinbau durch eine&hellip; <a class=\"more-link\" href=\"https:\/\/occasions-teile.ch\/en\/produkt\/ford-transit-bremszange-bremssattel-vorne-4\/\">Continue reading <span class=\"screen-reader-text\">Ford Transit  Bremszange Bremssattel vorne<\/span><\/a><\/p>\n","protected":false},"featured_media":254767,"template":"","meta":[],"product_brand":[],"product_cat":[780,779,533,530,777,778,23803,9712,781,782,1589,1592,1586,536,3236,3237,3238,7494,7496,7498],"product_tag":[],"class_list":{"0":"post-254770","1":"product","2":"type-product","3":"status-publish","4":"has-post-thumbnail","6":"product_cat-en-brake-caliper-front","7":"product_cat-en-brake-calipercarrier","8":"product_cat-en-brake-brake-system","9":"product_cat-de-bremse-bremsanlage","10":"product_cat-de-bremssatteltraeger","11":"product_cat-de-bremszange-bremssattel-vorne","12":"product_cat-de-c-van-2-2tdci-de_transit-de_ford-manufacturer-58","13":"product_cat-de-c-van-2-2tdci-de_transit-de_ford-manufacturer-25","14":"product_cat-fr-etrier-de-frein-support","15":"product_cat-fr-etrier-de-frein-avant","16":"product_cat-en_ford","17":"product_cat-fr_ford","18":"product_cat-de_ford","19":"product_cat-fr-frein-systeme-de-freinage","20":"product_cat-de_transit","21":"product_cat-en_transit","22":"product_cat-fr_transit","23":"product_cat-de-wf0yxxttgyde28290-200000235","24":"product_cat-en-wf0yxxttgyde28290-200000235","25":"product_cat-fr-wf0yxxttgyde28290-200000235","26":"product_shipping_class-tarif-1","27":"entry","29":"first","30":"instock","31":"taxable","32":"shipping-taxable","33":"purchasable","34":"product-type-simple"},"jetpack_sharing_enabled":true,"_links":{"self":[{"href":"https:\/\/occasions-teile.ch\/en\/wp-json\/wp\/v2\/product\/254770","targetHints":{"allow":["GET"]}}],"collection":[{"href":"https:\/\/occasions-teile.ch\/en\/wp-json\/wp\/v2\/product"}],"about":[{"href":"https:\/\/occasions-teile.ch\/en\/wp-json\/wp\/v2\/types\/product"}],"wp:featuredmedia":[{"embeddable":true,"href":"https:\/\/occasions-teile.ch\/en\/wp-json\/wp\/v2\/media\/254767"}],"wp:attachment":[{"href":"https:\/\/occasions-teile.ch\/en\/wp-json\/wp\/v2\/media?parent=254770"}],"wp:term":[{"taxonomy":"product_brand","embeddable":true,"href":"https:\/\/occasions-teile.ch\/en\/wp-json\/wp\/v2\/product_brand?post=254770"},{"taxonomy":"product_cat","embeddable":true,"href":"https:\/\/occasions-teile.ch\/en\/wp-json\/wp\/v2\/product_cat?post=254770"},{"taxonomy":"product_tag","embeddable":true,"href":"https:\/\/occasions-teile.ch\/en\/wp-json\/wp\/v2\/product_tag?post=254770"}],"curies":[{"name":"wp","href":"https:\/\/api.w.org\/{rel}","templated":true}]}}