{"id":254227,"date":"2024-01-17T15:17:31","date_gmt":"2024-01-17T15:17:31","guid":{"rendered":"https:\/\/occasions-teile.ch\/product\/vw-caddy-achs-hinten-achskoerper-3\/"},"modified":"2024-05-28T08:08:06","modified_gmt":"2024-05-28T08:08:06","slug":"vw-caddy-achs-hinten-achskoerper-3","status":"publish","type":"product","link":"https:\/\/occasions-teile.ch\/en\/produkt\/vw-caddy-achs-hinten-achskoerper-3\/","title":{"rendered":"VW Caddy  Achs hinten Achsk\u00f6rper"},"content":{"rendered":"<p><span><b>Technische Daten<\/b><\/p>\n<p> Fahrzeug: VW Caddy<br \/>\n Chassis Nr.: WV1ZZZ2KZKX062150<br \/>\n Baujahr: 2019<br \/>\n Kilometer: 73626 KM<br \/>\n Leistung: 122 KW<br \/>\n Hubraum: 1968 ccm<br \/>\n Typ: 3VE630<br \/>\n Farbcode: orange<br \/>\n Hinweise: &#8211;<\/p>\n<p> Versand: Versand nur in der Schweiz m\u00f6glich.Im Ausland ist der Transport k\u00e4uferseits.<br \/>\n Garantie: 3 Monate Garantie. Bitte beachten Sie, dass die Gew\u00e4hrleistung nur g\u00fcltig ist, wenn der Ersatzteileinbau durch eine Fachwerkstatt\/Meisterwerkstatt erfolgt. Das Ein- und Ausbau des Ersatzteiles kann nicht an uns verrechnet werden. <\/p>\n<p> Ersatzteil: f\u00fcr andere Fahrzeugen (Marken) verf\u00fcgbar auf anfrage. Tel.041 980 27 47. Mobil. 076 589 27 47<\/p>\n<p> Kontakt<br \/>\n  Adresse: Autoverwertung Brun AG<br \/>\n           M\u00f6\u00f6slimatten 13<br \/>\n           6218 Ettiswil<br \/>\n  Telefon: 0041 (041) 980 27 47<br \/>\n  Telefax: 0041 (041) 980 03 47<\/p>\n<p> Wir bieten Ihnen weitere gebrauchte Autoteile zum Kauf an.<br \/>\n<\/span><\/p>\n","protected":false},"excerpt":{"rendered":"<p>Technische Daten Fahrzeug: VW Caddy Chassis Nr.: WV1ZZZ2KZKX062150 Baujahr: 2019 Kilometer: 73626 KM Leistung: 122 KW Hubraum: 1968 ccm Typ: 3VE630 Farbcode: orange Hinweise: &#8211; Versand: Versand nur in der Schweiz m\u00f6glich.Im Ausland ist der Transport k\u00e4uferseits. Garantie: 3 Monate Garantie. Bitte beachten Sie, dass die Gew\u00e4hrleistung nur g\u00fcltig ist, wenn der Ersatzteileinbau durch eine&hellip; <a class=\"more-link\" href=\"https:\/\/occasions-teile.ch\/en\/produkt\/vw-caddy-achs-hinten-achskoerper-3\/\">Continue reading <span class=\"screen-reader-text\">VW Caddy  Achs hinten Achsk\u00f6rper<\/span><\/a><\/p>\n","protected":false},"featured_media":254224,"template":"","meta":[],"product_brand":[],"product_cat":[742,741,743,1628,1630,1632,544,746,541,9658,23743,744,745,547,1286,1280,1283,9335,9337,9338],"product_tag":[],"class_list":{"0":"post-254227","1":"product","2":"type-product","3":"status-publish","4":"has-post-thumbnail","6":"product_cat-de-achs-hinten-achskoerper","7":"product_cat-de-achstraeger-hilfsrahmen","8":"product_cat-en-axle-carrier-subframe","9":"product_cat-de_caddy","10":"product_cat-en_caddy","11":"product_cat-fr_caddy","12":"product_cat-en-chassis-steering","13":"product_cat-fr-essieu-arriere-complet","14":"product_cat-de-fahrwerk-lenkung","15":"product_cat-de-kasten-bmt-4motion-de_caddy-de_volkswagen-manufacturer-43","16":"product_cat-de-kasten-bmt-4motion-de_caddy-de_volkswagen-manufacturer-97","17":"product_cat-en-rear-axlecomplete","18":"product_cat-fr-support-dessieu-cadre-auxiliaire","19":"product_cat-fr-train-de-roulement-direction","20":"product_cat-fr_volkswagen","21":"product_cat-de_volkswagen","22":"product_cat-en_volkswagen","23":"product_cat-de-wv1zzz2kzkx062150-200000261","24":"product_cat-en-wv1zzz2kzkx062150-200000261","25":"product_cat-fr-wv1zzz2kzkx062150-200000261","26":"product_shipping_class-tarif-4","27":"entry","29":"first","30":"instock","31":"taxable","32":"shipping-taxable","33":"purchasable","34":"product-type-simple"},"jetpack_sharing_enabled":true,"_links":{"self":[{"href":"https:\/\/occasions-teile.ch\/en\/wp-json\/wp\/v2\/product\/254227","targetHints":{"allow":["GET"]}}],"collection":[{"href":"https:\/\/occasions-teile.ch\/en\/wp-json\/wp\/v2\/product"}],"about":[{"href":"https:\/\/occasions-teile.ch\/en\/wp-json\/wp\/v2\/types\/product"}],"wp:featuredmedia":[{"embeddable":true,"href":"https:\/\/occasions-teile.ch\/en\/wp-json\/wp\/v2\/media\/254224"}],"wp:attachment":[{"href":"https:\/\/occasions-teile.ch\/en\/wp-json\/wp\/v2\/media?parent=254227"}],"wp:term":[{"taxonomy":"product_brand","embeddable":true,"href":"https:\/\/occasions-teile.ch\/en\/wp-json\/wp\/v2\/product_brand?post=254227"},{"taxonomy":"product_cat","embeddable":true,"href":"https:\/\/occasions-teile.ch\/en\/wp-json\/wp\/v2\/product_cat?post=254227"},{"taxonomy":"product_tag","embeddable":true,"href":"https:\/\/occasions-teile.ch\/en\/wp-json\/wp\/v2\/product_tag?post=254227"}],"curies":[{"name":"wp","href":"https:\/\/api.w.org\/{rel}","templated":true}]}}