{"id":252625,"date":"2024-01-14T23:46:26","date_gmt":"2024-01-14T23:46:26","guid":{"rendered":"https:\/\/occasions-teile.ch\/product\/vw-passat-elektroluefter-lueftermotor-kuehler-2\/"},"modified":"2024-01-14T23:46:42","modified_gmt":"2024-01-14T23:46:42","slug":"vw-passat-elektroluefter-lueftermotor-kuehler-2","status":"publish","type":"product","link":"https:\/\/occasions-teile.ch\/en\/product\/vw-passat-elektroluefter-lueftermotor-kuehler-2\/","title":{"rendered":"VW Passat  Elektrol\u00fcfter L\u00fcftermotor (K\u00fchler)"},"content":{"rendered":"<p><span><b>Technical data<\/b><\/p>\n<p> Vehicle: VW Passat<br \/>\n Chassis Nr.: WVWZZZ3CZKE200461<br \/>\n Year of production: 2019<br \/>\n Mileage: 164234 KM<br \/>\n Horsepower: 190 PS<br \/>\n Engine displacement: 1968 ccm<br \/>\n Typ: 1VJ334<br \/>\n Color code: silber<br \/>\n Notes: &#8211;<\/p>\n<p> Shipping: Shipping is only available in Switzerland. In other countries, buyer is responsible for transport.<br \/>\n Warranty: 3 months warranty. Please note that the warranty is only valid if the spare parts are installed by a specialist workshop\/master workshop. The installation and removal of the spare part cannot be charged to us.<\/p>\n<p> Spare part: for other vehicles (brands) available on request. Tel. 041 980 27 47. Mobile. 076 589 27 47<\/p>\n<p> Contact<br \/>\n  Address:   Autoverwertung Brun AG<br \/>\n             M\u00f6\u00f6slimatten 13<br \/>\n             6218 Ettiswil<br \/>\n  Telephone: 0041 (041) 980 27 47<br \/>\n  Telefax:   0041 (041) 980 03 47<\/p>\n<p> We also offer other used auto parts for sale.<br \/>\n<\/span><\/p>\n","protected":false},"excerpt":{"rendered":"<p>Technical data Vehicle: VW Passat Chassis Nr.: WVWZZZ3CZKE200461 Year of production: 2019 Mileage: 164234 KM Horsepower: 190 PS Engine displacement: 1968 ccm Typ: 1VJ334 Color code: silber Notes: &#8211; Shipping: Shipping is only available in Switzerland. In other countries, buyer is responsible for transport. Warranty: 3 months warranty. Please note that the warranty is only&hellip; <a class=\"more-link\" href=\"https:\/\/occasions-teile.ch\/en\/product\/vw-passat-elektroluefter-lueftermotor-kuehler-2\/\">Continue reading <span class=\"screen-reader-text\">VW Passat  Elektrol\u00fcfter L\u00fcftermotor (K\u00fchler)<\/span><\/a><\/p>\n","protected":false},"featured_media":252622,"template":"","meta":[],"product_brand":[],"product_cat":[9487,1001,1323,1322,999,500,494,497,1299,1301,1303,1324,1003,1280,1283,1286,9184,9422,9423],"product_tag":[],"class_list":{"0":"post-252625","1":"product","2":"type-product","3":"status-publish","4":"has-post-thumbnail","6":"product_cat-de-b8-variant-de_passat-de_volkswagen-manufacturer-56","7":"product_cat-en-coolingmotor","8":"product_cat-en-electric-fan-fan-motor-cooler","9":"product_cat-de-elektroluefter-lueftermotor-kuehler","10":"product_cat-de-kuehlungmotor","11":"product_cat-fr-moteur","12":"product_cat-de-motor","13":"product_cat-en-motor","14":"product_cat-de_passat","15":"product_cat-en_passat","16":"product_cat-fr_passat","17":"product_cat-fr-pompes-a-eau-pompes-a-eau-supplementaires","18":"product_cat-fr-refroidissement-moteur","19":"product_cat-de_volkswagen","20":"product_cat-en_volkswagen","21":"product_cat-fr_volkswagen","22":"product_cat-de-wvwzzz3czke200461-200000257","23":"product_cat-en-wvwzzz3czke200461-200000257","24":"product_cat-fr-wvwzzz3czke200461-200000257","25":"product_shipping_class-tarif-1-en","26":"entry","28":"first","29":"outofstock","30":"taxable","31":"shipping-taxable","32":"purchasable","33":"product-type-simple"},"jetpack_sharing_enabled":true,"_links":{"self":[{"href":"https:\/\/occasions-teile.ch\/en\/wp-json\/wp\/v2\/product\/252625","targetHints":{"allow":["GET"]}}],"collection":[{"href":"https:\/\/occasions-teile.ch\/en\/wp-json\/wp\/v2\/product"}],"about":[{"href":"https:\/\/occasions-teile.ch\/en\/wp-json\/wp\/v2\/types\/product"}],"wp:featuredmedia":[{"embeddable":true,"href":"https:\/\/occasions-teile.ch\/en\/wp-json\/wp\/v2\/media\/252622"}],"wp:attachment":[{"href":"https:\/\/occasions-teile.ch\/en\/wp-json\/wp\/v2\/media?parent=252625"}],"wp:term":[{"taxonomy":"product_brand","embeddable":true,"href":"https:\/\/occasions-teile.ch\/en\/wp-json\/wp\/v2\/product_brand?post=252625"},{"taxonomy":"product_cat","embeddable":true,"href":"https:\/\/occasions-teile.ch\/en\/wp-json\/wp\/v2\/product_cat?post=252625"},{"taxonomy":"product_tag","embeddable":true,"href":"https:\/\/occasions-teile.ch\/en\/wp-json\/wp\/v2\/product_tag?post=252625"}],"curies":[{"name":"wp","href":"https:\/\/api.w.org\/{rel}","templated":true}]}}