{"id":250882,"date":"2024-01-12T14:27:53","date_gmt":"2024-01-12T14:27:53","guid":{"rendered":"https:\/\/occasions-teile.ch\/product\/mazda-cx-3-alufelgen-3\/"},"modified":"2024-05-23T17:45:20","modified_gmt":"2024-05-23T17:45:20","slug":"mazda-cx-3-alufelgen-3","status":"publish","type":"product","link":"https:\/\/occasions-teile.ch\/en\/produkt\/mazda-cx-3-alufelgen-3\/","title":{"rendered":"Mazda CX-3  Alufelgen"},"content":{"rendered":"<p><span><b>Technische Daten<\/b><\/p>\n<p> Fahrzeug: Mazda CX-3<br \/>\n Chassis Nr.: JMZDKFW7A20155741<br \/>\n Baujahr: 2016<br \/>\n Kilometer: 81500 KM<br \/>\n Leistung: 150 KW<br \/>\n Hubraum: 1998 ccm<br \/>\n Typ: 1MB119<br \/>\n Farbcode: Black<br \/>\n Hinweise: 6,5&#215;16 ET50 215\/60R16<\/p>\n<p> Versand: Versand nur in der Schweiz m\u00f6glich.Im Ausland ist der Transport k\u00e4uferseits.<br \/>\n Garantie: 3 Monate Garantie. Bitte beachten Sie, dass die Gew\u00e4hrleistung nur g\u00fcltig ist, wenn der Ersatzteileinbau durch eine Fachwerkstatt\/Meisterwerkstatt erfolgt. Das Ein- und Ausbau des Ersatzteiles kann nicht an uns verrechnet werden. <\/p>\n<p> Ersatzteil: f\u00fcr andere Fahrzeugen (Marken) verf\u00fcgbar auf anfrage. Tel.041 980 27 47. Mobil. 076 589 27 47<\/p>\n<p> Kontakt<br \/>\n  Adresse: Autoverwertung Brun AG<br \/>\n           M\u00f6\u00f6slimatten 13<br \/>\n           6218 Ettiswil<br \/>\n  Telefon: 0041 (041) 980 27 47<br \/>\n  Telefax: 0041 (041) 980 03 47<\/p>\n<p> Wir bieten Ihnen weitere gebrauchte Autoteile zum Kauf an.<br \/>\n<\/span><\/p>\n","protected":false},"excerpt":{"rendered":"<p>Technische Daten Fahrzeug: Mazda CX-3 Chassis Nr.: JMZDKFW7A20155741 Baujahr: 2016 Kilometer: 81500 KM Leistung: 150 KW Hubraum: 1998 ccm Typ: 1MB119 Farbcode: Black Hinweise: 6,5&#215;16 ET50 215\/60R16 Versand: Versand nur in der Schweiz m\u00f6glich.Im Ausland ist der Transport k\u00e4uferseits. Garantie: 3 Monate Garantie. Bitte beachten Sie, dass die Gew\u00e4hrleistung nur g\u00fcltig ist, wenn der Ersatzteileinbau&hellip; <a class=\"more-link\" href=\"https:\/\/occasions-teile.ch\/en\/produkt\/mazda-cx-3-alufelgen-3\/\">Continue reading <span class=\"screen-reader-text\">Mazda CX-3  Alufelgen<\/span><\/a><\/p>\n","protected":false},"featured_media":250879,"template":"","meta":[],"product_brand":[],"product_cat":[1176,9239,9228,9236,1175,9334,23543,1787,1786,9238,9227,9235,1314,1308,1311,550,556,1784,1785,553],"product_tag":[],"class_list":{"0":"post-250882","1":"product","2":"type-product","3":"status-publish","4":"has-post-thumbnail","6":"product_cat-de-alufelgen-felgensatz","7":"product_cat-fr_slug_mazda_cx-3_595","8":"product_cat-de_slug_mazda_cx-3_432","9":"product_cat-en_slug_mazda_cx-3_765","10":"product_cat-de-felgensatz","11":"product_cat-de-g150at-de_slug_mazda_cx-3_432-de_mazda-manufacturer-68","12":"product_cat-de-g150at-de_slug_mazda_cx-3_432-de_mazda-manufacturer-143","13":"product_cat-fr-jeu-de-jantes-fr-jeu-de-jantes","14":"product_cat-fr-jeu-de-jantes","15":"product_cat-fr-jmzdkfw7a20155741-200000259","16":"product_cat-de-jmzdkfw7a20155741-200000259","17":"product_cat-en-jmzdkfw7a20155741-200000259","18":"product_cat-fr_mazda","19":"product_cat-de_mazda","20":"product_cat-en_mazda","21":"product_cat-de-raeder-reifen-felgen","22":"product_cat-fr-roues-pneus-jantes","23":"product_cat-en-set-of-rims-en-wheels-tires-rims","24":"product_cat-en-set-of-rims-en-set-of-rims-en-wheels-tires-rims","25":"product_cat-en-wheels-tires-rims","26":"product_shipping_class-tarif-2","27":"entry","29":"first","30":"instock","31":"taxable","32":"shipping-taxable","33":"purchasable","34":"product-type-simple"},"jetpack_sharing_enabled":true,"_links":{"self":[{"href":"https:\/\/occasions-teile.ch\/en\/wp-json\/wp\/v2\/product\/250882","targetHints":{"allow":["GET"]}}],"collection":[{"href":"https:\/\/occasions-teile.ch\/en\/wp-json\/wp\/v2\/product"}],"about":[{"href":"https:\/\/occasions-teile.ch\/en\/wp-json\/wp\/v2\/types\/product"}],"wp:featuredmedia":[{"embeddable":true,"href":"https:\/\/occasions-teile.ch\/en\/wp-json\/wp\/v2\/media\/250879"}],"wp:attachment":[{"href":"https:\/\/occasions-teile.ch\/en\/wp-json\/wp\/v2\/media?parent=250882"}],"wp:term":[{"taxonomy":"product_brand","embeddable":true,"href":"https:\/\/occasions-teile.ch\/en\/wp-json\/wp\/v2\/product_brand?post=250882"},{"taxonomy":"product_cat","embeddable":true,"href":"https:\/\/occasions-teile.ch\/en\/wp-json\/wp\/v2\/product_cat?post=250882"},{"taxonomy":"product_tag","embeddable":true,"href":"https:\/\/occasions-teile.ch\/en\/wp-json\/wp\/v2\/product_tag?post=250882"}],"curies":[{"name":"wp","href":"https:\/\/api.w.org\/{rel}","templated":true}]}}