{"id":248181,"date":"2024-01-10T00:48:18","date_gmt":"2024-01-10T00:48:18","guid":{"rendered":"https:\/\/occasions-teile.ch\/product\/audi-a4-kraftstoffpumpe-tankgeber\/"},"modified":"2024-05-23T15:45:11","modified_gmt":"2024-05-23T15:45:11","slug":"audi-a4-kraftstoffpumpe-tankgeber","status":"publish","type":"product","link":"https:\/\/occasions-teile.ch\/en\/produkt\/audi-a4-kraftstoffpumpe-tankgeber\/","title":{"rendered":"Audi A4  Kraftstoffpumpe Tankgeber"},"content":{"rendered":"<p><span><b>Technische Daten<\/b><\/p>\n<p> Fahrzeug: Audi A4<br \/>\n Chassis Nr.: WAUZZZF45GA005045<br \/>\n Baujahr: 2015<br \/>\n Kilometer: 140000 KM<br \/>\n Leistung: 190 KW<br \/>\n Hubraum: 1968 ccm<br \/>\n Typ: 1AE422<br \/>\n Farbcode: grau<br \/>\n Hinweise: &#8211;<\/p>\n<p> Versand: Versand nur in der Schweiz m\u00f6glich.Im Ausland ist der Transport k\u00e4uferseits.<br \/>\n Garantie: 3 Monate Garantie. Bitte beachten Sie, dass die Gew\u00e4hrleistung nur g\u00fcltig ist, wenn der Ersatzteileinbau durch eine Fachwerkstatt\/Meisterwerkstatt erfolgt. Das Ein- und Ausbau des Ersatzteiles kann nicht an uns verrechnet werden. <\/p>\n<p> Ersatzteil: f\u00fcr andere Fahrzeugen (Marken) verf\u00fcgbar auf anfrage. Tel.041 980 27 47. Mobil. 076 589 27 47<\/p>\n<p> Kontakt<br \/>\n  Adresse: Autoverwertung Brun AG<br \/>\n           M\u00f6\u00f6slimatten 13<br \/>\n           6218 Ettiswil<br \/>\n  Telefon: 0041 (041) 980 27 47<br \/>\n  Telefax: 0041 (041) 980 03 47<\/p>\n<p> Wir bieten Ihnen weitere gebrauchte Autoteile zum Kauf an.<br \/>\n<\/span><\/p>\n","protected":false},"excerpt":{"rendered":"<p>Technische Daten Fahrzeug: Audi A4 Chassis Nr.: WAUZZZF45GA005045 Baujahr: 2015 Kilometer: 140000 KM Leistung: 190 KW Hubraum: 1968 ccm Typ: 1AE422 Farbcode: grau Hinweise: &#8211; Versand: Versand nur in der Schweiz m\u00f6glich.Im Ausland ist der Transport k\u00e4uferseits. Garantie: 3 Monate Garantie. Bitte beachten Sie, dass die Gew\u00e4hrleistung nur g\u00fcltig ist, wenn der Ersatzteileinbau durch eine&hellip; <a class=\"more-link\" href=\"https:\/\/occasions-teile.ch\/en\/produkt\/audi-a4-kraftstoffpumpe-tankgeber\/\">Continue reading <span class=\"screen-reader-text\">Audi A4  Kraftstoffpumpe Tankgeber<\/span><\/a><\/p>\n","protected":false},"featured_media":248178,"template":"","meta":[],"product_brand":[],"product_cat":[23540,8822,465,459,462,6122,461,464,458,6371,6370,6121,500,494,497,6372,6123,2124,2125,2123],"product_tag":[],"class_list":{"0":"post-248181","1":"product","2":"type-product","3":"status-publish","4":"has-post-thumbnail","6":"product_cat-de-2-0tdi-8w-de_a4-de_audi-manufacturer-42","7":"product_cat-de-2-0tdi-8w-de_a4","8":"product_cat-fr_a4","9":"product_cat-de_a4","10":"product_cat-en_a4","11":"product_cat-en-air-fuel-system-motor","12":"product_cat-en_audi","13":"product_cat-fr_audi","14":"product_cat-de_audi","15":"product_cat-en-fuel-pump-tank-sender-luft-kraftstoffsystem","16":"product_cat-de-kraftstoffpumpe-tankgeber-luft-kraftstoffsystem","17":"product_cat-de-luft-kraftstoffsystem-motor","18":"product_cat-fr-moteur","19":"product_cat-de-motor","20":"product_cat-en-motor","21":"product_cat-fr-pompe-a-carburant-reservoir-luft-kraftstoffsystem","22":"product_cat-fr-systeme-de-carburant-a-air-motor","23":"product_cat-en-wauzzzf45ga005045-20000182","24":"product_cat-fr-wauzzzf45ga005045-20000182","25":"product_cat-de-wauzzzf45ga005045-20000182","26":"product_shipping_class-tarif-1","27":"entry","29":"first","30":"instock","31":"taxable","32":"shipping-taxable","33":"purchasable","34":"product-type-simple"},"jetpack_sharing_enabled":true,"_links":{"self":[{"href":"https:\/\/occasions-teile.ch\/en\/wp-json\/wp\/v2\/product\/248181","targetHints":{"allow":["GET"]}}],"collection":[{"href":"https:\/\/occasions-teile.ch\/en\/wp-json\/wp\/v2\/product"}],"about":[{"href":"https:\/\/occasions-teile.ch\/en\/wp-json\/wp\/v2\/types\/product"}],"wp:featuredmedia":[{"embeddable":true,"href":"https:\/\/occasions-teile.ch\/en\/wp-json\/wp\/v2\/media\/248178"}],"wp:attachment":[{"href":"https:\/\/occasions-teile.ch\/en\/wp-json\/wp\/v2\/media?parent=248181"}],"wp:term":[{"taxonomy":"product_brand","embeddable":true,"href":"https:\/\/occasions-teile.ch\/en\/wp-json\/wp\/v2\/product_brand?post=248181"},{"taxonomy":"product_cat","embeddable":true,"href":"https:\/\/occasions-teile.ch\/en\/wp-json\/wp\/v2\/product_cat?post=248181"},{"taxonomy":"product_tag","embeddable":true,"href":"https:\/\/occasions-teile.ch\/en\/wp-json\/wp\/v2\/product_tag?post=248181"}],"curies":[{"name":"wp","href":"https:\/\/api.w.org\/{rel}","templated":true}]}}