{"id":248070,"date":"2024-01-10T00:28:42","date_gmt":"2024-01-10T00:28:42","guid":{"rendered":"https:\/\/occasions-teile.ch\/product\/alfa-romeo-giulietta-federn-hinten-2\/"},"modified":"2024-05-27T18:36:13","modified_gmt":"2024-05-27T18:36:13","slug":"alfa-romeo-giulietta-federn-hinten-2","status":"publish","type":"product","link":"https:\/\/occasions-teile.ch\/en\/produkt\/alfa-romeo-giulietta-federn-hinten-2\/","title":{"rendered":"Alfa Romeo Giulietta  Federn hinten"},"content":{"rendered":"<p><span><b>Technische Daten<\/b><\/p>\n<p> Fahrzeug: Alfa Romeo Giulietta<br \/>\n Chassis Nr.: ZAR94000007038303<br \/>\n Baujahr: 2010<br \/>\n Kilometer: 84645 KM<br \/>\n Leistung: 170 KW<br \/>\n Hubraum: 1368 ccm<br \/>\n Typ: 1AA455<br \/>\n Farbcode: blau<br \/>\n Hinweise: &#8211;<\/p>\n<p> Versand: Versand nur in der Schweiz m\u00f6glich.Im Ausland ist der Transport k\u00e4uferseits.<br \/>\n Garantie: 3 Monate Garantie. Bitte beachten Sie, dass die Gew\u00e4hrleistung nur g\u00fcltig ist, wenn der Ersatzteileinbau durch eine Fachwerkstatt\/Meisterwerkstatt erfolgt. Das Ein- und Ausbau des Ersatzteiles kann nicht an uns verrechnet werden. <\/p>\n<p> Ersatzteil: f\u00fcr andere Fahrzeugen (Marken) verf\u00fcgbar auf anfrage. Tel.041 980 27 47. Mobil. 076 589 27 47<\/p>\n<p> Kontakt<br \/>\n  Adresse: Autoverwertung Brun AG<br \/>\n           M\u00f6\u00f6slimatten 13<br \/>\n           6218 Ettiswil<br \/>\n  Telefon: 0041 (041) 980 27 47<br \/>\n  Telefax: 0041 (041) 980 03 47<\/p>\n<p> Wir bieten Ihnen weitere gebrauchte Autoteile zum Kauf an.<br \/>\n<\/span><\/p>\n","protected":false},"excerpt":{"rendered":"<p>Technische Daten Fahrzeug: Alfa Romeo Giulietta Chassis Nr.: ZAR94000007038303 Baujahr: 2010 Kilometer: 84645 KM Leistung: 170 KW Hubraum: 1368 ccm Typ: 1AA455 Farbcode: blau Hinweise: &#8211; Versand: Versand nur in der Schweiz m\u00f6glich.Im Ausland ist der Transport k\u00e4uferseits. Garantie: 3 Monate Garantie. Bitte beachten Sie, dass die Gew\u00e4hrleistung nur g\u00fcltig ist, wenn der Ersatzteileinbau durch&hellip; <a class=\"more-link\" href=\"https:\/\/occasions-teile.ch\/en\/produkt\/alfa-romeo-giulietta-federn-hinten-2\/\">Continue reading <span class=\"screen-reader-text\">Alfa Romeo Giulietta  Federn hinten<\/span><\/a><\/p>\n","protected":false},"featured_media":248067,"template":"","meta":[],"product_brand":[],"product_cat":[23723,8813,471,474,468,544,541,951,952,5924,5925,5926,955,956,954,953,547,7402,7404,7406],"product_tag":[],"class_list":{"0":"post-248070","1":"product","2":"type-product","3":"status-publish","4":"has-post-thumbnail","6":"product_cat-de-1-4-tb-de_slug_alfa-romeo_giulietta_507-de_alfa-romeo-manufacturer-61","7":"product_cat-de-1-4-tb-de_slug_alfa-romeo_giulietta_507-de_alfa-romeo-manufacturer-46","8":"product_cat-en_alfa-romeo","9":"product_cat-fr_alfa-romeo","10":"product_cat-de_alfa-romeo","11":"product_cat-en-chassis-steering","12":"product_cat-de-fahrwerk-lenkung","13":"product_cat-de-federn","14":"product_cat-de-federn-hinten","15":"product_cat-de_slug_alfa-romeo_giulietta_507","16":"product_cat-en_slug_alfa-romeo_giulietta_426","17":"product_cat-fr_slug_alfa-romeo_giulietta_720","18":"product_cat-fr-ressorts","19":"product_cat-fr-ressorts-arriere","20":"product_cat-en-spring-rear","21":"product_cat-en-springs","22":"product_cat-fr-train-de-roulement-direction","23":"product_cat-de-zar94000007038303-200000240","24":"product_cat-en-zar94000007038303-200000240","25":"product_cat-fr-zar94000007038303-200000240","26":"product_shipping_class-tarif-1","27":"entry","29":"first","30":"instock","31":"taxable","32":"shipping-taxable","33":"purchasable","34":"product-type-simple"},"jetpack_sharing_enabled":true,"_links":{"self":[{"href":"https:\/\/occasions-teile.ch\/en\/wp-json\/wp\/v2\/product\/248070","targetHints":{"allow":["GET"]}}],"collection":[{"href":"https:\/\/occasions-teile.ch\/en\/wp-json\/wp\/v2\/product"}],"about":[{"href":"https:\/\/occasions-teile.ch\/en\/wp-json\/wp\/v2\/types\/product"}],"wp:featuredmedia":[{"embeddable":true,"href":"https:\/\/occasions-teile.ch\/en\/wp-json\/wp\/v2\/media\/248067"}],"wp:attachment":[{"href":"https:\/\/occasions-teile.ch\/en\/wp-json\/wp\/v2\/media?parent=248070"}],"wp:term":[{"taxonomy":"product_brand","embeddable":true,"href":"https:\/\/occasions-teile.ch\/en\/wp-json\/wp\/v2\/product_brand?post=248070"},{"taxonomy":"product_cat","embeddable":true,"href":"https:\/\/occasions-teile.ch\/en\/wp-json\/wp\/v2\/product_cat?post=248070"},{"taxonomy":"product_tag","embeddable":true,"href":"https:\/\/occasions-teile.ch\/en\/wp-json\/wp\/v2\/product_tag?post=248070"}],"curies":[{"name":"wp","href":"https:\/\/api.w.org\/{rel}","templated":true}]}}