{"id":247977,"date":"2024-01-10T00:09:23","date_gmt":"2024-01-10T00:09:23","guid":{"rendered":"https:\/\/occasions-teile.ch\/product\/vw-golf-klimakompressor-4\/"},"modified":"2024-05-24T17:58:24","modified_gmt":"2024-05-24T17:58:24","slug":"vw-golf-klimakompressor-4","status":"publish","type":"product","link":"https:\/\/occasions-teile.ch\/en\/produkt\/vw-golf-klimakompressor-4\/","title":{"rendered":"VW Golf  Klimakompressor"},"content":{"rendered":"<p><span><b>Technische Daten<\/b><\/p>\n<p> Fahrzeug: VW Golf<br \/>\n Chassis Nr.: WVWZZZ1KZCP073067<br \/>\n Baujahr: 2012<br \/>\n Kilometer: 0 KM<br \/>\n Leistung: 105 KW<br \/>\n Hubraum: 1197 ccm<br \/>\n Typ: 1VD954<br \/>\n Farbcode: blau<br \/>\n Hinweise: Achtung Riemenscheibe mussersetzt werden!!!<\/p>\n<p> Versand: Versand nur in der Schweiz m\u00f6glich.Im Ausland ist der Transport k\u00e4uferseits.<br \/>\n Garantie: 3 Monate Garantie. Bitte beachten Sie, dass die Gew\u00e4hrleistung nur g\u00fcltig ist, wenn der Ersatzteileinbau durch eine Fachwerkstatt\/Meisterwerkstatt erfolgt. Das Ein- und Ausbau des Ersatzteiles kann nicht an uns verrechnet werden. <\/p>\n<p> Ersatzteil: f\u00fcr andere Fahrzeugen (Marken) verf\u00fcgbar auf anfrage. Tel.041 980 27 47. Mobil. 076 589 27 47<\/p>\n<p> Kontakt<br \/>\n  Adresse: Autoverwertung Brun AG<br \/>\n           M\u00f6\u00f6slimatten 13<br \/>\n           6218 Ettiswil<br \/>\n  Telefon: 0041 (041) 980 27 47<br \/>\n  Telefax: 0041 (041) 980 03 47<\/p>\n<p> Wir bieten Ihnen weitere gebrauchte Autoteile zum Kauf an.<br \/>\n<\/span><\/p>\n","protected":false},"excerpt":{"rendered":"<p>Technische Daten Fahrzeug: VW Golf Chassis Nr.: WVWZZZ1KZCP073067 Baujahr: 2012 Kilometer: 0 KM Leistung: 105 KW Hubraum: 1197 ccm Typ: 1VD954 Farbcode: blau Hinweise: Achtung Riemenscheibe mussersetzt werden!!! Versand: Versand nur in der Schweiz m\u00f6glich.Im Ausland ist der Transport k\u00e4uferseits. Garantie: 3 Monate Garantie. Bitte beachten Sie, dass die Gew\u00e4hrleistung nur g\u00fcltig ist, wenn der&hellip; <a class=\"more-link\" href=\"https:\/\/occasions-teile.ch\/en\/produkt\/vw-golf-klimakompressor-4\/\">Continue reading <span class=\"screen-reader-text\">VW Golf  Klimakompressor<\/span><\/a><\/p>\n","protected":false},"featured_media":247974,"template":"","meta":[],"product_brand":[],"product_cat":[23584,8802,711,713,712,713,712,1281,1281,1281,711,711,713,712,1280,1280,1280,7373,7373,7373],"product_tag":[],"class_list":{"0":"post-247977","1":"product","2":"type-product","3":"status-publish","4":"has-post-thumbnail","6":"product_cat-de-6-1-2-de_golf-de_volkswagen-manufacturer-24","7":"product_cat-de-6-1-2-de_golf-de_volkswagen-manufacturer-17","8":"product_cat-de-heizung-klima","9":"product_cat-de-kompressor-klima","10":"product_cat-de-kompressorklima","13":"product_cat-de_golf","20":"product_cat-de_volkswagen","23":"product_cat-de-wvwzzz1kzcp073067-200000239","26":"product_shipping_class-tarif-1","27":"entry","29":"first","30":"instock","31":"taxable","32":"shipping-taxable","33":"purchasable","34":"product-type-simple"},"jetpack_sharing_enabled":true,"_links":{"self":[{"href":"https:\/\/occasions-teile.ch\/en\/wp-json\/wp\/v2\/product\/247977","targetHints":{"allow":["GET"]}}],"collection":[{"href":"https:\/\/occasions-teile.ch\/en\/wp-json\/wp\/v2\/product"}],"about":[{"href":"https:\/\/occasions-teile.ch\/en\/wp-json\/wp\/v2\/types\/product"}],"wp:featuredmedia":[{"embeddable":true,"href":"https:\/\/occasions-teile.ch\/en\/wp-json\/wp\/v2\/media\/247974"}],"wp:attachment":[{"href":"https:\/\/occasions-teile.ch\/en\/wp-json\/wp\/v2\/media?parent=247977"}],"wp:term":[{"taxonomy":"product_brand","embeddable":true,"href":"https:\/\/occasions-teile.ch\/en\/wp-json\/wp\/v2\/product_brand?post=247977"},{"taxonomy":"product_cat","embeddable":true,"href":"https:\/\/occasions-teile.ch\/en\/wp-json\/wp\/v2\/product_cat?post=247977"},{"taxonomy":"product_tag","embeddable":true,"href":"https:\/\/occasions-teile.ch\/en\/wp-json\/wp\/v2\/product_tag?post=247977"}],"curies":[{"name":"wp","href":"https:\/\/api.w.org\/{rel}","templated":true}]}}