{"id":243505,"date":"2023-12-13T14:03:20","date_gmt":"2023-12-13T14:03:20","guid":{"rendered":"https:\/\/occasions-teile.ch\/product\/skoda-fabia-klimakondensator-klimakuehler\/"},"modified":"2024-05-24T20:56:37","modified_gmt":"2024-05-24T20:56:37","slug":"skoda-fabia-klimakondensator-klimakuehler","status":"publish","type":"product","link":"https:\/\/occasions-teile.ch\/en\/produkt\/skoda-fabia-klimakondensator-klimakuehler\/","title":{"rendered":"Skoda Fabia  Klimakondensator Klimak\u00fchler"},"content":{"rendered":"<p><span><b>Technische Daten<\/b><\/p>\n<p> Fahrzeug: Skoda Fabia<br \/>\n Chassis Nr.: TMBJN6NJ3GZ029217<br \/>\n Baujahr: 2015<br \/>\n Kilometer: 150469 KM<br \/>\n Leistung: 110 KW<br \/>\n Hubraum: 1197 ccm<br \/>\n Typ: 1SF981<br \/>\n Farbcode: White\/Weiss<br \/>\n Hinweise: &#8211;<\/p>\n<p> Versand: Versand nur in der Schweiz m\u00f6glich.Im Ausland ist der Transport k\u00e4uferseits.<br \/>\n Garantie: 3 Monate Garantie. Bitte beachten Sie, dass die Gew\u00e4hrleistung nur g\u00fcltig ist, wenn der Ersatzteileinbau durch eine Fachwerkstatt\/Meisterwerkstatt erfolgt. Das Ein- und Ausbau des Ersatzteiles kann nicht an uns verrechnet werden. <\/p>\n<p> Ersatzteil: f\u00fcr andere Fahrzeugen (Marken) verf\u00fcgbar auf anfrage. Tel.041 980 27 47. Mobil. 076 589 27 47<\/p>\n<p> Kontakt<br \/>\n  Adresse: Autoverwertung Brun AG<br \/>\n           M\u00f6\u00f6slimatten 13<br \/>\n           6218 Ettiswil<br \/>\n  Telefon: 0041 (041) 980 27 47<br \/>\n  Telefax: 0041 (041) 980 03 47<\/p>\n<p> Wir bieten Ihnen weitere gebrauchte Autoteile zum Kauf an.<br \/>\n<\/span><\/p>\n","protected":false},"excerpt":{"rendered":"<p>Technische Daten Fahrzeug: Skoda Fabia Chassis Nr.: TMBJN6NJ3GZ029217 Baujahr: 2015 Kilometer: 150469 KM Leistung: 110 KW Hubraum: 1197 ccm Typ: 1SF981 Farbcode: White\/Weiss Hinweise: &#8211; Versand: Versand nur in der Schweiz m\u00f6glich.Im Ausland ist der Transport k\u00e4uferseits. Garantie: 3 Monate Garantie. Bitte beachten Sie, dass die Gew\u00e4hrleistung nur g\u00fcltig ist, wenn der Ersatzteileinbau durch eine&hellip; <a class=\"more-link\" href=\"https:\/\/occasions-teile.ch\/en\/produkt\/skoda-fabia-klimakondensator-klimakuehler\/\">Continue reading <span class=\"screen-reader-text\">Skoda Fabia  Klimakondensator Klimak\u00fchler<\/span><\/a><\/p>\n","protected":false},"featured_media":243502,"template":"","meta":[],"product_brand":[],"product_cat":[8286,23590,3064,717,1043,1042,1476,8268],"product_tag":[],"class_list":{"0":"post-243505","1":"product","2":"type-product","3":"status-publish","4":"has-post-thumbnail","6":"product_cat-de-c-1-2-de_fabia-de_skoda-manufacturer-10","7":"product_cat-de-c-1-2-de_fabia-de_skoda-manufacturer-101","8":"product_cat-fr_fabia","9":"product_cat-fr-chauffage-climatisation","10":"product_cat-fr-condenseur-climatisation","11":"product_cat-fr-condenseurclimatisation","12":"product_cat-fr_skoda-fabricant-2","13":"product_cat-fr-tmbjn6nj3gz029217-200000252","14":"product_shipping_class-tarif-1-fr","15":"entry","17":"first","18":"instock","19":"taxable","20":"shipping-taxable","21":"purchasable","22":"product-type-simple"},"jetpack_sharing_enabled":true,"_links":{"self":[{"href":"https:\/\/occasions-teile.ch\/en\/wp-json\/wp\/v2\/product\/243505","targetHints":{"allow":["GET"]}}],"collection":[{"href":"https:\/\/occasions-teile.ch\/en\/wp-json\/wp\/v2\/product"}],"about":[{"href":"https:\/\/occasions-teile.ch\/en\/wp-json\/wp\/v2\/types\/product"}],"wp:featuredmedia":[{"embeddable":true,"href":"https:\/\/occasions-teile.ch\/en\/wp-json\/wp\/v2\/media\/243502"}],"wp:attachment":[{"href":"https:\/\/occasions-teile.ch\/en\/wp-json\/wp\/v2\/media?parent=243505"}],"wp:term":[{"taxonomy":"product_brand","embeddable":true,"href":"https:\/\/occasions-teile.ch\/en\/wp-json\/wp\/v2\/product_brand?post=243505"},{"taxonomy":"product_cat","embeddable":true,"href":"https:\/\/occasions-teile.ch\/en\/wp-json\/wp\/v2\/product_cat?post=243505"},{"taxonomy":"product_tag","embeddable":true,"href":"https:\/\/occasions-teile.ch\/en\/wp-json\/wp\/v2\/product_tag?post=243505"}],"curies":[{"name":"wp","href":"https:\/\/api.w.org\/{rel}","templated":true}]}}