{"id":243084,"date":"2023-12-12T15:53:53","date_gmt":"2023-12-12T15:53:53","guid":{"rendered":"https:\/\/occasions-teile.ch\/product\/fiat-doblo-stahlfelgen\/"},"modified":"2024-05-29T05:23:26","modified_gmt":"2024-05-29T05:23:26","slug":"fiat-doblo-stahlfelgen","status":"publish","type":"product","link":"https:\/\/occasions-teile.ch\/en\/produkt\/fiat-doblo-stahlfelgen\/","title":{"rendered":"Fiat Doblo  Stahlfelgen"},"content":{"rendered":"<p><span><b>Technische Daten<\/b><\/p>\n<p> Fahrzeug: Fiat Doblo<br \/>\n Chassis Nr.: ZFA26300006C74920<br \/>\n Baujahr: 2016<br \/>\n Kilometer: 102296 KM<br \/>\n Leistung: 90 KW<br \/>\n Hubraum: 1598 ccm<br \/>\n Typ: 3FC732<br \/>\n Farbcode: White\/Weiss<br \/>\n Hinweise: 6&#215;15 ET39<\/p>\n<p> Versand: Versand nur in der Schweiz m\u00f6glich.Im Ausland ist der Transport k\u00e4uferseits.<br \/>\n Garantie: 3 Monate Garantie. Bitte beachten Sie, dass die Gew\u00e4hrleistung nur g\u00fcltig ist, wenn der Ersatzteileinbau durch eine Fachwerkstatt\/Meisterwerkstatt erfolgt. Das Ein- und Ausbau des Ersatzteiles kann nicht an uns verrechnet werden. <\/p>\n<p> Ersatzteil: f\u00fcr andere Fahrzeugen (Marken) verf\u00fcgbar auf anfrage. Tel.041 980 27 47. Mobil. 076 589 27 47<\/p>\n<p> Kontakt<br \/>\n  Adresse: Autoverwertung Brun AG<br \/>\n           M\u00f6\u00f6slimatten 13<br \/>\n           6218 Ettiswil<br \/>\n  Telefon: 0041 (041) 980 27 47<br \/>\n  Telefax: 0041 (041) 980 03 47<\/p>\n<p> Wir bieten Ihnen weitere gebrauchte Autoteile zum Kauf an.<br \/>\n<\/span><\/p>\n","protected":false},"excerpt":{"rendered":"<p>Technische Daten Fahrzeug: Fiat Doblo Chassis Nr.: ZFA26300006C74920 Baujahr: 2016 Kilometer: 102296 KM Leistung: 90 KW Hubraum: 1598 ccm Typ: 3FC732 Farbcode: White\/Weiss Hinweise: 6&#215;15 ET39 Versand: Versand nur in der Schweiz m\u00f6glich.Im Ausland ist der Transport k\u00e4uferseits. Garantie: 3 Monate Garantie. Bitte beachten Sie, dass die Gew\u00e4hrleistung nur g\u00fcltig ist, wenn der Ersatzteileinbau durch&hellip; <a class=\"more-link\" href=\"https:\/\/occasions-teile.ch\/en\/produkt\/fiat-doblo-stahlfelgen\/\">Continue reading <span class=\"screen-reader-text\">Fiat Doblo  Stahlfelgen<\/span><\/a><\/p>\n","protected":false},"featured_media":243081,"template":"","meta":[],"product_brand":[],"product_cat":[8250,23814,3926,3927,3928,1109,1377,1380,1383,1113,1197,550,1111,556,1195,1196,553,8224,8226,8222],"product_tag":[],"class_list":{"0":"post-243084","1":"product","2":"type-product","3":"status-publish","4":"has-post-thumbnail","6":"product_cat-de-cargo-16d-de_slug_fiat_doblo_249-de_fiat-manufacturer-21","7":"product_cat-de-cargo-16d-de_slug_fiat_doblo_249-de_fiat-manufacturer-36","8":"product_cat-de_slug_fiat_doblo_249","9":"product_cat-en_slug_fiat_doblo_436","10":"product_cat-fr_slug_fiat_doblo_181","11":"product_cat-de-felgeneinzeln","12":"product_cat-de_fiat","13":"product_cat-en_fiat","14":"product_cat-fr_fiat","15":"product_cat-fr-jantes-seules","16":"product_cat-fr-jantes-en-acier","17":"product_cat-de-raeder-reifen-felgen","18":"product_cat-en-rimssingle","19":"product_cat-fr-roues-pneus-jantes","20":"product_cat-de-stahlfelgen","21":"product_cat-en-steel-rims","22":"product_cat-en-wheels-tires-rims","23":"product_cat-en-zfa26300006c74920-200000251","24":"product_cat-fr-zfa26300006c74920-200000251","25":"product_cat-de-zfa26300006c74920-200000251","26":"product_shipping_class-tarif-2","27":"entry","29":"first","30":"instock","31":"taxable","32":"shipping-taxable","33":"purchasable","34":"product-type-simple"},"jetpack_sharing_enabled":true,"_links":{"self":[{"href":"https:\/\/occasions-teile.ch\/en\/wp-json\/wp\/v2\/product\/243084","targetHints":{"allow":["GET"]}}],"collection":[{"href":"https:\/\/occasions-teile.ch\/en\/wp-json\/wp\/v2\/product"}],"about":[{"href":"https:\/\/occasions-teile.ch\/en\/wp-json\/wp\/v2\/types\/product"}],"wp:featuredmedia":[{"embeddable":true,"href":"https:\/\/occasions-teile.ch\/en\/wp-json\/wp\/v2\/media\/243081"}],"wp:attachment":[{"href":"https:\/\/occasions-teile.ch\/en\/wp-json\/wp\/v2\/media?parent=243084"}],"wp:term":[{"taxonomy":"product_brand","embeddable":true,"href":"https:\/\/occasions-teile.ch\/en\/wp-json\/wp\/v2\/product_brand?post=243084"},{"taxonomy":"product_cat","embeddable":true,"href":"https:\/\/occasions-teile.ch\/en\/wp-json\/wp\/v2\/product_cat?post=243084"},{"taxonomy":"product_tag","embeddable":true,"href":"https:\/\/occasions-teile.ch\/en\/wp-json\/wp\/v2\/product_tag?post=243084"}],"curies":[{"name":"wp","href":"https:\/\/api.w.org\/{rel}","templated":true}]}}